{"id":4937,"date":"2024-11-25T11:43:44","date_gmt":"2024-11-25T11:43:44","guid":{"rendered":"https:\/\/law.webdevbar.com\/?page_id=4937"},"modified":"2025-01-13T19:43:47","modified_gmt":"2025-01-13T19:43:47","slug":"schadensersatzrecht","status":"publish","type":"page","link":"https:\/\/vaic.hr\/de\/schadensersatzrecht\/","title":{"rendered":"Schadensersatzrecht"},"content":{"rendered":"<div class=\"wpb-content-wrapper\"><p>[vc_row content_width=&#8220;grid&#8220; triangle_shape=&#8220;no&#8220; css=&#8220;.vc_custom_1447677425868{padding-top: 70px !important;}&#8220;][vc_column offset=&#8220;vc_col-lg-9 vc_col-md-12&#8243;][vc_empty_space height=&#8220;33px&#8220;]\n<h2 class=\"mkd-custom-font-holder\" style=\"font-size: 20px;line-height: 20px;font-weight: 900;text-align: left;color: #000000\" data-font-size= 20 data-line-height= 20>\n\tEinleitung<\/h2>[vc_empty_space height=&#8220;15px&#8220;][vc_column_text]<\/p>\n<p style=\"font-size: 18px;\">Das Schadensersatzrecht ist entscheidend f\u00fcr den Schutz Ihrer Interessen in F\u00e4llen, in denen Sch\u00e4den durch verschiedene Umst\u00e4nde verursacht werden. Unsere Kanzlei ist auf die rechtliche Unterst\u00fctzung in allen Aspekten im Zusammenhang mit Entsch\u00e4digungen spezialisiert, einschlie\u00dflich Arbeitsunf\u00e4llen, Verkehrsunf\u00e4llen, Vertragsverletzungen und vielen anderen Situationen.<\/p>\n<p>[\/vc_column_text][vc_row_inner css=&#8220;.vc_custom_1447678838422{padding-top: 40px !important;padding-bottom: 10px !important;}&#8220;][vc_column_inner width=&#8220;1\/2&#8243;]\n<h2 class=\"mkd-custom-font-holder\" style=\"font-size: 16px;line-height: 20px;font-weight: 900;color: #000000\" data-font-size= 16 data-line-height= 20>\n\t<\/h2>[vc_empty_space height=&#8220;20px&#8220;]<div class=\"mkd-icon-list-item\">\n\t<div class=\"mkd-icon-list-icon-holder\">\n        <div class=\"mkd-icon-list-icon-holder-inner clearfix\" data-icon-size=18>\n\t\t\t<span aria-hidden=\"true\" class=\"mkd-icon-font-elegant icon_check \" style=\"color:#c18f59;font-size:18px\" ><\/span>\t\t<\/div>\n\t<\/div>\n\t<p class=\"mkd-icon-list-text\" style=\"color:#6a6a6a;font-size:18px;text-transform:none;font-weight:400\" data-title-size=18> Arten von Sch\u00e4den<\/p>\n<\/div>[vc_empty_space height=&#8220;6px&#8220;]<div class=\"mkd-icon-list-item\">\n\t<div class=\"mkd-icon-list-icon-holder\">\n        <div class=\"mkd-icon-list-icon-holder-inner clearfix\" data-icon-size=18>\n\t\t\t<span aria-hidden=\"true\" class=\"mkd-icon-font-elegant icon_check \" style=\"color:#c18f59;font-size:18px\" ><\/span>\t\t<\/div>\n\t<\/div>\n\t<p class=\"mkd-icon-list-text\" style=\"color:#6a6a6a;font-size:18px;text-transform:none;font-weight:400\" data-title-size=18> Schadenversicherung<\/p>\n<\/div>[vc_empty_space height=&#8220;6px&#8220;]<div class=\"mkd-icon-list-item\">\n\t<div class=\"mkd-icon-list-icon-holder\">\n        <div class=\"mkd-icon-list-icon-holder-inner clearfix\" data-icon-size=18>\n\t\t\t<span aria-hidden=\"true\" class=\"mkd-icon-font-elegant icon_check \" style=\"color:#c18f59;font-size:18px\" ><\/span>\t\t<\/div>\n\t<\/div>\n\t<p class=\"mkd-icon-list-text\" style=\"color:#6a6a6a;font-size:18px;text-transform:none;font-weight:400\" data-title-size=18> Medizinische Haftung<\/p>\n<\/div>[vc_empty_space height=&#8220;6px&#8220;]<div class=\"mkd-icon-list-item\">\n\t<div class=\"mkd-icon-list-icon-holder\">\n        <div class=\"mkd-icon-list-icon-holder-inner clearfix\" data-icon-size=18>\n\t\t\t<span aria-hidden=\"true\" class=\"mkd-icon-font-elegant icon_check \" style=\"color:#c18f59;font-size:18px\" ><\/span>\t\t<\/div>\n\t<\/div>\n\t<p class=\"mkd-icon-list-text\" style=\"color:#6a6a6a;font-size:18px;text-transform:none;font-weight:400\" data-title-size=18> Verj\u00e4hrung von Haftungsanspr\u00fcchen<\/p>\n<\/div>[vc_empty_space height=&#8220;6px&#8220;][\/vc_column_inner][vc_column_inner width=&#8220;1\/2&#8243;]\n<h2 class=\"mkd-custom-font-holder\" style=\"font-size: 16px;line-height: 20px;font-weight: 900;color: #000000\" data-font-size= 16 data-line-height= 20>\n\t<\/h2>[vc_empty_space height=&#8220;20px&#8220;]<div class=\"mkd-icon-list-item\">\n\t<div class=\"mkd-icon-list-icon-holder\">\n        <div class=\"mkd-icon-list-icon-holder-inner clearfix\" data-icon-size=18>\n\t\t\t<span aria-hidden=\"true\" class=\"mkd-icon-font-elegant icon_check \" style=\"color:#c18f59;font-size:18px\" ><\/span>\t\t<\/div>\n\t<\/div>\n\t<p class=\"mkd-icon-list-text\" style=\"color:#6a6a6a;font-size:18px;text-transform:none;font-weight:400\" data-title-size=18> Nichtvertragliche Haftung<\/p>\n<\/div>[vc_empty_space height=&#8220;6px&#8220;]<div class=\"mkd-icon-list-item\">\n\t<div class=\"mkd-icon-list-icon-holder\">\n        <div class=\"mkd-icon-list-icon-holder-inner clearfix\" data-icon-size=18>\n\t\t\t<span aria-hidden=\"true\" class=\"mkd-icon-font-elegant icon_check \" style=\"color:#c18f59;font-size:18px\" ><\/span>\t\t<\/div>\n\t<\/div>\n\t<p class=\"mkd-icon-list-text\" style=\"color:#6a6a6a;font-size:18px;text-transform:none;font-weight:400\" data-title-size=18> Produkthaftung<\/p>\n<\/div>[vc_empty_space height=&#8220;6px&#8220;]<div class=\"mkd-icon-list-item\">\n\t<div class=\"mkd-icon-list-icon-holder\">\n        <div class=\"mkd-icon-list-icon-holder-inner clearfix\" data-icon-size=18>\n\t\t\t<span aria-hidden=\"true\" class=\"mkd-icon-font-elegant icon_check \" style=\"color:#c18f59;font-size:18px\" ><\/span>\t\t<\/div>\n\t<\/div>\n\t<p class=\"mkd-icon-list-text\" style=\"color:#6a6a6a;font-size:18px;text-transform:none;font-weight:400\" data-title-size=18> Umweltsch\u00e4den<\/p>\n<\/div>[vc_empty_space height=&#8220;6px&#8220;]<div class=\"mkd-icon-list-item\">\n\t<div class=\"mkd-icon-list-icon-holder\">\n        <div class=\"mkd-icon-list-icon-holder-inner clearfix\" data-icon-size=18>\n\t\t\t<span aria-hidden=\"true\" class=\"mkd-icon-font-elegant icon_check \" style=\"color:#c18f59;font-size:18px\" ><\/span>\t\t<\/div>\n\t<\/div>\n\t<p class=\"mkd-icon-list-text\" style=\"color:#6a6a6a;font-size:18px;text-transform:none;font-weight:400\" data-title-size=18> Haftpflichtversicherung<\/p>\n<\/div>[vc_empty_space height=&#8220;6px&#8220;][\/vc_column_inner][\/vc_row_inner][vc_row_inner css=&#8220;.vc_custom_1447678838422{padding-top: 40px !important;padding-bottom: 10px !important;}&#8220;][vc_column_inner][vc_empty_space height=&#8220;20px&#8220;][vc_column_text]<\/p>\n<p style=\"font-size: 18px;\"><strong>Arten von Sch\u00e4den:<\/strong> Wir beraten und vertreten Sie in allen Streitigkeiten bez\u00fcglich Entsch\u00e4digungsanspr\u00fcchen, unabh\u00e4ngig davon, ob der Schaden am Arbeitsplatz, durch einen Verkehrsunfall oder aufgrund einer Vertragsverletzung entstanden ist.<\/p>\n<p>[\/vc_column_text][vc_empty_space height=&#8220;10px&#8220;][vc_column_text]<\/p>\n<p style=\"font-size: 18px;\"><strong>Nichtvertragliche Haftung:<\/strong> Wenn ein Schaden au\u00dferhalb der vertraglichen Beziehungen entsteht, helfen wir Ihnen, Ihr Recht auf Entsch\u00e4digung auf der Grundlage der nichtvertraglichen Haftung geltend zu machen, einschlie\u00dflich Sch\u00e4den, die durch Fahrl\u00e4ssigkeit oder Unterlassung verursacht wurden.<\/p>\n<p>[\/vc_column_text][vc_empty_space height=&#8220;10px&#8220;][vc_column_text]<\/p>\n<p style=\"font-size: 18px;\"><strong>Schadenversicherung:<\/strong> Wir beraten Sie \u00fcber Ihre Rechte und Pflichten im Zusammenhang mit der Schadenversicherung, einschlie\u00dflich der Pr\u00fcfung von Versicherungsvertr\u00e4gen, um Ihren ausreichenden Schutz sicherzustellen.<\/p>\n<p>[\/vc_column_text][vc_empty_space height=&#8220;10px&#8220;][vc_column_text]<\/p>\n<p style=\"font-size: 18px;\"><strong>Produkthaftung:<\/strong> Wenn Sie durch fehlerhafte Produkte Schaden erlitten haben, unterst\u00fctzt Sie unser Team bei der Geltendmachung Ihres Rechts auf Entsch\u00e4digung auf Basis der Produkthaftung.<\/p>\n<p>[\/vc_column_text][vc_empty_space height=&#8220;10px&#8220;][vc_column_text]<\/p>\n<p style=\"font-size: 18px;\"><strong>Medizinische Haftung:<\/strong> Im Falle von Behandlungsfehlern, die zu Sch\u00e4den f\u00fchren, bieten wir rechtliche Unterst\u00fctzung bei der Durchsetzung von Entsch\u00e4digungen im Bereich der medizinischen Haftung.<\/p>\n<p>[\/vc_column_text][vc_empty_space height=&#8220;10px&#8220;][vc_column_text]<\/p>\n<p style=\"font-size: 18px;\"><strong>Umweltsch\u00e4den:<\/strong> In F\u00e4llen, in denen Umweltsch\u00e4den eingetreten sind, leisten wir rechtliche Hilfe bei der Durchf\u00fchrung von Verfahren zur Entsch\u00e4digung und der Sicherstellung des Umweltschutzes.<\/p>\n<p>[\/vc_column_text][vc_empty_space height=&#8220;10px&#8220;][vc_column_text]<\/p>\n<p style=\"font-size: 18px;\"><strong>Verj\u00e4hrung von Haftungsanspr\u00fcchen:<\/strong> Wir helfen Ihnen, die Verj\u00e4hrungsfristen und rechtlichen Strategien zu verstehen, um Ihre Rechte auf Entsch\u00e4digung zu wahren und sicherzustellen, dass Ihre Anspr\u00fcche rechtzeitig und erfolgreich durchgesetzt werden.<\/p>\n<p>[\/vc_column_text][vc_empty_space height=&#8220;10px&#8220;][vc_column_text]<\/p>\n<p style=\"font-size: 18px;\"><strong>Haftpflichtversicherung:<\/strong> Wir beraten Sie \u00fcber Haftpflichtversicherungen, um einen ausreichenden Schutz im Falle eines Schadens zu gew\u00e4hrleisten.<\/p>\n<p>[\/vc_column_text][vc_empty_space height=&#8220;10px&#8220;][\/vc_column_inner][\/vc_row_inner]\n<h2 class=\"mkd-custom-font-holder\" style=\"font-size: 20px;line-height: 20px;font-weight: 900;color: #000000\" data-font-size= 20 data-line-height= 20>\n\tSchlussfolgerung<\/h2>[vc_empty_space height=&#8220;15px&#8220;][vc_column_text]<\/p>\n<p style=\"font-size: 18px;\">Unsere Kanzlei setzt sich daf\u00fcr ein, Ihre Rechte auf Entsch\u00e4digung in allen relevanten Situationen zu sch\u00fctzen. Ob der Schaden durch einen Arbeitsunfall, einen Verkehrsunfall, eine Vertragsverletzung oder eine andere Umstand verursacht wurde, unser Team bietet Ihnen fachkundige und effektive rechtliche Unterst\u00fctzung.<\/p>\n<p>[\/vc_column_text][vc_empty_space height=&#8220;15px&#8220;]<div class=\"mkd-separator-holder clearfix  mkd-separator-center\" style=\"height: 10px\">\n\t<div class=\"mkd-separator\" style=\"border-color: #c18f59;width: 100%;border-bottom-width: 10pxpx\"><\/div>\n<\/div>\n\n<h2 class=\"mkd-custom-font-holder\" style=\"font-size: 25px;font-weight: 400;text-align: left;color: #000000\" data-font-size= 25px>\n\tH\u00e4ufig gestellte Fragen<\/h2>[vc_empty_space height=&#8220;25px&#8220;]<div class=\"mkd-accordion-holder clearfix mkd-accordion mkd-initial \">\n\t<h6 class=\"clearfix mkd-title-holder\">\n\t<span class=\"mkd-accordion-mark mkd-left-mark\">\n\t\t<span class=\"mkd-accordion-mark-icon\">\n\t\t\t<i class=\"icon-arrow-down-circle\"><\/i>\n\t\t<\/span>\n\t<\/span>\n\t<span class=\"mkd-tab-title\" style=\"padding: 13px 0\">\n\t\t<span class=\"mkd-tab-title-inner\">\n\t\t\tWie wird die finanzielle Entsch\u00e4digung f\u00fcr Sch\u00e4den berechnet?\t\t<\/span>\n\t<\/span>\n<\/h6><div class=\"mkd-accordion-content\">\n\t<div class=\"mkd-accordion-content-inner\" style=\"padding: 11px 15px 20px 15px\">\n\t\t[vc_column_text]Finanzielle Entsch\u00e4digung f\u00fcr Sch\u00e4den umfasst den Betrag, der k\u00f6rperliche, materielle und emotionale Sch\u00e4den abdeckt, und kann medizinische Ausgaben, entgangenes Einkommen und Entsch\u00e4digung f\u00fcr Schmerz und Leid einschlie\u00dfen.[\/vc_column_text]\t<\/div>\n<\/div>\n<h6 class=\"clearfix mkd-title-holder\">\n\t<span class=\"mkd-accordion-mark mkd-left-mark\">\n\t\t<span class=\"mkd-accordion-mark-icon\">\n\t\t\t<i class=\"icon-arrow-down-circle\"><\/i>\n\t\t<\/span>\n\t<\/span>\n\t<span class=\"mkd-tab-title\" style=\"padding: 13px 0\">\n\t\t<span class=\"mkd-tab-title-inner\">\n\t\t\tWas ist Haftpflichtversicherung?\t\t<\/span>\n\t<\/span>\n<\/h6><div class=\"mkd-accordion-content\">\n\t<div class=\"mkd-accordion-content-inner\" style=\"padding: 11px 15px 20px 15px\">\n\t\t[vc_column_text]Die Haftpflichtversicherung deckt das Risiko der Verpflichtung zur Entsch\u00e4digung einer dritten Person f\u00fcr Sch\u00e4den, die aus einem Ereignis resultieren, f\u00fcr das die versicherte Person verantwortlich ist.[\/vc_column_text]\t<\/div>\n<\/div>\n<h6 class=\"clearfix mkd-title-holder\">\n\t<span class=\"mkd-accordion-mark mkd-left-mark\">\n\t\t<span class=\"mkd-accordion-mark-icon\">\n\t\t\t<i class=\"icon-arrow-down-circle\"><\/i>\n\t\t<\/span>\n\t<\/span>\n\t<span class=\"mkd-tab-title\" style=\"padding: 13px 0\">\n\t\t<span class=\"mkd-tab-title-inner\">\n\t\t\tWie lange betr\u00e4gt die Verj\u00e4hrungsfrist f\u00fcr die Geltendmachung von Entsch\u00e4digungen?\t\t<\/span>\n\t<\/span>\n<\/h6><div class=\"mkd-accordion-content\">\n\t<div class=\"mkd-accordion-content-inner\" style=\"padding: 11px 15px 20px 15px\">\n\t\t[vc_column_text]Das Gesetz \u00fcber die zivilrechtlichen Verpflichtungen regelt zwei Arten von Verj\u00e4hrungsfristen f\u00fcr Entsch\u00e4digungen. Die erste, eine subjektive Frist, betr\u00e4gt 3 Jahre ab dem Moment, in dem die gesch\u00e4digte Partei von dem Schaden und der Person, die ihn verursacht hat, Kenntnis erlangt. Die zweite, eine objektive Frist, betr\u00e4gt 5 Jahre ab dem Eintritt des Schadens. Es ist wichtig zu beachten, dass es Ausnahmen von dieser Regel gibt, bei denen die Verj\u00e4hrungsfrist k\u00fcrzer oder l\u00e4nger sein kann als vorgeschrieben (z. B. bei Sch\u00e4den, die durch eine Straftat verursacht wurden, eine einj\u00e4hrige Verj\u00e4hrungsfrist in bestimmten F\u00e4llen, Verj\u00e4hrungsfristen in Versicherungsvertr\u00e4gen, Verj\u00e4hrungsfristen, wenn ein Anspruch vor Gericht oder einer anderen zust\u00e4ndigen Beh\u00f6rde geltend gemacht wird).[\/vc_column_text]\t<\/div>\n<\/div>\n<\/div>[vc_empty_space height=&#8220;70px&#8220;]\n\n\t<div class=\"mkd-call-to-action with-icon\" style=\"background-color: #f2f2f2;border: 1px solid #d8d8d8;\">\n\n\t\t\t\t\t<div class=\"mkd-call-to-action-row-66-33 clearfix\" style=\"padding: 2%;\">\n\t\t\n\t\t\t\t<div class=\"mkd-text-wrapper mkd-call-to-action-column1 mkd-call-to-action-cell\">\n\n\t\t\t\t\t\t\t\t\t<div class=\"mkd-call-to-action-icon-holder\">\n\t\t\t\t\t\t<div class=\"mkd-call-to-action-icon\">\n\t\t\t\t\t\t\t<div class=\"mkd-call-to-action-icon-inner\">\n\t\t\t\t\t\t\t\t<i class=\"mkd-icon-simple-line-icon icon-globe \" style=\"font-size: 33px; ;color: #c18f59; \" ><\/i>\t\t\t\t\t\t\t<\/div>\n\t\t\t\t\t\t<\/div>\n\t\t\t\t\t<\/div>\n\t\t\t\t\n\t\t\t\t\t<div class=\"mkd-call-to-action-text\" >\n\t\t\t\t\t\t<h3><span style=\"color: #222222;\">Brauchen Sie Hilfe bei rechtlichen Angelegenheiten? Kontaktieren Sie uns jetzt.<\/span><\/h3>\n\t\t\t\t\t<\/div>\n\n\t\t\t\t<\/div>\n\n\t\t\t\t\n\t\t\t\t\t<div class=\"mkd-button-wrapper mkd-call-to-action-column2 mkd-call-to-action-cell\" style =\"text-align: right ;\">\n\n\t\t\t\t\t\t<a href=\"\/de\/kontakt\/\" target=\"_self\" style=\"background-color: #3e475d\" class=\"mkd-btn mkd-btn-medium mkd-btn-solid mkd-btn-icon\"  >    <span class=\"mkd-btn-text\"  >Kontaktieren Sie uns jetzt<\/span><span class=\"mkd-btn-icon-holder\">            <span aria-hidden=\"true\" class=\"mkd-icon-font-elegant arrow_carrot-right mkd-btn-icon-elem\" ><\/span>            <span aria-hidden=\"true\" class=\"mkd-icon-font-elegant arrow_carrot-right mkd-btn-icon-elem\" ><\/span>        <\/span>    <\/a>\n\t\t\t\t\t<\/div>\n\n\t\t\t\t\n\t\t\t<\/div>\n\n\t\t\n\t<\/div>\n\n[vc_empty_space height=&#8220;70px&#8220;][\/vc_column][vc_column width=&#8220;1\/2&#8243; offset=&#8220;vc_col-lg-offset-0 vc_col-lg-3 vc_col-md-offset-3 vc_col-md-6 vc_col-sm-offset-3&#8243; css=&#8220;.vc_custom_1448019881202{padding-right: 0px !important;padding-left: 0px !important;}&#8220;]<div class=\"mkd-elements-holder mkd-responsive-mode-768\" ><div class=\"mkd-elements-holder-item mkd-horizontal-alignment-left\" >\n\t<div class=\"mkd-elements-holder-item-inner\">\n\t\t<div class=\"mkd-elements-holder-item-content mkd-elements-holder-custom-888207\" style=\"padding: 0px 15px\">\n\t\t\t\t\t\t[vc_widget_sidebar sidebar_id=&#8220;practice-areas&#8220;]\t\t<\/div>\n\t<\/div>\n<\/div><\/div>[vc_empty_space height=&#8220;70px&#8220;][\/vc_column][\/vc_row][vc_row triangle_shape=&#8220;no&#8220;][vc_column][vc_row_inner][vc_column_inner][\/vc_column_inner][\/vc_row_inner][\/vc_column][\/vc_row]<\/p>\n<\/div>","protected":false},"excerpt":{"rendered":"<p>[vc_row content_width=&#8220;grid&#8220; triangle_shape=&#8220;no&#8220; css=&#8220;.vc_custom_1447677425868{padding-top: 70px !important;}&#8220;][vc_column offset=&#8220;vc_col-lg-9 vc_col-md-12&#8243;][vc_empty_space height=&#8220;33px&#8220;][vc_empty_space height=&#8220;15px&#8220;][vc_column_text] Das Schadensersatzrecht ist entscheidend f\u00fcr den Schutz Ihrer Interessen in F\u00e4llen, in denen Sch\u00e4den durch verschiedene Umst\u00e4nde verursacht werden. Unsere Kanzlei ist auf die rechtliche Unterst\u00fctzung in allen Aspekten im Zusammenhang mit Entsch\u00e4digungen spezialisiert, einschlie\u00dflich Arbeitsunf\u00e4llen, Verkehrsunf\u00e4llen, Vertragsverletzungen und vielen anderen Situationen. [\/vc_column_text][vc_row_inner css=&#8220;.vc_custom_1447678838422{padding-top: 40px !important;padding-bottom: 10px !important;}&#8220;][vc_column_inner width=&#8220;1\/2&#8243;][vc_empty_space height=&#8220;20px&#8220;][vc_empty_space height=&#8220;6px&#8220;][vc_empty_space height=&#8220;6px&#8220;][vc_empty_space height=&#8220;6px&#8220;][vc_empty_space height=&#8220;6px&#8220;][\/vc_column_inner][vc_column_inner width=&#8220;1\/2&#8243;][vc_empty_space height=&#8220;20px&#8220;][vc_empty_space height=&#8220;6px&#8220;][vc_empty_space height=&#8220;6px&#8220;][vc_empty_space height=&#8220;6px&#8220;][vc_empty_space height=&#8220;6px&#8220;][\/vc_column_inner][\/vc_row_inner][vc_row_inner css=&#8220;.vc_custom_1447678838422{padding-top: 40px !important;padding-bottom: 10px !important;}&#8220;][vc_column_inner][vc_empty_space height=&#8220;20px&#8220;][vc_column_text] Arten von Sch\u00e4den: Wir beraten und vertreten Sie in allen Streitigkeiten bez\u00fcglich Entsch\u00e4digungsanspr\u00fcchen, unabh\u00e4ngig davon, ob der Schaden am Arbeitsplatz, durch einen Verkehrsunfall oder&#8230;<\/p>\n","protected":false},"author":2,"featured_media":0,"parent":0,"menu_order":0,"comment_status":"closed","ping_status":"closed","template":"full-width.php","meta":{"footnotes":""},"class_list":["post-4937","page","type-page","status-publish","hentry"],"yoast_head":"<!-- This site is optimized with the Yoast SEO plugin v26.6 - https:\/\/yoast.com\/wordpress\/plugins\/seo\/ -->\n<title>Schadensersatzrecht | Rijeka, Kroatien | Vaic &amp; Dvornicic<\/title>\n<meta name=\"description\" content=\"Anw\u00e4lte f\u00fcr Schadensersatzrecht in Kroatien. Durchsetzung von Schadenersatzanspr\u00fcchen bei Personen- und Verm\u00f6genssch\u00e4den\" \/>\n<meta name=\"robots\" content=\"index, follow, max-snippet:-1, max-image-preview:large, max-video-preview:-1\" \/>\n<link rel=\"canonical\" href=\"https:\/\/vaic.hr\/de\/schadensersatzrecht\/\" \/>\n<meta property=\"og:locale\" content=\"de_DE\" \/>\n<meta property=\"og:type\" content=\"article\" \/>\n<meta property=\"og:title\" content=\"Schadensersatzrecht | Rijeka, Kroatien | Vaic &amp; Dvornicic\" \/>\n<meta property=\"og:description\" content=\"Anw\u00e4lte f\u00fcr Schadensersatzrecht in Kroatien. Durchsetzung von Schadenersatzanspr\u00fcchen bei Personen- und Verm\u00f6genssch\u00e4den\" \/>\n<meta property=\"og:url\" content=\"https:\/\/vaic.hr\/de\/schadensersatzrecht\/\" \/>\n<meta property=\"og:site_name\" content=\"Anwaltsgesellschaft Vai\u0107 &amp; Dvorni\u010di\u0107 G. m. b. H.\" \/>\n<meta property=\"article:modified_time\" content=\"2025-01-13T19:43:47+00:00\" \/>\n<meta name=\"twitter:card\" content=\"summary_large_image\" \/>\n<meta name=\"twitter:label1\" content=\"Gesch\u00e4tzte Lesezeit\" \/>\n\t<meta name=\"twitter:data1\" content=\"4\u00a0Minuten\" \/>\n<script type=\"application\/ld+json\" class=\"yoast-schema-graph\">{\"@context\":\"https:\/\/schema.org\",\"@graph\":[{\"@type\":\"WebPage\",\"@id\":\"https:\/\/vaic.hr\/de\/schadensersatzrecht\/\",\"url\":\"https:\/\/vaic.hr\/de\/schadensersatzrecht\/\",\"name\":\"Schadensersatzrecht | Rijeka, Kroatien | Vaic & Dvornicic\",\"isPartOf\":{\"@id\":\"https:\/\/vaic.hr\/de\/#website\"},\"datePublished\":\"2024-11-25T11:43:44+00:00\",\"dateModified\":\"2025-01-13T19:43:47+00:00\",\"description\":\"Anw\u00e4lte f\u00fcr Schadensersatzrecht in Kroatien. Durchsetzung von Schadenersatzanspr\u00fcchen bei Personen- und Verm\u00f6genssch\u00e4den\",\"breadcrumb\":{\"@id\":\"https:\/\/vaic.hr\/de\/schadensersatzrecht\/#breadcrumb\"},\"inLanguage\":\"de\",\"potentialAction\":[{\"@type\":\"ReadAction\",\"target\":[\"https:\/\/vaic.hr\/de\/schadensersatzrecht\/\"]}]},{\"@type\":\"BreadcrumbList\",\"@id\":\"https:\/\/vaic.hr\/de\/schadensersatzrecht\/#breadcrumb\",\"itemListElement\":[{\"@type\":\"ListItem\",\"position\":1,\"name\":\"Po\u010detna stranica\",\"item\":\"https:\/\/vaic.hr\/de\/\"},{\"@type\":\"ListItem\",\"position\":2,\"name\":\"Schadensersatzrecht\"}]},{\"@type\":\"WebSite\",\"@id\":\"https:\/\/vaic.hr\/de\/#website\",\"url\":\"https:\/\/vaic.hr\/de\/\",\"name\":\"Anwaltsgesellschaft Vai\u0107 &amp; Dvorni\u010di\u0107 G. m. b. H.\",\"description\":\"Pravno savjetovanje i zastupanje od 1938.g. u Republici Hrvatsko\",\"potentialAction\":[{\"@type\":\"SearchAction\",\"target\":{\"@type\":\"EntryPoint\",\"urlTemplate\":\"https:\/\/vaic.hr\/de\/?s={search_term_string}\"},\"query-input\":{\"@type\":\"PropertyValueSpecification\",\"valueRequired\":true,\"valueName\":\"search_term_string\"}}],\"inLanguage\":\"de\"}]}<\/script>\n<!-- \/ Yoast SEO plugin. -->","yoast_head_json":{"title":"Schadensersatzrecht | Rijeka, Kroatien | Vaic & Dvornicic","description":"Anw\u00e4lte f\u00fcr Schadensersatzrecht in Kroatien. Durchsetzung von Schadenersatzanspr\u00fcchen bei Personen- und Verm\u00f6genssch\u00e4den","robots":{"index":"index","follow":"follow","max-snippet":"max-snippet:-1","max-image-preview":"max-image-preview:large","max-video-preview":"max-video-preview:-1"},"canonical":"https:\/\/vaic.hr\/de\/schadensersatzrecht\/","og_locale":"de_DE","og_type":"article","og_title":"Schadensersatzrecht | Rijeka, Kroatien | Vaic & Dvornicic","og_description":"Anw\u00e4lte f\u00fcr Schadensersatzrecht in Kroatien. Durchsetzung von Schadenersatzanspr\u00fcchen bei Personen- und Verm\u00f6genssch\u00e4den","og_url":"https:\/\/vaic.hr\/de\/schadensersatzrecht\/","og_site_name":"Anwaltsgesellschaft Vai\u0107 &amp; Dvorni\u010di\u0107 G. m. b. H.","article_modified_time":"2025-01-13T19:43:47+00:00","twitter_card":"summary_large_image","twitter_misc":{"Gesch\u00e4tzte Lesezeit":"4\u00a0Minuten"},"schema":{"@context":"https:\/\/schema.org","@graph":[{"@type":"WebPage","@id":"https:\/\/vaic.hr\/de\/schadensersatzrecht\/","url":"https:\/\/vaic.hr\/de\/schadensersatzrecht\/","name":"Schadensersatzrecht | Rijeka, Kroatien | Vaic & Dvornicic","isPartOf":{"@id":"https:\/\/vaic.hr\/de\/#website"},"datePublished":"2024-11-25T11:43:44+00:00","dateModified":"2025-01-13T19:43:47+00:00","description":"Anw\u00e4lte f\u00fcr Schadensersatzrecht in Kroatien. Durchsetzung von Schadenersatzanspr\u00fcchen bei Personen- und Verm\u00f6genssch\u00e4den","breadcrumb":{"@id":"https:\/\/vaic.hr\/de\/schadensersatzrecht\/#breadcrumb"},"inLanguage":"de","potentialAction":[{"@type":"ReadAction","target":["https:\/\/vaic.hr\/de\/schadensersatzrecht\/"]}]},{"@type":"BreadcrumbList","@id":"https:\/\/vaic.hr\/de\/schadensersatzrecht\/#breadcrumb","itemListElement":[{"@type":"ListItem","position":1,"name":"Po\u010detna stranica","item":"https:\/\/vaic.hr\/de\/"},{"@type":"ListItem","position":2,"name":"Schadensersatzrecht"}]},{"@type":"WebSite","@id":"https:\/\/vaic.hr\/de\/#website","url":"https:\/\/vaic.hr\/de\/","name":"Anwaltsgesellschaft Vai\u0107 &amp; Dvorni\u010di\u0107 G. m. b. H.","description":"Pravno savjetovanje i zastupanje od 1938.g. u Republici Hrvatsko","potentialAction":[{"@type":"SearchAction","target":{"@type":"EntryPoint","urlTemplate":"https:\/\/vaic.hr\/de\/?s={search_term_string}"},"query-input":{"@type":"PropertyValueSpecification","valueRequired":true,"valueName":"search_term_string"}}],"inLanguage":"de"}]}},"_links":{"self":[{"href":"https:\/\/vaic.hr\/de\/wp-json\/wp\/v2\/pages\/4937","targetHints":{"allow":["GET"]}}],"collection":[{"href":"https:\/\/vaic.hr\/de\/wp-json\/wp\/v2\/pages"}],"about":[{"href":"https:\/\/vaic.hr\/de\/wp-json\/wp\/v2\/types\/page"}],"author":[{"embeddable":true,"href":"https:\/\/vaic.hr\/de\/wp-json\/wp\/v2\/users\/2"}],"replies":[{"embeddable":true,"href":"https:\/\/vaic.hr\/de\/wp-json\/wp\/v2\/comments?post=4937"}],"version-history":[{"count":6,"href":"https:\/\/vaic.hr\/de\/wp-json\/wp\/v2\/pages\/4937\/revisions"}],"predecessor-version":[{"id":6094,"href":"https:\/\/vaic.hr\/de\/wp-json\/wp\/v2\/pages\/4937\/revisions\/6094"}],"wp:attachment":[{"href":"https:\/\/vaic.hr\/de\/wp-json\/wp\/v2\/media?parent=4937"}],"curies":[{"name":"wp","href":"https:\/\/api.w.org\/{rel}","templated":true}]}}