{"id":5470,"date":"2015-11-11T13:53:53","date_gmt":"2015-11-11T13:53:53","guid":{"rendered":"https:\/\/law.webdevbar.com\/blog-list-with-right-sidebar\/"},"modified":"2026-03-05T21:49:33","modified_gmt":"2026-03-05T21:49:33","slug":"fachartikel","status":"publish","type":"page","link":"https:\/\/vaic.hr\/de\/fachartikel\/","title":{"rendered":"Rechtliche Artikel"},"content":{"rendered":"","protected":false},"excerpt":{"rendered":"","protected":false},"author":1,"featured_media":0,"parent":0,"menu_order":0,"comment_status":"closed","ping_status":"closed","template":"blog-standard.php","meta":{"footnotes":""},"class_list":["post-5470","page","type-page","status-publish","hentry"],"yoast_head":"<!-- This site is optimized with the Yoast SEO plugin v26.6 - https:\/\/yoast.com\/wordpress\/plugins\/seo\/ -->\n<title>Aktuelle Rechtsinformationen | Vaic &amp; Dvornicic<\/title>\n<meta name=\"description\" content=\"Lesen Sie unsere Fachartikel zu aktuellen rechtlichen Themen. Vaic &amp; Dvornicic informiert Sie \u00fcber verschiedene Rechtliche Fragen\" \/>\n<meta name=\"robots\" content=\"index, follow, max-snippet:-1, max-image-preview:large, max-video-preview:-1\" \/>\n<link rel=\"canonical\" href=\"https:\/\/vaic.hr\/de\/fachartikel\/\" \/>\n<meta property=\"og:locale\" content=\"de_DE\" \/>\n<meta property=\"og:type\" content=\"article\" \/>\n<meta property=\"og:title\" content=\"Aktuelle Rechtsinformationen | Vaic &amp; Dvornicic\" \/>\n<meta property=\"og:description\" content=\"Lesen Sie unsere Fachartikel zu aktuellen rechtlichen Themen. Vaic &amp; Dvornicic informiert Sie \u00fcber verschiedene Rechtliche Fragen\" \/>\n<meta property=\"og:url\" content=\"https:\/\/vaic.hr\/de\/fachartikel\/\" \/>\n<meta property=\"og:site_name\" content=\"Anwaltsgesellschaft Vai\u0107 &amp; Dvorni\u010di\u0107 G. m. b. H.\" \/>\n<meta property=\"article:modified_time\" content=\"2026-03-05T21:49:33+00:00\" \/>\n<meta name=\"twitter:card\" content=\"summary_large_image\" \/>\n<script type=\"application\/ld+json\" class=\"yoast-schema-graph\">{\"@context\":\"https:\/\/schema.org\",\"@graph\":[{\"@type\":\"WebPage\",\"@id\":\"https:\/\/vaic.hr\/de\/fachartikel\/\",\"url\":\"https:\/\/vaic.hr\/de\/fachartikel\/\",\"name\":\"Aktuelle Rechtsinformationen | Vaic & Dvornicic\",\"isPartOf\":{\"@id\":\"https:\/\/vaic.hr\/de\/#website\"},\"datePublished\":\"2015-11-11T13:53:53+00:00\",\"dateModified\":\"2026-03-05T21:49:33+00:00\",\"description\":\"Lesen Sie unsere Fachartikel zu aktuellen rechtlichen Themen. Vaic & Dvornicic informiert Sie \u00fcber verschiedene Rechtliche Fragen\",\"breadcrumb\":{\"@id\":\"https:\/\/vaic.hr\/de\/fachartikel\/#breadcrumb\"},\"inLanguage\":\"de\",\"potentialAction\":[{\"@type\":\"ReadAction\",\"target\":[\"https:\/\/vaic.hr\/de\/fachartikel\/\"]}]},{\"@type\":\"BreadcrumbList\",\"@id\":\"https:\/\/vaic.hr\/de\/fachartikel\/#breadcrumb\",\"itemListElement\":[{\"@type\":\"ListItem\",\"position\":1,\"name\":\"Po\u010detna stranica\",\"item\":\"https:\/\/vaic.hr\/de\/\"},{\"@type\":\"ListItem\",\"position\":2,\"name\":\"Rechtliche Artikel\"}]},{\"@type\":\"WebSite\",\"@id\":\"https:\/\/vaic.hr\/de\/#website\",\"url\":\"https:\/\/vaic.hr\/de\/\",\"name\":\"Anwaltsgesellschaft Vai\u0107 &amp; Dvorni\u010di\u0107 G. m. b. H.\",\"description\":\"Pravno savjetovanje i zastupanje od 1938.g. u Republici Hrvatsko\",\"potentialAction\":[{\"@type\":\"SearchAction\",\"target\":{\"@type\":\"EntryPoint\",\"urlTemplate\":\"https:\/\/vaic.hr\/de\/?s={search_term_string}\"},\"query-input\":{\"@type\":\"PropertyValueSpecification\",\"valueRequired\":true,\"valueName\":\"search_term_string\"}}],\"inLanguage\":\"de\"}]}<\/script>\n<!-- \/ Yoast SEO plugin. -->","yoast_head_json":{"title":"Aktuelle Rechtsinformationen | Vaic & Dvornicic","description":"Lesen Sie unsere Fachartikel zu aktuellen rechtlichen Themen. Vaic & Dvornicic informiert Sie \u00fcber verschiedene Rechtliche Fragen","robots":{"index":"index","follow":"follow","max-snippet":"max-snippet:-1","max-image-preview":"max-image-preview:large","max-video-preview":"max-video-preview:-1"},"canonical":"https:\/\/vaic.hr\/de\/fachartikel\/","og_locale":"de_DE","og_type":"article","og_title":"Aktuelle Rechtsinformationen | Vaic & Dvornicic","og_description":"Lesen Sie unsere Fachartikel zu aktuellen rechtlichen Themen. Vaic & Dvornicic informiert Sie \u00fcber verschiedene Rechtliche Fragen","og_url":"https:\/\/vaic.hr\/de\/fachartikel\/","og_site_name":"Anwaltsgesellschaft Vai\u0107 &amp; Dvorni\u010di\u0107 G. m. b. H.","article_modified_time":"2026-03-05T21:49:33+00:00","twitter_card":"summary_large_image","schema":{"@context":"https:\/\/schema.org","@graph":[{"@type":"WebPage","@id":"https:\/\/vaic.hr\/de\/fachartikel\/","url":"https:\/\/vaic.hr\/de\/fachartikel\/","name":"Aktuelle Rechtsinformationen | Vaic & Dvornicic","isPartOf":{"@id":"https:\/\/vaic.hr\/de\/#website"},"datePublished":"2015-11-11T13:53:53+00:00","dateModified":"2026-03-05T21:49:33+00:00","description":"Lesen Sie unsere Fachartikel zu aktuellen rechtlichen Themen. Vaic & Dvornicic informiert Sie \u00fcber verschiedene Rechtliche Fragen","breadcrumb":{"@id":"https:\/\/vaic.hr\/de\/fachartikel\/#breadcrumb"},"inLanguage":"de","potentialAction":[{"@type":"ReadAction","target":["https:\/\/vaic.hr\/de\/fachartikel\/"]}]},{"@type":"BreadcrumbList","@id":"https:\/\/vaic.hr\/de\/fachartikel\/#breadcrumb","itemListElement":[{"@type":"ListItem","position":1,"name":"Po\u010detna stranica","item":"https:\/\/vaic.hr\/de\/"},{"@type":"ListItem","position":2,"name":"Rechtliche Artikel"}]},{"@type":"WebSite","@id":"https:\/\/vaic.hr\/de\/#website","url":"https:\/\/vaic.hr\/de\/","name":"Anwaltsgesellschaft Vai\u0107 &amp; Dvorni\u010di\u0107 G. m. b. H.","description":"Pravno savjetovanje i zastupanje od 1938.g. u Republici Hrvatsko","potentialAction":[{"@type":"SearchAction","target":{"@type":"EntryPoint","urlTemplate":"https:\/\/vaic.hr\/de\/?s={search_term_string}"},"query-input":{"@type":"PropertyValueSpecification","valueRequired":true,"valueName":"search_term_string"}}],"inLanguage":"de"}]}},"_links":{"self":[{"href":"https:\/\/vaic.hr\/de\/wp-json\/wp\/v2\/pages\/5470","targetHints":{"allow":["GET"]}}],"collection":[{"href":"https:\/\/vaic.hr\/de\/wp-json\/wp\/v2\/pages"}],"about":[{"href":"https:\/\/vaic.hr\/de\/wp-json\/wp\/v2\/types\/page"}],"author":[{"embeddable":true,"href":"https:\/\/vaic.hr\/de\/wp-json\/wp\/v2\/users\/1"}],"replies":[{"embeddable":true,"href":"https:\/\/vaic.hr\/de\/wp-json\/wp\/v2\/comments?post=5470"}],"version-history":[{"count":1,"href":"https:\/\/vaic.hr\/de\/wp-json\/wp\/v2\/pages\/5470\/revisions"}],"predecessor-version":[{"id":5471,"href":"https:\/\/vaic.hr\/de\/wp-json\/wp\/v2\/pages\/5470\/revisions\/5471"}],"wp:attachment":[{"href":"https:\/\/vaic.hr\/de\/wp-json\/wp\/v2\/media?parent=5470"}],"curies":[{"name":"wp","href":"https:\/\/api.w.org\/{rel}","templated":true}]}}