{"id":5546,"date":"2015-11-17T16:08:53","date_gmt":"2015-11-17T16:08:53","guid":{"rendered":"https:\/\/law.webdevbar.com\/contact-with-google-map\/"},"modified":"2025-01-22T13:06:15","modified_gmt":"2025-01-22T13:06:15","slug":"kontakt","status":"publish","type":"page","link":"https:\/\/vaic.hr\/de\/kontakt\/","title":{"rendered":"Kontaktieren Sie uns"},"content":{"rendered":"<div class=\"wpb-content-wrapper\"><p>[vc_row content_width=&#8220;grid&#8220; triangle_shape=&#8220;no&#8220; css=&#8220;.vc_custom_1447839811894{padding-top: 58px !important;padding-bottom: 23px !important;background-color: #f2f2f2 !important;}&#8220;][vc_column offset=&#8220;vc_col-lg-4 vc_col-md-4&#8243;][vc_column_text]<\/p>\n<h2 style=\"color: black;\">Unsere B\u00fcros<\/h2>\n<p>[\/vc_column_text]<div class=\"mkd-separator-holder clearfix  mkd-separator-center mkd-separator-full-width\" style=\"margin-top: -9px; margin-bottom: 0px; height: 0px\">\n\t<div class=\"mkd-separator\" style=\"border-color: rgba(255,255,255,0.01);border-bottom-width: 0px\"><\/div>\n<\/div>\n[vc_column_text]<\/p>\n<h5>In Kroatien<\/h5>\n<p>[\/vc_column_text][vc_empty_space height=&#8220;20px&#8220;][vc_column_text]<strong>Rechtsanwaltskanzlei in Rijeka<\/strong><br \/>\nKri\u017eani\u0107eva 5<br \/>\n51000 Rijeka<\/p>\n<p>+385 (51) 373 608[\/vc_column_text][vc_empty_space height=&#8220;20px&#8220;][vc_column_text]<strong>Rechtsanwaltskanzlei in Krk<\/strong><br \/>\nSv. Bernardina 6A<br \/>\n51500 Krk<\/p>\n<p>+385 (51) 221 622[\/vc_column_text][vc_empty_space height=&#8220;55px&#8220;][\/vc_column][vc_column offset=&#8220;vc_col-lg-4 vc_col-md-4&#8243;][vc_column_text]<\/p>\n<h2 style=\"color: black;\">Kontaktieren Sie uns jetzt<\/h2>\n<p>[\/vc_column_text]<div class=\"mkd-separator-holder clearfix  mkd-separator-center mkd-separator-full-width\" style=\"margin-top: -9px; margin-bottom: 0px; height: 0px\">\n\t<div class=\"mkd-separator\" style=\"border-color: rgba(255,255,255,0.01);border-bottom-width: 0px\"><\/div>\n<\/div>\n[vc_column_text]<\/p>\n<h5>Schutz der Rechte<\/h5>\n<p>[\/vc_column_text][vc_empty_space height=&#8220;20px&#8220;]\n<div class=\"wpcf7 no-js\" id=\"wpcf7-f5851-o1\" lang=\"en-US\" dir=\"ltr\" data-wpcf7-id=\"5851\">\n<div class=\"screen-reader-response\"><p role=\"status\" aria-live=\"polite\" aria-atomic=\"true\"><\/p> <ul><\/ul><\/div>\n<form action=\"\/de\/wp-json\/wp\/v2\/pages\/5546#wpcf7-f5851-o1\" method=\"post\" class=\"wpcf7-form init cf7_custom_style_1\" aria-label=\"Contact form\" novalidate=\"novalidate\" data-status=\"init\">\n<fieldset class=\"hidden-fields-container\"><input type=\"hidden\" name=\"_wpcf7\" value=\"5851\" \/><input type=\"hidden\" name=\"_wpcf7_version\" value=\"6.1.4\" \/><input type=\"hidden\" name=\"_wpcf7_locale\" value=\"en_US\" \/><input type=\"hidden\" name=\"_wpcf7_unit_tag\" value=\"wpcf7-f5851-o1\" \/><input type=\"hidden\" name=\"_wpcf7_container_post\" value=\"0\" \/><input type=\"hidden\" name=\"_wpcf7_posted_data_hash\" value=\"\" \/>\n<\/fieldset>\n<div class=\"wpcf7-turnstile cf-turnstile\" data-sitekey=\"0x4AAAAAAB8pwEeM6KLMHwLK\" data-response-field-name=\"_wpcf7_turnstile_response\"><\/div>\n\n<p><span class=\"wpcf7-form-control-wrap\" data-name=\"text-185\"><input size=\"40\" maxlength=\"400\" class=\"wpcf7-form-control wpcf7-text wpcf7-validates-as-required\" aria-required=\"true\" aria-invalid=\"false\" placeholder=\"Ihr vollst\u00e4ndiger Name*\" value=\"\" type=\"text\" name=\"text-185\" \/><\/span>\n<\/p>\n<p><span class=\"wpcf7-form-control-wrap\" data-name=\"email-978\"><input size=\"40\" maxlength=\"400\" class=\"wpcf7-form-control wpcf7-email wpcf7-validates-as-required wpcf7-text wpcf7-validates-as-email\" aria-required=\"true\" aria-invalid=\"false\" placeholder=\"Ihre E-Mail-Adresse*\" value=\"\" type=\"email\" name=\"email-978\" \/><\/span>\n<\/p>\n<p><span class=\"wpcf7-form-control-wrap\" data-name=\"textarea-233\"><textarea cols=\"40\" rows=\"10\" maxlength=\"2000\" class=\"wpcf7-form-control wpcf7-textarea\" aria-invalid=\"false\" placeholder=\"Beschreiben Sie kurz Ihren Fall.\" name=\"textarea-233\"><\/textarea><\/span>\n<\/p>\n<p style=\"padding-left: 16px;\"><input class=\"wpcf7-form-control wpcf7-submit has-spinner\" type=\"submit\" value=\"Kontaktieren Sie uns jetzt\" \/>\n<\/p><div class=\"wpcf7-response-output\" aria-hidden=\"true\"><\/div>\n<\/form>\n<\/div>\n[vc_empty_space height=&#8220;55px&#8220;][\/vc_column][vc_column offset=&#8220;vc_col-lg-4 vc_col-md-4&#8243;][vc_column_text]<\/p>\n<h2 style=\"color: black;\">Kontaktieren Sie uns<\/h2>\n<p>[\/vc_column_text]<div class=\"mkd-separator-holder clearfix  mkd-separator-center mkd-separator-full-width\" style=\"margin-top: -9px; margin-bottom: 0px; height: 0px\">\n\t<div class=\"mkd-separator\" style=\"border-color: rgba(255,255,255,0.01);border-bottom-width: 0px\"><\/div>\n<\/div>\n[vc_column_text]<\/p>\n<h5>f\u00fcr Beratung<\/h5>\n<p>[\/vc_column_text][vc_empty_space height=&#8220;14px&#8220;][vc_column_text]Unsere Kanzlei bietet auch flexible Online-Beratungen \u00fcber WhatsApp und Google Meet an \u2013 bequem, schnell und von \u00fcberall aus erreichbar, sodass Sie fachkundige Beratung ganz nach Ihrem Zeitplan erhalten.[\/vc_column_text][vc_empty_space height=&#8220;22px&#8220;][vc_column_text]<span style=\"color: #222222;\">Whatsapp: +385 99 373 6080<\/span>[\/vc_column_text][vc_empty_space height=&#8220;3px&#8220;][vc_column_text]<span style=\"color: #222222;\">Viber: +385 99 373 6080<\/span>[\/vc_column_text][vc_empty_space height=&#8220;3px&#8220;][vc_column_text]<span style=\"color: #222222;\">Email:<\/span> <a href=\"mailto:info@vaic.hr\">info@vaic.hr<\/a>[\/vc_column_text][vc_empty_space height=&#8220;3px&#8220;][vc_column_text]<span style=\"color: #222222;\">Website:<\/span> <span style=\"color: #c18f59;\"><a style=\"color: #c18f59;\" href=\"https:\/\/www.vaic.hr\" target=\"_blank\" rel=\"noopener noreferrer\">www.vaic.hr<\/a><\/span>[\/vc_column_text][vc_empty_space height=&#8220;50px&#8220;]<div class=\"mkd-elements-holder mkd-two-columns mkd-responsive-mode-1280\" ><div class=\"mkd-elements-holder-item mkd-horizontal-alignment-left\" >\n\t<div class=\"mkd-elements-holder-item-inner\">\n\t\t<div class=\"mkd-elements-holder-item-content mkd-elements-holder-custom-834822\" style=\"padding: 0 5px 0 0\">\n\t\t\t\t\t\t<div class=\"mkd-icon-list-item\">\n\t<div class=\"mkd-icon-list-icon-holder\">\n        <div class=\"mkd-icon-list-icon-holder-inner clearfix\" data-icon-size=23>\n\t\t\t<i class=\"mkd-icon-simple-line-icon icon-clock \" style=\"color:#c18f59;font-size:23px\" ><\/i>\t\t<\/div>\n\t<\/div>\n\t<p class=\"mkd-icon-list-text\" style=\"color:#222222;font-size:22px;padding-left:8px;font-weight:100\" data-title-size=22> 08:00-16:00<\/p>\n<\/div>[vc_empty_space height=&#8220;2px&#8220;][vc_column_text]\u00d6ffnungszeiten Mo. &#8211; Fr.[\/vc_column_text][vc_empty_space height=&#8220;30px&#8220;]\t\t<\/div>\n\t<\/div>\n<\/div><div class=\"mkd-elements-holder-item mkd-horizontal-alignment-left\" >\n\t<div class=\"mkd-elements-holder-item-inner\">\n\t\t<div class=\"mkd-elements-holder-item-content mkd-elements-holder-custom-266767\" style=\"padding: 0 5px 0 0\">\n\t\t\t\t\t\t<div class=\"mkd-icon-list-item\">\n\t<div class=\"mkd-icon-list-icon-holder\">\n        <div class=\"mkd-icon-list-icon-holder-inner clearfix\" data-icon-size=23>\n\t\t\t<i class=\"mkd-icon-simple-line-icon icon-earphones-alt \" style=\"color:#c18f59;font-size:23px\" ><\/i>\t\t<\/div>\n\t<\/div>\n\t<p class=\"mkd-icon-list-text\" style=\"color:#222222;font-size:22px;padding-left:8px;font-weight:100\" data-title-size=22> +385 51 373 608<\/p>\n<\/div>[vc_empty_space height=&#8220;2px&#8220;][vc_column_text]Rufen Sie f\u00fcr eine Beratung an[\/vc_column_text][vc_empty_space height=&#8220;30px&#8220;]\t\t<\/div>\n\t<\/div>\n<\/div><\/div>[vc_empty_space height=&#8220;25px&#8220;][\/vc_column][\/vc_row]<\/p>\n<\/div>","protected":false},"excerpt":{"rendered":"<p>[vc_row content_width=&#8220;grid&#8220; triangle_shape=&#8220;no&#8220; css=&#8220;.vc_custom_1447839811894{padding-top: 58px !important;padding-bottom: 23px !important;background-color: #f2f2f2 !important;}&#8220;][vc_column offset=&#8220;vc_col-lg-4 vc_col-md-4&#8243;][vc_column_text] Unsere B\u00fcros [\/vc_column_text][vc_column_text] In Kroatien [\/vc_column_text][vc_empty_space height=&#8220;20px&#8220;][vc_column_text]Rechtsanwaltskanzlei in Rijeka Kri\u017eani\u0107eva 5 51000 Rijeka +385 (51) 373 608[\/vc_column_text][vc_empty_space height=&#8220;20px&#8220;][vc_column_text]Rechtsanwaltskanzlei in Krk Sv. Bernardina 6A 51500 Krk +385 (51) 221 622[\/vc_column_text][vc_empty_space height=&#8220;55px&#8220;][\/vc_column][vc_column offset=&#8220;vc_col-lg-4 vc_col-md-4&#8243;][vc_column_text] Kontaktieren Sie uns jetzt [\/vc_column_text][vc_column_text] Schutz der Rechte [\/vc_column_text][vc_empty_space height=&#8220;20px&#8220;][vc_empty_space height=&#8220;55px&#8220;][\/vc_column][vc_column offset=&#8220;vc_col-lg-4 vc_col-md-4&#8243;][vc_column_text] Kontaktieren Sie uns [\/vc_column_text][vc_column_text] f\u00fcr Beratung [\/vc_column_text][vc_empty_space height=&#8220;14px&#8220;][vc_column_text]Unsere Kanzlei bietet auch flexible Online-Beratungen \u00fcber WhatsApp und Google Meet an \u2013 bequem, schnell und von \u00fcberall aus erreichbar, sodass Sie fachkundige Beratung ganz nach Ihrem Zeitplan erhalten.[\/vc_column_text][vc_empty_space height=&#8220;22px&#8220;][vc_column_text]Whatsapp: +385 99 373 6080[\/vc_column_text][vc_empty_space height=&#8220;3px&#8220;][vc_column_text]Viber: +385&#8230;<\/p>\n","protected":false},"author":1,"featured_media":0,"parent":0,"menu_order":0,"comment_status":"closed","ping_status":"closed","template":"full-width.php","meta":{"footnotes":""},"class_list":["post-5546","page","type-page","status-publish","hentry"],"yoast_head":"<!-- This site is optimized with the Yoast SEO plugin v26.6 - https:\/\/yoast.com\/wordpress\/plugins\/seo\/ -->\n<title>Kontakt | Vaic &amp; Dvornicic | Anwaltskanzlei in Kroatien<\/title>\n<meta name=\"description\" content=\"Nehmen Sie Kontakt mit Vaic &amp; Dvornicic auf. Unsere Kanzleien in Rijeka und Krk stehen Ihnen f\u00fcr kompetente Rechtsberatung zur Verf\u00fcgung\" \/>\n<meta name=\"robots\" content=\"index, follow, max-snippet:-1, max-image-preview:large, max-video-preview:-1\" \/>\n<link rel=\"canonical\" href=\"https:\/\/vaic.hr\/de\/kontakt\/\" \/>\n<meta property=\"og:locale\" content=\"de_DE\" \/>\n<meta property=\"og:type\" content=\"article\" \/>\n<meta property=\"og:title\" content=\"Kontakt | Vaic &amp; Dvornicic | Anwaltskanzlei in Kroatien\" \/>\n<meta property=\"og:description\" content=\"Nehmen Sie Kontakt mit Vaic &amp; Dvornicic auf. Unsere Kanzleien in Rijeka und Krk stehen Ihnen f\u00fcr kompetente Rechtsberatung zur Verf\u00fcgung\" \/>\n<meta property=\"og:url\" content=\"https:\/\/vaic.hr\/de\/kontakt\/\" \/>\n<meta property=\"og:site_name\" content=\"Anwaltsgesellschaft Vai\u0107 &amp; Dvorni\u010di\u0107 G. m. b. H.\" \/>\n<meta property=\"article:modified_time\" content=\"2025-01-22T13:06:15+00:00\" \/>\n<meta name=\"twitter:card\" content=\"summary_large_image\" \/>\n<meta name=\"twitter:label1\" content=\"Gesch\u00e4tzte Lesezeit\" \/>\n\t<meta name=\"twitter:data1\" content=\"1\u00a0Minute\" \/>\n<script type=\"application\/ld+json\" class=\"yoast-schema-graph\">{\"@context\":\"https:\/\/schema.org\",\"@graph\":[{\"@type\":\"WebPage\",\"@id\":\"https:\/\/vaic.hr\/de\/kontakt\/\",\"url\":\"https:\/\/vaic.hr\/de\/kontakt\/\",\"name\":\"Kontakt | Vaic & Dvornicic | Anwaltskanzlei in Kroatien\",\"isPartOf\":{\"@id\":\"https:\/\/vaic.hr\/de\/#website\"},\"datePublished\":\"2015-11-17T16:08:53+00:00\",\"dateModified\":\"2025-01-22T13:06:15+00:00\",\"description\":\"Nehmen Sie Kontakt mit Vaic & Dvornicic auf. Unsere Kanzleien in Rijeka und Krk stehen Ihnen f\u00fcr kompetente Rechtsberatung zur Verf\u00fcgung\",\"breadcrumb\":{\"@id\":\"https:\/\/vaic.hr\/de\/kontakt\/#breadcrumb\"},\"inLanguage\":\"de\",\"potentialAction\":[{\"@type\":\"ReadAction\",\"target\":[\"https:\/\/vaic.hr\/de\/kontakt\/\"]}]},{\"@type\":\"BreadcrumbList\",\"@id\":\"https:\/\/vaic.hr\/de\/kontakt\/#breadcrumb\",\"itemListElement\":[{\"@type\":\"ListItem\",\"position\":1,\"name\":\"Po\u010detna stranica\",\"item\":\"https:\/\/vaic.hr\/de\/\"},{\"@type\":\"ListItem\",\"position\":2,\"name\":\"Kontaktieren Sie uns\"}]},{\"@type\":\"WebSite\",\"@id\":\"https:\/\/vaic.hr\/de\/#website\",\"url\":\"https:\/\/vaic.hr\/de\/\",\"name\":\"Anwaltsgesellschaft Vai\u0107 &amp; Dvorni\u010di\u0107 G. m. b. H.\",\"description\":\"Pravno savjetovanje i zastupanje od 1938.g. u Republici Hrvatsko\",\"potentialAction\":[{\"@type\":\"SearchAction\",\"target\":{\"@type\":\"EntryPoint\",\"urlTemplate\":\"https:\/\/vaic.hr\/de\/?s={search_term_string}\"},\"query-input\":{\"@type\":\"PropertyValueSpecification\",\"valueRequired\":true,\"valueName\":\"search_term_string\"}}],\"inLanguage\":\"de\"}]}<\/script>\n<!-- \/ Yoast SEO plugin. -->","yoast_head_json":{"title":"Kontakt | Vaic & Dvornicic | Anwaltskanzlei in Kroatien","description":"Nehmen Sie Kontakt mit Vaic & Dvornicic auf. Unsere Kanzleien in Rijeka und Krk stehen Ihnen f\u00fcr kompetente Rechtsberatung zur Verf\u00fcgung","robots":{"index":"index","follow":"follow","max-snippet":"max-snippet:-1","max-image-preview":"max-image-preview:large","max-video-preview":"max-video-preview:-1"},"canonical":"https:\/\/vaic.hr\/de\/kontakt\/","og_locale":"de_DE","og_type":"article","og_title":"Kontakt | Vaic & Dvornicic | Anwaltskanzlei in Kroatien","og_description":"Nehmen Sie Kontakt mit Vaic & Dvornicic auf. Unsere Kanzleien in Rijeka und Krk stehen Ihnen f\u00fcr kompetente Rechtsberatung zur Verf\u00fcgung","og_url":"https:\/\/vaic.hr\/de\/kontakt\/","og_site_name":"Anwaltsgesellschaft Vai\u0107 &amp; Dvorni\u010di\u0107 G. m. b. H.","article_modified_time":"2025-01-22T13:06:15+00:00","twitter_card":"summary_large_image","twitter_misc":{"Gesch\u00e4tzte Lesezeit":"1\u00a0Minute"},"schema":{"@context":"https:\/\/schema.org","@graph":[{"@type":"WebPage","@id":"https:\/\/vaic.hr\/de\/kontakt\/","url":"https:\/\/vaic.hr\/de\/kontakt\/","name":"Kontakt | Vaic & Dvornicic | Anwaltskanzlei in Kroatien","isPartOf":{"@id":"https:\/\/vaic.hr\/de\/#website"},"datePublished":"2015-11-17T16:08:53+00:00","dateModified":"2025-01-22T13:06:15+00:00","description":"Nehmen Sie Kontakt mit Vaic & Dvornicic auf. Unsere Kanzleien in Rijeka und Krk stehen Ihnen f\u00fcr kompetente Rechtsberatung zur Verf\u00fcgung","breadcrumb":{"@id":"https:\/\/vaic.hr\/de\/kontakt\/#breadcrumb"},"inLanguage":"de","potentialAction":[{"@type":"ReadAction","target":["https:\/\/vaic.hr\/de\/kontakt\/"]}]},{"@type":"BreadcrumbList","@id":"https:\/\/vaic.hr\/de\/kontakt\/#breadcrumb","itemListElement":[{"@type":"ListItem","position":1,"name":"Po\u010detna stranica","item":"https:\/\/vaic.hr\/de\/"},{"@type":"ListItem","position":2,"name":"Kontaktieren Sie uns"}]},{"@type":"WebSite","@id":"https:\/\/vaic.hr\/de\/#website","url":"https:\/\/vaic.hr\/de\/","name":"Anwaltsgesellschaft Vai\u0107 &amp; Dvorni\u010di\u0107 G. m. b. H.","description":"Pravno savjetovanje i zastupanje od 1938.g. u Republici Hrvatsko","potentialAction":[{"@type":"SearchAction","target":{"@type":"EntryPoint","urlTemplate":"https:\/\/vaic.hr\/de\/?s={search_term_string}"},"query-input":{"@type":"PropertyValueSpecification","valueRequired":true,"valueName":"search_term_string"}}],"inLanguage":"de"}]}},"_links":{"self":[{"href":"https:\/\/vaic.hr\/de\/wp-json\/wp\/v2\/pages\/5546","targetHints":{"allow":["GET"]}}],"collection":[{"href":"https:\/\/vaic.hr\/de\/wp-json\/wp\/v2\/pages"}],"about":[{"href":"https:\/\/vaic.hr\/de\/wp-json\/wp\/v2\/types\/page"}],"author":[{"embeddable":true,"href":"https:\/\/vaic.hr\/de\/wp-json\/wp\/v2\/users\/1"}],"replies":[{"embeddable":true,"href":"https:\/\/vaic.hr\/de\/wp-json\/wp\/v2\/comments?post=5546"}],"version-history":[{"count":5,"href":"https:\/\/vaic.hr\/de\/wp-json\/wp\/v2\/pages\/5546\/revisions"}],"predecessor-version":[{"id":6539,"href":"https:\/\/vaic.hr\/de\/wp-json\/wp\/v2\/pages\/5546\/revisions\/6539"}],"wp:attachment":[{"href":"https:\/\/vaic.hr\/de\/wp-json\/wp\/v2\/media?parent=5546"}],"curies":[{"name":"wp","href":"https:\/\/api.w.org\/{rel}","templated":true}]}}