{"id":5558,"date":"2024-11-25T12:42:34","date_gmt":"2024-11-25T12:42:34","guid":{"rendered":"https:\/\/law.webdevbar.com\/marija-dvornicic-vaic\/"},"modified":"2025-01-20T20:29:47","modified_gmt":"2025-01-20T20:29:47","slug":"marija-dvornicic-vaic","status":"publish","type":"page","link":"https:\/\/vaic.hr\/de\/marija-dvornicic-vaic\/","title":{"rendered":"Marija Dvorni\u010di\u0107 Vai\u0107"},"content":{"rendered":"<div class=\"wpb-content-wrapper\"><p>[vc_row content_width=&#8220;grid&#8220; triangle_shape=&#8220;no&#8220; css=&#8220;.vc_custom_1447677425868{padding-top: 70px !important;}&#8220;][vc_column offset=&#8220;vc_col-lg-9 vc_col-md-12&#8243;]<div class=\"mkd-elements-holder mkd-responsive-mode-768\" ><div class=\"mkd-elements-holder-item mkd-horizontal-alignment-center\" style=\"background-color: #353c4e\">\n\t<div class=\"mkd-elements-holder-item-inner\">\n\t\t<div class=\"mkd-elements-holder-item-content mkd-elements-holder-custom-471037\" style=\"padding: 3% 16%\">\n\t\t\t\t\t\t\n<h2 class=\"mkd-custom-font-holder\" style=\"font-size: 60px;font-weight: 500;color: #ffffff\" data-font-size= 60px>\n\tMarija Dvorni\u010di\u0107 Vai\u0107<\/h2>\n<h2 class=\"mkd-custom-font-holder\" style=\"font-size: 25px;font-weight: 400;color: #ffffff\" data-font-size= 25px>\n\tPartnerin \/ Anw\u00e4ltin<\/h2>\t\t<\/div>\n\t<\/div>\n<\/div><\/div>[vc_row_inner css=&#8220;.vc_custom_1447678838422{padding-top: 40px !important;padding-bottom: 10px !important;}&#8220;][vc_column_inner width=&#8220;1\/2&#8243;]\n<h2 class=\"mkd-custom-font-holder\" style=\"font-size: 16px;line-height: 20px;font-weight: 900;color: #000000\" data-font-size= 16 data-line-height= 20>\n\tAusbildung<\/h2>[vc_empty_space height=&#8220;20px&#8220;]<div class=\"mkd-icon-list-item\">\n\t<div class=\"mkd-icon-list-icon-holder\">\n        <div class=\"mkd-icon-list-icon-holder-inner clearfix\" data-icon-size=18>\n\t\t\t<span aria-hidden=\"true\" class=\"mkd-icon-font-elegant icon_check \" style=\"color:#c18f59;font-size:18px\" ><\/span>\t\t<\/div>\n\t<\/div>\n\t<p class=\"mkd-icon-list-text\" style=\"color:#6a6a6a;font-size:18px;text-transform:none;font-weight:400\" data-title-size=18> Juristische Universit\u00e4t Rijeka<\/p>\n<\/div>[vc_empty_space height=&#8220;6px&#8220;][\/vc_column_inner][vc_column_inner width=&#8220;1\/2&#8243;]\n<h2 class=\"mkd-custom-font-holder\" style=\"font-size: 16px;line-height: 20px;font-weight: 900;color: #000000\" data-font-size= 16 data-line-height= 20>\n\tSprachen<\/h2>[vc_empty_space height=&#8220;20px&#8220;]<div class=\"mkd-icon-list-item\">\n\t<div class=\"mkd-icon-list-icon-holder\">\n        <div class=\"mkd-icon-list-icon-holder-inner clearfix\" data-icon-size=18>\n\t\t\t<span aria-hidden=\"true\" class=\"mkd-icon-font-elegant icon_check \" style=\"color:#c18f59;font-size:18px\" ><\/span>\t\t<\/div>\n\t<\/div>\n\t<p class=\"mkd-icon-list-text\" style=\"color:#6a6a6a;font-size:18px;text-transform:none;font-weight:400\" data-title-size=18> Kroatisch \u2013 Muttersprache<\/p>\n<\/div>[vc_empty_space height=&#8220;6px&#8220;]<div class=\"mkd-icon-list-item\">\n\t<div class=\"mkd-icon-list-icon-holder\">\n        <div class=\"mkd-icon-list-icon-holder-inner clearfix\" data-icon-size=18>\n\t\t\t<span aria-hidden=\"true\" class=\"mkd-icon-font-elegant icon_check \" style=\"color:#c18f59;font-size:18px\" ><\/span>\t\t<\/div>\n\t<\/div>\n\t<p class=\"mkd-icon-list-text\" style=\"color:#6a6a6a;font-size:18px;text-transform:none;font-weight:400\" data-title-size=18> Englisch<\/p>\n<\/div>[\/vc_column_inner][\/vc_row_inner][vc_row_inner css=&#8220;.vc_custom_1447678838422{padding-top: 40px !important;padding-bottom: 10px !important;}&#8220;][vc_column_inner width=&#8220;1\/2&#8243;]\n<h2 class=\"mkd-custom-font-holder\" style=\"font-size: 16px;line-height: 20px;font-weight: 900;color: #000000\" data-font-size= 16 data-line-height= 20>\n\tBereiche der Expertise<\/h2>[vc_empty_space height=&#8220;20px&#8220;]<div class=\"mkd-icon-list-item\">\n\t<div class=\"mkd-icon-list-icon-holder\">\n        <div class=\"mkd-icon-list-icon-holder-inner clearfix\" data-icon-size=18>\n\t\t\t<span aria-hidden=\"true\" class=\"mkd-icon-font-elegant icon_check \" style=\"color:#c18f59;font-size:18px\" ><\/span>\t\t<\/div>\n\t<\/div>\n\t<p class=\"mkd-icon-list-text\" style=\"color:#6a6a6a;font-size:18px;text-transform:none;font-weight:400\" data-title-size=18> Zivilrecht<\/p>\n<\/div>[vc_empty_space height=&#8220;6px&#8220;]<div class=\"mkd-icon-list-item\">\n\t<div class=\"mkd-icon-list-icon-holder\">\n        <div class=\"mkd-icon-list-icon-holder-inner clearfix\" data-icon-size=18>\n\t\t\t<span aria-hidden=\"true\" class=\"mkd-icon-font-elegant icon_check \" style=\"color:#c18f59;font-size:18px\" ><\/span>\t\t<\/div>\n\t<\/div>\n\t<p class=\"mkd-icon-list-text\" style=\"color:#6a6a6a;font-size:18px;text-transform:none;font-weight:400\" data-title-size=18> Grundbuchrecht<\/p>\n<\/div>[vc_empty_space height=&#8220;6px&#8220;]<div class=\"mkd-icon-list-item\">\n\t<div class=\"mkd-icon-list-icon-holder\">\n        <div class=\"mkd-icon-list-icon-holder-inner clearfix\" data-icon-size=18>\n\t\t\t<span aria-hidden=\"true\" class=\"mkd-icon-font-elegant icon_check \" style=\"color:#c18f59;font-size:18px\" ><\/span>\t\t<\/div>\n\t<\/div>\n\t<p class=\"mkd-icon-list-text\" style=\"color:#6a6a6a;font-size:18px;text-transform:none;font-weight:400\" data-title-size=18> Erbrecht<\/p>\n<\/div>[vc_empty_space height=&#8220;6px&#8220;]<div class=\"mkd-icon-list-item\">\n\t<div class=\"mkd-icon-list-icon-holder\">\n        <div class=\"mkd-icon-list-icon-holder-inner clearfix\" data-icon-size=18>\n\t\t\t<span aria-hidden=\"true\" class=\"mkd-icon-font-elegant icon_check \" style=\"color:#c18f59;font-size:18px\" ><\/span>\t\t<\/div>\n\t<\/div>\n\t<p class=\"mkd-icon-list-text\" style=\"color:#6a6a6a;font-size:18px;text-transform:none;font-weight:400\" data-title-size=18> Sachenrecht<\/p>\n<\/div>[vc_empty_space height=&#8220;6px&#8220;]<div class=\"mkd-icon-list-item\">\n\t<div class=\"mkd-icon-list-icon-holder\">\n        <div class=\"mkd-icon-list-icon-holder-inner clearfix\" data-icon-size=18>\n\t\t\t<span aria-hidden=\"true\" class=\"mkd-icon-font-elegant icon_check \" style=\"color:#c18f59;font-size:18px\" ><\/span>\t\t<\/div>\n\t<\/div>\n\t<p class=\"mkd-icon-list-text\" style=\"color:#6a6a6a;font-size:18px;text-transform:none;font-weight:400\" data-title-size=18> Gesellschaftsrecht<\/p>\n<\/div>[vc_empty_space height=&#8220;6px&#8220;]<div class=\"mkd-icon-list-item\">\n\t<div class=\"mkd-icon-list-icon-holder\">\n        <div class=\"mkd-icon-list-icon-holder-inner clearfix\" data-icon-size=18>\n\t\t\t<span aria-hidden=\"true\" class=\"mkd-icon-font-elegant icon_check \" style=\"color:#c18f59;font-size:18px\" ><\/span>\t\t<\/div>\n\t<\/div>\n\t<p class=\"mkd-icon-list-text\" style=\"color:#6a6a6a;font-size:18px;text-transform:none;font-weight:400\" data-title-size=18> Familienrecht<\/p>\n<\/div>[vc_empty_space height=&#8220;6px&#8220;]<div class=\"mkd-icon-list-item\">\n\t<div class=\"mkd-icon-list-icon-holder\">\n        <div class=\"mkd-icon-list-icon-holder-inner clearfix\" data-icon-size=18>\n\t\t\t<span aria-hidden=\"true\" class=\"mkd-icon-font-elegant icon_check \" style=\"color:#c18f59;font-size:18px\" ><\/span>\t\t<\/div>\n\t<\/div>\n\t<p class=\"mkd-icon-list-text\" style=\"color:#6a6a6a;font-size:18px;text-transform:none;font-weight:400\" data-title-size=18> Arbeitsrecht<\/p>\n<\/div>[vc_empty_space height=&#8220;40px&#8220;][\/vc_column_inner][vc_column_inner width=&#8220;1\/2&#8243;]\n<h2 class=\"mkd-custom-font-holder\" style=\"font-size: 16px;line-height: 20px;font-weight: 900;color: #000000\" data-font-size= 16 data-line-height= 20>\n\tMitgliedschaften<\/h2>[vc_empty_space height=&#8220;20px&#8220;]<div class=\"mkd-icon-list-item\">\n\t<div class=\"mkd-icon-list-icon-holder\">\n        <div class=\"mkd-icon-list-icon-holder-inner clearfix\" data-icon-size=18>\n\t\t\t<span aria-hidden=\"true\" class=\"mkd-icon-font-elegant icon_check \" style=\"color:#c18f59;font-size:18px\" ><\/span>\t\t<\/div>\n\t<\/div>\n\t<p class=\"mkd-icon-list-text\" style=\"color:#6a6a6a;font-size:18px;text-transform:none;font-weight:400\" data-title-size=18> Kroatische Rechtsanwaltskammer<\/p>\n<\/div>[vc_empty_space height=&#8220;40px&#8220;][\/vc_column_inner][\/vc_row_inner]\n<h2 class=\"mkd-custom-font-holder\" style=\"font-size: 16px;line-height: 20px;font-weight: 900;color: #000000\" data-font-size= 16 data-line-height= 20>\n\tBiografie<\/h2>[vc_empty_space height=&#8220;15px&#8220;][vc_column_text]Rechtsanw\u00e4ltin Marija Dvorni\u010di\u0107 Vai\u0107, geboren am 17.08.1976, hat an der juristischen Fakult\u00e4t in Rijeka am 06.03.2002 ihr Studium absolviert. Nachdem sie zun\u00e4chst in einem Notariat gearbeitet hatte, wurde sie in die kroatische Notarkammer eingetragen. Nach dem zweiten Staatsexamen am 03. M\u00e4rz 2005 und der Notarpr\u00fcfung am 11. April 2007, war sie Notariatsassessorin beim Notar Boleslav Dvorni\u010di\u0107 in Krk. Nach der Schlie\u00dfung des Notariats trug sie sich am 16. Juli 2008 in der kroatischen Rechtsanwaltskammer ein und er\u00f6ffnete ihre Anwaltskanzlei in der Stadt Krk an der Adresse Trg Bana Josipa Jela\u010di\u0107a 1. Am 01. September 2010 trat sie der Rechtsanwaltsgesellschaft Vai\u0107 aus Rijeka als neues Mitglied bei.[\/vc_column_text][vc_empty_space height=&#8220;15px&#8220;]\n\n\t<div class=\"mkd-call-to-action with-icon\" style=\"background-color: #f2f2f2;border: 1px solid #d8d8d8;\">\n\n\t\t\t\t\t<div class=\"mkd-call-to-action-row-66-33 clearfix\" style=\"padding: 2%;\">\n\t\t\n\t\t\t\t<div class=\"mkd-text-wrapper mkd-call-to-action-column1 mkd-call-to-action-cell\">\n\n\t\t\t\t\t\t\t\t\t<div class=\"mkd-call-to-action-icon-holder\">\n\t\t\t\t\t\t<div class=\"mkd-call-to-action-icon\">\n\t\t\t\t\t\t\t<div class=\"mkd-call-to-action-icon-inner\">\n\t\t\t\t\t\t\t\t<i class=\"mkd-icon-simple-line-icon icon-globe \" style=\"font-size: 33px; ;color: #c18f59; \" ><\/i>\t\t\t\t\t\t\t<\/div>\n\t\t\t\t\t\t<\/div>\n\t\t\t\t\t<\/div>\n\t\t\t\t\n\t\t\t\t\t<div class=\"mkd-call-to-action-text\" >\n\t\t\t\t\t\t<h3>Brauchen Sie Hilfe bei rechtlichen Problemen? Kontaktieren Sie uns jetzt.<\/h3>\n\t\t\t\t\t<\/div>\n\n\t\t\t\t<\/div>\n\n\t\t\t\t\n\t\t\t\t\t<div class=\"mkd-button-wrapper mkd-call-to-action-column2 mkd-call-to-action-cell\" style =\"text-align: right ;\">\n\n\t\t\t\t\t\t<a href=\"\/de\/kontakt\/\" target=\"_self\" style=\"background-color: #3e475d\" class=\"mkd-btn mkd-btn-medium mkd-btn-solid mkd-btn-icon\"  >    <span class=\"mkd-btn-text\"  >Kontaktieren Sie uns jetzt<\/span><span class=\"mkd-btn-icon-holder\">            <span aria-hidden=\"true\" class=\"mkd-icon-font-elegant arrow_carrot-right mkd-btn-icon-elem\" ><\/span>            <span aria-hidden=\"true\" class=\"mkd-icon-font-elegant arrow_carrot-right mkd-btn-icon-elem\" ><\/span>        <\/span>    <\/a>\n\t\t\t\t\t<\/div>\n\n\t\t\t\t\n\t\t\t<\/div>\n\n\t\t\n\t<\/div>\n\n[vc_empty_space height=&#8220;70px&#8220;][\/vc_column][vc_column width=&#8220;1\/2&#8243; offset=&#8220;vc_col-lg-offset-0 vc_col-lg-3 vc_col-md-offset-3 vc_col-md-6 vc_col-sm-offset-3&#8243; css=&#8220;.vc_custom_1448019881202{padding-right: 0px !important;padding-left: 0px !important;}&#8220;][vc_row_inner][vc_column_inner]\n<div class=\"mkd-team linked more-info-shown\">\n\t<div class=\"mkd-team-inner\">\n\t\t\t\t\t<div class=\"mkd-team-image\">\n                <img loading=\"lazy\" decoding=\"async\" width=\"303\" height=\"303\" src=\"https:\/\/vaic.hr\/wp-content\/uploads\/2024\/11\/team_05.jpg\" class=\"attachment-full size-full\" alt=\"\" srcset=\"https:\/\/vaic.hr\/wp-content\/uploads\/2024\/11\/team_05.jpg 303w, https:\/\/vaic.hr\/wp-content\/uploads\/2024\/11\/team_05-300x300.jpg 300w, https:\/\/vaic.hr\/wp-content\/uploads\/2024\/11\/team_05-150x150.jpg 150w, https:\/\/vaic.hr\/wp-content\/uploads\/2024\/11\/team_05-100x100.jpg 100w\" sizes=\"auto, (max-width: 303px) 100vw, 303px\" \/>\t\t\t<\/div>\n\t\t\n\t\t\t\t<div class=\"mkd-team-info\">\n\t\t\t\t\t\t\t<div class=\"mkd-team-title-holder\">\n\t\t\t\t\t\t\t\t\t\t\t<h4 class=\"mkd-team-name\" >\n\t\t\t\t\t\t\tMarija Dvorni\u010di\u0107 Vai\u0107\t\t\t\t\t\t<\/h4>\n\t\t\t\t\t\t\t\t\t\t\t\t\t\t\t\t<h5 class=\"mkd-team-position\" style=\"color: #ffffff\">Partnerin \/ Anw\u00e4ltin<\/h5>\n\t\t\t\t\t\t\t\t\t<\/div>\n\t\t\t\t\t\t\t\t<div class=\"mkd-team-read-more\">\n\t\t\t\t\t\t\t\t<a href=\"https:\/\/vaic.hr\/our-team\/\">\n\t\t\t\t\t<span class=\"mkd-team-read-more-inner\">\n\t\t\t\t\t\t<span class=\"mkd-team-read-more-text\">Erfolgsraten anzeigen<\/span>\n\t\t\t\t\t\t<span aria-hidden=\"true\" class=\"arrow_carrot-right_alt2 mkd-team-read-more-icon\"><\/span>\n\t\t\t\t\t<\/span>\n\t\t\t\t<\/a>\n\t\t\t\t\t\t\t<\/div>\n\t\t<\/div>\n\t<\/div>\n\t\t<div class=\"mkd-team-social-holder\">\n\t\t<div class=\"mkd-team-social\">\n\t\t\t<div class=\"mkd-team-social-inner\">\n\t\t\t\t<div class=\"mkd-team-social-wrapp clearfix\">\n\n\t\t\t\t\t\n\t\t\t\t<\/div>\n\t\t\t<\/div>\n\t\t<\/div>\n\t<\/div>\n\t<span class=\"mkd-team-triangle\"><\/span>\n<\/div>[\/vc_column_inner][\/vc_row_inner][vc_empty_space height=&#8220;70px&#8220;]<div class=\"mkd-elements-holder mkd-responsive-mode-768\" ><div class=\"mkd-elements-holder-item mkd-horizontal-alignment-center\" >\n\t<div class=\"mkd-elements-holder-item-inner\">\n\t\t<div class=\"mkd-elements-holder-item-content mkd-elements-holder-custom-619732\" style=\"padding: 0px 15px\">\n\t\t\t\t\t\t[vc_widget_sidebar sidebar_id=&#8220;team-member-sidebar&#8220;]\t\t<\/div>\n\t<\/div>\n<\/div><\/div>[vc_empty_space height=&#8220;70px&#8220;][\/vc_column][\/vc_row]<\/p>\n<\/div>","protected":false},"excerpt":{"rendered":"<p>[vc_row content_width=&#8220;grid&#8220; triangle_shape=&#8220;no&#8220; css=&#8220;.vc_custom_1447677425868{padding-top: 70px !important;}&#8220;][vc_column offset=&#8220;vc_col-lg-9 vc_col-md-12&#8243;][vc_row_inner css=&#8220;.vc_custom_1447678838422{padding-top: 40px !important;padding-bottom: 10px !important;}&#8220;][vc_column_inner width=&#8220;1\/2&#8243;][vc_empty_space height=&#8220;20px&#8220;][vc_empty_space height=&#8220;6px&#8220;][\/vc_column_inner][vc_column_inner width=&#8220;1\/2&#8243;][vc_empty_space height=&#8220;20px&#8220;][vc_empty_space height=&#8220;6px&#8220;][\/vc_column_inner][\/vc_row_inner][vc_row_inner css=&#8220;.vc_custom_1447678838422{padding-top: 40px !important;padding-bottom: 10px !important;}&#8220;][vc_column_inner width=&#8220;1\/2&#8243;][vc_empty_space height=&#8220;20px&#8220;][vc_empty_space height=&#8220;6px&#8220;][vc_empty_space height=&#8220;6px&#8220;][vc_empty_space height=&#8220;6px&#8220;][vc_empty_space height=&#8220;6px&#8220;][vc_empty_space height=&#8220;6px&#8220;][vc_empty_space height=&#8220;6px&#8220;][vc_empty_space height=&#8220;40px&#8220;][\/vc_column_inner][vc_column_inner width=&#8220;1\/2&#8243;][vc_empty_space height=&#8220;20px&#8220;][vc_empty_space height=&#8220;40px&#8220;][\/vc_column_inner][\/vc_row_inner][vc_empty_space height=&#8220;15px&#8220;][vc_column_text]Rechtsanw\u00e4ltin Marija Dvorni\u010di\u0107 Vai\u0107, geboren am 17.08.1976, hat an der juristischen Fakult\u00e4t in Rijeka am 06.03.2002 ihr Studium absolviert. Nachdem sie zun\u00e4chst in einem Notariat gearbeitet hatte, wurde sie in die kroatische Notarkammer eingetragen. Nach dem zweiten Staatsexamen am 03. M\u00e4rz 2005 und der Notarpr\u00fcfung am 11. April 2007, war sie Notariatsassessorin beim Notar Boleslav Dvorni\u010di\u0107 in Krk. Nach der Schlie\u00dfung des Notariats trug&#8230;<\/p>\n","protected":false},"author":1,"featured_media":0,"parent":0,"menu_order":0,"comment_status":"closed","ping_status":"closed","template":"full-width.php","meta":{"footnotes":""},"class_list":["post-5558","page","type-page","status-publish","hentry"],"yoast_head":"<!-- This site is optimized with the Yoast SEO plugin v26.6 - https:\/\/yoast.com\/wordpress\/plugins\/seo\/ -->\n<title>Anw\u00e4ltin Marija Dvorni\u010di\u0107 Vai\u0107 | Anw\u00e4ltin in Kroatien<\/title>\n<meta name=\"description\" content=\"Erfahrene Anw\u00e4ltin in Kroatien mit Spezialisierung auf Zivilrecht, Erbrecht, Familienrecht und mehr. Bietet Rechtsberatung in Rijeka und Krk\" \/>\n<meta name=\"robots\" content=\"index, follow, max-snippet:-1, max-image-preview:large, max-video-preview:-1\" \/>\n<link rel=\"canonical\" href=\"https:\/\/vaic.hr\/de\/marija-dvornicic-vaic\/\" \/>\n<meta property=\"og:locale\" content=\"de_DE\" \/>\n<meta property=\"og:type\" content=\"article\" \/>\n<meta property=\"og:title\" content=\"Anw\u00e4ltin Marija Dvorni\u010di\u0107 Vai\u0107 | Anw\u00e4ltin in Kroatien\" \/>\n<meta property=\"og:description\" content=\"Erfahrene Anw\u00e4ltin in Kroatien mit Spezialisierung auf Zivilrecht, Erbrecht, Familienrecht und mehr. Bietet Rechtsberatung in Rijeka und Krk\" \/>\n<meta property=\"og:url\" content=\"https:\/\/vaic.hr\/de\/marija-dvornicic-vaic\/\" \/>\n<meta property=\"og:site_name\" content=\"Anwaltsgesellschaft Vai\u0107 &amp; Dvorni\u010di\u0107 G. m. b. H.\" \/>\n<meta property=\"article:modified_time\" content=\"2025-01-20T20:29:47+00:00\" \/>\n<meta name=\"twitter:card\" content=\"summary_large_image\" \/>\n<meta name=\"twitter:label1\" content=\"Gesch\u00e4tzte Lesezeit\" \/>\n\t<meta name=\"twitter:data1\" content=\"2\u00a0Minuten\" \/>\n<script type=\"application\/ld+json\" class=\"yoast-schema-graph\">{\"@context\":\"https:\/\/schema.org\",\"@graph\":[{\"@type\":\"WebPage\",\"@id\":\"https:\/\/vaic.hr\/de\/marija-dvornicic-vaic\/\",\"url\":\"https:\/\/vaic.hr\/de\/marija-dvornicic-vaic\/\",\"name\":\"Anw\u00e4ltin Marija Dvorni\u010di\u0107 Vai\u0107 | Anw\u00e4ltin in Kroatien\",\"isPartOf\":{\"@id\":\"https:\/\/vaic.hr\/de\/#website\"},\"datePublished\":\"2024-11-25T12:42:34+00:00\",\"dateModified\":\"2025-01-20T20:29:47+00:00\",\"description\":\"Erfahrene Anw\u00e4ltin in Kroatien mit Spezialisierung auf Zivilrecht, Erbrecht, Familienrecht und mehr. Bietet Rechtsberatung in Rijeka und Krk\",\"breadcrumb\":{\"@id\":\"https:\/\/vaic.hr\/de\/marija-dvornicic-vaic\/#breadcrumb\"},\"inLanguage\":\"de\",\"potentialAction\":[{\"@type\":\"ReadAction\",\"target\":[\"https:\/\/vaic.hr\/de\/marija-dvornicic-vaic\/\"]}]},{\"@type\":\"BreadcrumbList\",\"@id\":\"https:\/\/vaic.hr\/de\/marija-dvornicic-vaic\/#breadcrumb\",\"itemListElement\":[{\"@type\":\"ListItem\",\"position\":1,\"name\":\"Po\u010detna stranica\",\"item\":\"https:\/\/vaic.hr\/de\/\"},{\"@type\":\"ListItem\",\"position\":2,\"name\":\"Marija Dvorni\u010di\u0107 Vai\u0107\"}]},{\"@type\":\"WebSite\",\"@id\":\"https:\/\/vaic.hr\/de\/#website\",\"url\":\"https:\/\/vaic.hr\/de\/\",\"name\":\"Anwaltsgesellschaft Vai\u0107 &amp; Dvorni\u010di\u0107 G. m. b. H.\",\"description\":\"Pravno savjetovanje i zastupanje od 1938.g. u Republici Hrvatsko\",\"potentialAction\":[{\"@type\":\"SearchAction\",\"target\":{\"@type\":\"EntryPoint\",\"urlTemplate\":\"https:\/\/vaic.hr\/de\/?s={search_term_string}\"},\"query-input\":{\"@type\":\"PropertyValueSpecification\",\"valueRequired\":true,\"valueName\":\"search_term_string\"}}],\"inLanguage\":\"de\"}]}<\/script>\n<!-- \/ Yoast SEO plugin. -->","yoast_head_json":{"title":"Anw\u00e4ltin Marija Dvorni\u010di\u0107 Vai\u0107 | Anw\u00e4ltin in Kroatien","description":"Erfahrene Anw\u00e4ltin in Kroatien mit Spezialisierung auf Zivilrecht, Erbrecht, Familienrecht und mehr. Bietet Rechtsberatung in Rijeka und Krk","robots":{"index":"index","follow":"follow","max-snippet":"max-snippet:-1","max-image-preview":"max-image-preview:large","max-video-preview":"max-video-preview:-1"},"canonical":"https:\/\/vaic.hr\/de\/marija-dvornicic-vaic\/","og_locale":"de_DE","og_type":"article","og_title":"Anw\u00e4ltin Marija Dvorni\u010di\u0107 Vai\u0107 | Anw\u00e4ltin in Kroatien","og_description":"Erfahrene Anw\u00e4ltin in Kroatien mit Spezialisierung auf Zivilrecht, Erbrecht, Familienrecht und mehr. Bietet Rechtsberatung in Rijeka und Krk","og_url":"https:\/\/vaic.hr\/de\/marija-dvornicic-vaic\/","og_site_name":"Anwaltsgesellschaft Vai\u0107 &amp; Dvorni\u010di\u0107 G. m. b. H.","article_modified_time":"2025-01-20T20:29:47+00:00","twitter_card":"summary_large_image","twitter_misc":{"Gesch\u00e4tzte Lesezeit":"2\u00a0Minuten"},"schema":{"@context":"https:\/\/schema.org","@graph":[{"@type":"WebPage","@id":"https:\/\/vaic.hr\/de\/marija-dvornicic-vaic\/","url":"https:\/\/vaic.hr\/de\/marija-dvornicic-vaic\/","name":"Anw\u00e4ltin Marija Dvorni\u010di\u0107 Vai\u0107 | Anw\u00e4ltin in Kroatien","isPartOf":{"@id":"https:\/\/vaic.hr\/de\/#website"},"datePublished":"2024-11-25T12:42:34+00:00","dateModified":"2025-01-20T20:29:47+00:00","description":"Erfahrene Anw\u00e4ltin in Kroatien mit Spezialisierung auf Zivilrecht, Erbrecht, Familienrecht und mehr. Bietet Rechtsberatung in Rijeka und Krk","breadcrumb":{"@id":"https:\/\/vaic.hr\/de\/marija-dvornicic-vaic\/#breadcrumb"},"inLanguage":"de","potentialAction":[{"@type":"ReadAction","target":["https:\/\/vaic.hr\/de\/marija-dvornicic-vaic\/"]}]},{"@type":"BreadcrumbList","@id":"https:\/\/vaic.hr\/de\/marija-dvornicic-vaic\/#breadcrumb","itemListElement":[{"@type":"ListItem","position":1,"name":"Po\u010detna stranica","item":"https:\/\/vaic.hr\/de\/"},{"@type":"ListItem","position":2,"name":"Marija Dvorni\u010di\u0107 Vai\u0107"}]},{"@type":"WebSite","@id":"https:\/\/vaic.hr\/de\/#website","url":"https:\/\/vaic.hr\/de\/","name":"Anwaltsgesellschaft Vai\u0107 &amp; Dvorni\u010di\u0107 G. m. b. H.","description":"Pravno savjetovanje i zastupanje od 1938.g. u Republici Hrvatsko","potentialAction":[{"@type":"SearchAction","target":{"@type":"EntryPoint","urlTemplate":"https:\/\/vaic.hr\/de\/?s={search_term_string}"},"query-input":{"@type":"PropertyValueSpecification","valueRequired":true,"valueName":"search_term_string"}}],"inLanguage":"de"}]}},"_links":{"self":[{"href":"https:\/\/vaic.hr\/de\/wp-json\/wp\/v2\/pages\/5558","targetHints":{"allow":["GET"]}}],"collection":[{"href":"https:\/\/vaic.hr\/de\/wp-json\/wp\/v2\/pages"}],"about":[{"href":"https:\/\/vaic.hr\/de\/wp-json\/wp\/v2\/types\/page"}],"author":[{"embeddable":true,"href":"https:\/\/vaic.hr\/de\/wp-json\/wp\/v2\/users\/1"}],"replies":[{"embeddable":true,"href":"https:\/\/vaic.hr\/de\/wp-json\/wp\/v2\/comments?post=5558"}],"version-history":[{"count":11,"href":"https:\/\/vaic.hr\/de\/wp-json\/wp\/v2\/pages\/5558\/revisions"}],"predecessor-version":[{"id":6430,"href":"https:\/\/vaic.hr\/de\/wp-json\/wp\/v2\/pages\/5558\/revisions\/6430"}],"wp:attachment":[{"href":"https:\/\/vaic.hr\/de\/wp-json\/wp\/v2\/media?parent=5558"}],"curies":[{"name":"wp","href":"https:\/\/api.w.org\/{rel}","templated":true}]}}