{"id":5562,"date":"2024-11-25T12:42:55","date_gmt":"2024-11-25T12:42:55","guid":{"rendered":"https:\/\/law.webdevbar.com\/nikola-vaic\/"},"modified":"2025-09-22T19:54:11","modified_gmt":"2025-09-22T19:54:11","slug":"nikola-vaic","status":"publish","type":"page","link":"https:\/\/vaic.hr\/de\/nikola-vaic\/","title":{"rendered":"Nikola Vai\u0107"},"content":{"rendered":"<div class=\"wpb-content-wrapper\"><p>[vc_row content_width=&#8220;grid&#8220; triangle_shape=&#8220;no&#8220; css=&#8220;.vc_custom_1447677425868{padding-top: 70px !important;}&#8220;][vc_column offset=&#8220;vc_col-lg-9 vc_col-md-12&#8243;]<div class=\"mkd-elements-holder mkd-responsive-mode-768\" ><div class=\"mkd-elements-holder-item mkd-horizontal-alignment-center\" style=\"background-color: #353c4e\">\n\t<div class=\"mkd-elements-holder-item-inner\">\n\t\t<div class=\"mkd-elements-holder-item-content mkd-elements-holder-custom-853455\" style=\"padding: 3% 16%\">\n\t\t\t\t\t\t\n<h2 class=\"mkd-custom-font-holder\" style=\"font-size: 60px;font-weight: 500;color: #ffffff\" data-font-size= 60px>\n\tNikola Vai\u0107<\/h2>\n<h2 class=\"mkd-custom-font-holder\" style=\"font-size: 25px;font-weight: 400;color: #ffffff\" data-font-size= 25px>\n\tGr\u00fcnder \/ Rechtsanwalt<\/h2>\t\t<\/div>\n\t<\/div>\n<\/div><\/div>[vc_row_inner css=&#8220;.vc_custom_1447678838422{padding-top: 40px !important;padding-bottom: 10px !important;}&#8220;][vc_column_inner width=&#8220;1\/2&#8243;]\n<h2 class=\"mkd-custom-font-holder\" style=\"font-size: 16px;line-height: 20px;font-weight: 900;color: #000000\" data-font-size= 16 data-line-height= 20>\n\tAusbildung<\/h2>[vc_empty_space height=&#8220;20px&#8220;]<div class=\"mkd-icon-list-item\">\n\t<div class=\"mkd-icon-list-icon-holder\">\n        <div class=\"mkd-icon-list-icon-holder-inner clearfix\" data-icon-size=18>\n\t\t\t<span aria-hidden=\"true\" class=\"mkd-icon-font-elegant icon_check \" style=\"color:#c18f59;font-size:18px\" ><\/span>\t\t<\/div>\n\t<\/div>\n\t<p class=\"mkd-icon-list-text\" style=\"color:#6a6a6a;font-size:18px;text-transform:none;font-weight:400\" data-title-size=18> Juristische Fakult\u00e4t Zagreb<\/p>\n<\/div>[vc_empty_space height=&#8220;6px&#8220;][\/vc_column_inner][vc_column_inner width=&#8220;1\/2&#8243;]\n<h2 class=\"mkd-custom-font-holder\" style=\"font-size: 16px;line-height: 20px;font-weight: 900;color: #000000\" data-font-size= 16 data-line-height= 20>\n\tSprachen<\/h2>[vc_empty_space height=&#8220;20px&#8220;]<div class=\"mkd-icon-list-item\">\n\t<div class=\"mkd-icon-list-icon-holder\">\n        <div class=\"mkd-icon-list-icon-holder-inner clearfix\" data-icon-size=18>\n\t\t\t<span aria-hidden=\"true\" class=\"mkd-icon-font-elegant icon_check \" style=\"color:#c18f59;font-size:18px\" ><\/span>\t\t<\/div>\n\t<\/div>\n\t<p class=\"mkd-icon-list-text\" style=\"color:#6a6a6a;font-size:18px;text-transform:none;font-weight:400\" data-title-size=18> Kroatisch \u2013 Muttersprache<\/p>\n<\/div>[vc_empty_space height=&#8220;6px&#8220;]<div class=\"mkd-icon-list-item\">\n\t<div class=\"mkd-icon-list-icon-holder\">\n        <div class=\"mkd-icon-list-icon-holder-inner clearfix\" data-icon-size=18>\n\t\t\t<span aria-hidden=\"true\" class=\"mkd-icon-font-elegant icon_check \" style=\"color:#c18f59;font-size:18px\" ><\/span>\t\t<\/div>\n\t<\/div>\n\t<p class=\"mkd-icon-list-text\" style=\"color:#6a6a6a;font-size:18px;text-transform:none;font-weight:400\" data-title-size=18> Deutsch<\/p>\n<\/div>[vc_empty_space height=&#8220;6px&#8220;]<div class=\"mkd-icon-list-item\">\n\t<div class=\"mkd-icon-list-icon-holder\">\n        <div class=\"mkd-icon-list-icon-holder-inner clearfix\" data-icon-size=18>\n\t\t\t<span aria-hidden=\"true\" class=\"mkd-icon-font-elegant icon_check \" style=\"color:#c18f59;font-size:18px\" ><\/span>\t\t<\/div>\n\t<\/div>\n\t<p class=\"mkd-icon-list-text\" style=\"color:#6a6a6a;font-size:18px;text-transform:none;font-weight:400\" data-title-size=18> Italienisch<\/p>\n<\/div>[vc_empty_space height=&#8220;6px&#8220;]<div class=\"mkd-icon-list-item\">\n\t<div class=\"mkd-icon-list-icon-holder\">\n        <div class=\"mkd-icon-list-icon-holder-inner clearfix\" data-icon-size=18>\n\t\t\t<span aria-hidden=\"true\" class=\"mkd-icon-font-elegant icon_check \" style=\"color:#c18f59;font-size:18px\" ><\/span>\t\t<\/div>\n\t<\/div>\n\t<p class=\"mkd-icon-list-text\" style=\"color:#6a6a6a;font-size:18px;text-transform:none;font-weight:400\" data-title-size=18> Slowenisch<\/p>\n<\/div>[vc_empty_space height=&#8220;6px&#8220;]<div class=\"mkd-icon-list-item\">\n\t<div class=\"mkd-icon-list-icon-holder\">\n        <div class=\"mkd-icon-list-icon-holder-inner clearfix\" data-icon-size=18>\n\t\t\t<span aria-hidden=\"true\" class=\"mkd-icon-font-elegant icon_check \" style=\"color:#c18f59;font-size:18px\" ><\/span>\t\t<\/div>\n\t<\/div>\n\t<p class=\"mkd-icon-list-text\" style=\"color:#6a6a6a;font-size:18px;text-transform:none;font-weight:400\" data-title-size=18> Franz\u00f6sisch<\/p>\n<\/div>[\/vc_column_inner][\/vc_row_inner][vc_row_inner css=&#8220;.vc_custom_1447678838422{padding-top: 40px !important;padding-bottom: 10px !important;}&#8220;][vc_column_inner width=&#8220;1\/2&#8243;]\n<h2 class=\"mkd-custom-font-holder\" style=\"font-size: 16px;line-height: 20px;font-weight: 900;color: #000000\" data-font-size= 16 data-line-height= 20>\n\tBereiche der Expertise<\/h2>[vc_empty_space height=&#8220;20px&#8220;]<div class=\"mkd-icon-list-item\">\n\t<div class=\"mkd-icon-list-icon-holder\">\n        <div class=\"mkd-icon-list-icon-holder-inner clearfix\" data-icon-size=18>\n\t\t\t<span aria-hidden=\"true\" class=\"mkd-icon-font-elegant icon_check \" style=\"color:#c18f59;font-size:18px\" ><\/span>\t\t<\/div>\n\t<\/div>\n\t<p class=\"mkd-icon-list-text\" style=\"color:#6a6a6a;font-size:18px;text-transform:none;font-weight:400\" data-title-size=18> Seerecht<\/p>\n<\/div>[vc_empty_space height=&#8220;6px&#8220;]<div class=\"mkd-icon-list-item\">\n\t<div class=\"mkd-icon-list-icon-holder\">\n        <div class=\"mkd-icon-list-icon-holder-inner clearfix\" data-icon-size=18>\n\t\t\t<span aria-hidden=\"true\" class=\"mkd-icon-font-elegant icon_check \" style=\"color:#c18f59;font-size:18px\" ><\/span>\t\t<\/div>\n\t<\/div>\n\t<p class=\"mkd-icon-list-text\" style=\"color:#6a6a6a;font-size:18px;text-transform:none;font-weight:400\" data-title-size=18> Schadensersatzrecht<\/p>\n<\/div>[vc_empty_space height=&#8220;6px&#8220;]<div class=\"mkd-icon-list-item\">\n\t<div class=\"mkd-icon-list-icon-holder\">\n        <div class=\"mkd-icon-list-icon-holder-inner clearfix\" data-icon-size=18>\n\t\t\t<span aria-hidden=\"true\" class=\"mkd-icon-font-elegant icon_check \" style=\"color:#c18f59;font-size:18px\" ><\/span>\t\t<\/div>\n\t<\/div>\n\t<p class=\"mkd-icon-list-text\" style=\"color:#6a6a6a;font-size:18px;text-transform:none;font-weight:400\" data-title-size=18> Verwaltungsrecht<\/p>\n<\/div>[vc_empty_space height=&#8220;6px&#8220;]<div class=\"mkd-icon-list-item\">\n\t<div class=\"mkd-icon-list-icon-holder\">\n        <div class=\"mkd-icon-list-icon-holder-inner clearfix\" data-icon-size=18>\n\t\t\t<span aria-hidden=\"true\" class=\"mkd-icon-font-elegant icon_check \" style=\"color:#c18f59;font-size:18px\" ><\/span>\t\t<\/div>\n\t<\/div>\n\t<p class=\"mkd-icon-list-text\" style=\"color:#6a6a6a;font-size:18px;text-transform:none;font-weight:400\" data-title-size=18> Zivilrecht<\/p>\n<\/div>[vc_empty_space height=&#8220;6px&#8220;]<div class=\"mkd-icon-list-item\">\n\t<div class=\"mkd-icon-list-icon-holder\">\n        <div class=\"mkd-icon-list-icon-holder-inner clearfix\" data-icon-size=18>\n\t\t\t<span aria-hidden=\"true\" class=\"mkd-icon-font-elegant icon_check \" style=\"color:#c18f59;font-size:18px\" ><\/span>\t\t<\/div>\n\t<\/div>\n\t<p class=\"mkd-icon-list-text\" style=\"color:#6a6a6a;font-size:18px;text-transform:none;font-weight:400\" data-title-size=18> Strafrecht<\/p>\n<\/div>[vc_empty_space height=&#8220;6px&#8220;]<div class=\"mkd-icon-list-item\">\n\t<div class=\"mkd-icon-list-icon-holder\">\n        <div class=\"mkd-icon-list-icon-holder-inner clearfix\" data-icon-size=18>\n\t\t\t<span aria-hidden=\"true\" class=\"mkd-icon-font-elegant icon_check \" style=\"color:#c18f59;font-size:18px\" ><\/span>\t\t<\/div>\n\t<\/div>\n\t<p class=\"mkd-icon-list-text\" style=\"color:#6a6a6a;font-size:18px;text-transform:none;font-weight:400\" data-title-size=18> Versicherungsrecht<\/p>\n<\/div>[vc_empty_space height=&#8220;40px&#8220;][\/vc_column_inner][vc_column_inner width=&#8220;1\/2&#8243;]\n<h2 class=\"mkd-custom-font-holder\" style=\"font-size: 16px;line-height: 20px;font-weight: 900;color: #000000\" data-font-size= 16 data-line-height= 20>\n\tMitgliedschaften<\/h2>[vc_empty_space height=&#8220;20px&#8220;]<div class=\"mkd-icon-list-item\">\n\t<div class=\"mkd-icon-list-icon-holder\">\n        <div class=\"mkd-icon-list-icon-holder-inner clearfix\" data-icon-size=18>\n\t\t\t<span aria-hidden=\"true\" class=\"mkd-icon-font-elegant icon_check \" style=\"color:#c18f59;font-size:18px\" ><\/span>\t\t<\/div>\n\t<\/div>\n\t<p class=\"mkd-icon-list-text\" style=\"color:#6a6a6a;font-size:18px;text-transform:none;font-weight:400\" data-title-size=18> Kroatische Rechtsanwaltskammer<\/p>\n<\/div>[vc_empty_space height=&#8220;40px&#8220;][\/vc_column_inner][\/vc_row_inner]\n<h2 class=\"mkd-custom-font-holder\" style=\"font-size: 16px;line-height: 20px;font-weight: 900;color: #000000\" data-font-size= 16 data-line-height= 20>\n\tBiografie<\/h2>[vc_empty_space height=&#8220;15px&#8220;][vc_column_text]Nikola Vai\u0107 wurde am 26. Februar 1941 geboren. Er hat die Grundschule \u201eMatteotti\u201c in Rijeka in Italienisch absolviert, wo er die italienische Sprache gelernt hat. 1964 hat er sein Studium an der Rechtswissenschaftlichen Fakult\u00e4t in Zagreb abgeschlossen, damals die einzige in Kroatien. Danach hat er in Hamburg bei den Rechtsanw\u00e4lten Pfl\u00fcger und Sch\u00f6n volontiert, die sich haupts\u00e4chlich mit See- und Wirtschaftsrecht befassten. Ihr gr\u00f6\u00dfter Mandant war die Reederei \u201eHamburg S\u00fcd\u201c.<br \/>\nNach seiner R\u00fcckkehr aus Hamburg wurde er im Februar 1965 Praktikant in der Kanzlei seines Vaters. Am 1.1.1968 wurde er in das Anwaltsverzeichnis der HOK (Kroatische Rechtsanwaltskammer) in Zagreb eingetragen. Sein Postgraduiertenstudium hat er an der Rechtswissenschaftlichen Fakult\u00e4t in Zagreb unter der Leitung von Professor A. Goldstein absolviert. Die Masterarbeit war im Seerecht.<br \/>\nSeit 2020 ist Nikola im Ruhestand, ist aber weiterhin in der Anwaltskanzlei t\u00e4tig. Insgesamt blickt Nikola auf \u00fcber 60 Jahre Berufserfahrung zur\u00fcck.[\/vc_column_text][vc_empty_space height=&#8220;15px&#8220;]\n\n\t<div class=\"mkd-call-to-action with-icon\" style=\"background-color: #f2f2f2;border: 1px solid #d8d8d8;\">\n\n\t\t\t\t\t<div class=\"mkd-call-to-action-row-66-33 clearfix\" style=\"padding: 2%;\">\n\t\t\n\t\t\t\t<div class=\"mkd-text-wrapper mkd-call-to-action-column1 mkd-call-to-action-cell\">\n\n\t\t\t\t\t\t\t\t\t<div class=\"mkd-call-to-action-icon-holder\">\n\t\t\t\t\t\t<div class=\"mkd-call-to-action-icon\">\n\t\t\t\t\t\t\t<div class=\"mkd-call-to-action-icon-inner\">\n\t\t\t\t\t\t\t\t<i class=\"mkd-icon-simple-line-icon icon-globe \" style=\"font-size: 33px; ;color: #c18f59; \" ><\/i>\t\t\t\t\t\t\t<\/div>\n\t\t\t\t\t\t<\/div>\n\t\t\t\t\t<\/div>\n\t\t\t\t\n\t\t\t\t\t<div class=\"mkd-call-to-action-text\" >\n\t\t\t\t\t\t<h3>Brauchen Sie Hilfe bei rechtlichen Problemen? Kontaktieren Sie uns jetzt.<\/h3>\n\t\t\t\t\t<\/div>\n\n\t\t\t\t<\/div>\n\n\t\t\t\t\n\t\t\t\t\t<div class=\"mkd-button-wrapper mkd-call-to-action-column2 mkd-call-to-action-cell\" style =\"text-align: right ;\">\n\n\t\t\t\t\t\t<a href=\"\/de\/kontakt\/\" target=\"_self\" style=\"background-color: #3e475d\" class=\"mkd-btn mkd-btn-medium mkd-btn-solid mkd-btn-icon\"  >    <span class=\"mkd-btn-text\"  >Kontaktieren Sie uns jetzt<\/span><span class=\"mkd-btn-icon-holder\">            <span aria-hidden=\"true\" class=\"mkd-icon-font-elegant arrow_carrot-right mkd-btn-icon-elem\" ><\/span>            <span aria-hidden=\"true\" class=\"mkd-icon-font-elegant arrow_carrot-right mkd-btn-icon-elem\" ><\/span>        <\/span>    <\/a>\n\t\t\t\t\t<\/div>\n\n\t\t\t\t\n\t\t\t<\/div>\n\n\t\t\n\t<\/div>\n\n[vc_empty_space height=&#8220;70px&#8220;][\/vc_column][vc_column width=&#8220;1\/2&#8243; offset=&#8220;vc_col-lg-offset-0 vc_col-lg-3 vc_col-md-offset-3 vc_col-md-6 vc_col-sm-offset-3&#8243; css=&#8220;.vc_custom_1448019881202{padding-right: 0px !important;padding-left: 0px !important;}&#8220;][vc_row_inner][vc_column_inner]\n<div class=\"mkd-team linked more-info-shown\">\n\t<div class=\"mkd-team-inner\">\n\t\t\t\t\t<div class=\"mkd-team-image\">\n                <img loading=\"lazy\" decoding=\"async\" width=\"303\" height=\"303\" src=\"https:\/\/vaic.hr\/wp-content\/uploads\/2024\/11\/team_07.jpg\" class=\"attachment-full size-full\" alt=\"\" srcset=\"https:\/\/vaic.hr\/wp-content\/uploads\/2024\/11\/team_07.jpg 303w, https:\/\/vaic.hr\/wp-content\/uploads\/2024\/11\/team_07-300x300.jpg 300w, https:\/\/vaic.hr\/wp-content\/uploads\/2024\/11\/team_07-150x150.jpg 150w, https:\/\/vaic.hr\/wp-content\/uploads\/2024\/11\/team_07-100x100.jpg 100w\" sizes=\"auto, (max-width: 303px) 100vw, 303px\" \/>\t\t\t<\/div>\n\t\t\n\t\t\t\t<div class=\"mkd-team-info\">\n\t\t\t\t\t\t\t<div class=\"mkd-team-title-holder\">\n\t\t\t\t\t\t\t\t\t\t\t<h4 class=\"mkd-team-name\" >\n\t\t\t\t\t\t\tNikola Vai\u0107\t\t\t\t\t\t<\/h4>\n\t\t\t\t\t\t\t\t\t\t\t\t\t\t\t\t<h5 class=\"mkd-team-position\" style=\"color: #ffffff\">Gr\u00fcnder<\/h5>\n\t\t\t\t\t\t\t\t\t<\/div>\n\t\t\t\t\t\t\t\t<div class=\"mkd-team-read-more\">\n\t\t\t\t\t\t\t\t<a href=\"https:\/\/vaic.hr\/our-team\/\">\n\t\t\t\t\t<span class=\"mkd-team-read-more-inner\">\n\t\t\t\t\t\t<span class=\"mkd-team-read-more-text\">Erfolgsraten anzeigen<\/span>\n\t\t\t\t\t\t<span aria-hidden=\"true\" class=\"arrow_carrot-right_alt2 mkd-team-read-more-icon\"><\/span>\n\t\t\t\t\t<\/span>\n\t\t\t\t<\/a>\n\t\t\t\t\t\t\t<\/div>\n\t\t<\/div>\n\t<\/div>\n\t\t<div class=\"mkd-team-social-holder\">\n\t\t<div class=\"mkd-team-social\">\n\t\t\t<div class=\"mkd-team-social-inner\">\n\t\t\t\t<div class=\"mkd-team-social-wrapp clearfix\">\n\n\t\t\t\t\t\n\t\t\t\t<\/div>\n\t\t\t<\/div>\n\t\t<\/div>\n\t<\/div>\n\t<span class=\"mkd-team-triangle\"><\/span>\n<\/div>[\/vc_column_inner][\/vc_row_inner][vc_empty_space height=&#8220;70px&#8220;]<div class=\"mkd-elements-holder mkd-responsive-mode-768\" ><div class=\"mkd-elements-holder-item mkd-horizontal-alignment-center\" >\n\t<div class=\"mkd-elements-holder-item-inner\">\n\t\t<div class=\"mkd-elements-holder-item-content mkd-elements-holder-custom-434497\" style=\"padding: 0px 15px\">\n\t\t\t\t\t\t[vc_widget_sidebar sidebar_id=&#8220;team-member-sidebar&#8220;]\t\t<\/div>\n\t<\/div>\n<\/div><\/div>[vc_empty_space height=&#8220;70px&#8220;][\/vc_column][\/vc_row]<\/p>\n<\/div>","protected":false},"excerpt":{"rendered":"<p>[vc_row content_width=&#8220;grid&#8220; triangle_shape=&#8220;no&#8220; css=&#8220;.vc_custom_1447677425868{padding-top: 70px !important;}&#8220;][vc_column offset=&#8220;vc_col-lg-9 vc_col-md-12&#8243;][vc_row_inner css=&#8220;.vc_custom_1447678838422{padding-top: 40px !important;padding-bottom: 10px !important;}&#8220;][vc_column_inner width=&#8220;1\/2&#8243;][vc_empty_space height=&#8220;20px&#8220;][vc_empty_space height=&#8220;6px&#8220;][\/vc_column_inner][vc_column_inner width=&#8220;1\/2&#8243;][vc_empty_space height=&#8220;20px&#8220;][vc_empty_space height=&#8220;6px&#8220;][vc_empty_space height=&#8220;6px&#8220;][vc_empty_space height=&#8220;6px&#8220;][vc_empty_space height=&#8220;6px&#8220;][\/vc_column_inner][\/vc_row_inner][vc_row_inner css=&#8220;.vc_custom_1447678838422{padding-top: 40px !important;padding-bottom: 10px !important;}&#8220;][vc_column_inner width=&#8220;1\/2&#8243;][vc_empty_space height=&#8220;20px&#8220;][vc_empty_space height=&#8220;6px&#8220;][vc_empty_space height=&#8220;6px&#8220;][vc_empty_space height=&#8220;6px&#8220;][vc_empty_space height=&#8220;6px&#8220;][vc_empty_space height=&#8220;6px&#8220;][vc_empty_space height=&#8220;40px&#8220;][\/vc_column_inner][vc_column_inner width=&#8220;1\/2&#8243;][vc_empty_space height=&#8220;20px&#8220;][vc_empty_space height=&#8220;40px&#8220;][\/vc_column_inner][\/vc_row_inner][vc_empty_space height=&#8220;15px&#8220;][vc_column_text]Nikola Vai\u0107 wurde am 26. Februar 1941 geboren. Er hat die Grundschule \u201eMatteotti\u201c in Rijeka in Italienisch absolviert, wo er die italienische Sprache gelernt hat. 1964 hat er sein Studium an der Rechtswissenschaftlichen Fakult\u00e4t in Zagreb abgeschlossen, damals die einzige in Kroatien. Danach hat er in Hamburg bei den Rechtsanw\u00e4lten Pfl\u00fcger und Sch\u00f6n volontiert, die sich haupts\u00e4chlich mit See- und Wirtschaftsrecht befassten&#8230;.<\/p>\n","protected":false},"author":1,"featured_media":0,"parent":0,"menu_order":0,"comment_status":"closed","ping_status":"closed","template":"full-width.php","meta":{"footnotes":""},"class_list":["post-5562","page","type-page","status-publish","hentry"],"yoast_head":"<!-- This site is optimized with the Yoast SEO plugin v26.6 - https:\/\/yoast.com\/wordpress\/plugins\/seo\/ -->\n<title>Nikola Vai\u0107 | Gr\u00fcnder und Rechtsanwalt<\/title>\n<meta name=\"description\" content=\"Nikola Vai\u0107, Gr\u00fcnder der Kanzlei Vaic &amp; Dvornicic, verf\u00fcgt \u00fcber 60 Jahre Erfahrung in Seerecht, Schadensersatzrecht und mehr\" \/>\n<meta name=\"robots\" content=\"index, follow, max-snippet:-1, max-image-preview:large, max-video-preview:-1\" \/>\n<link rel=\"canonical\" href=\"https:\/\/vaic.hr\/de\/nikola-vaic\/\" \/>\n<meta property=\"og:locale\" content=\"de_DE\" \/>\n<meta property=\"og:type\" content=\"article\" \/>\n<meta property=\"og:title\" content=\"Nikola Vai\u0107 | Gr\u00fcnder und Rechtsanwalt\" \/>\n<meta property=\"og:description\" content=\"Nikola Vai\u0107, Gr\u00fcnder der Kanzlei Vaic &amp; Dvornicic, verf\u00fcgt \u00fcber 60 Jahre Erfahrung in Seerecht, Schadensersatzrecht und mehr\" \/>\n<meta property=\"og:url\" content=\"https:\/\/vaic.hr\/de\/nikola-vaic\/\" \/>\n<meta property=\"og:site_name\" content=\"Anwaltsgesellschaft Vai\u0107 &amp; Dvorni\u010di\u0107 G. m. b. H.\" \/>\n<meta property=\"article:modified_time\" content=\"2025-09-22T19:54:11+00:00\" \/>\n<meta name=\"twitter:card\" content=\"summary_large_image\" \/>\n<meta name=\"twitter:label1\" content=\"Gesch\u00e4tzte Lesezeit\" \/>\n\t<meta name=\"twitter:data1\" content=\"3\u00a0Minuten\" \/>\n<script type=\"application\/ld+json\" class=\"yoast-schema-graph\">{\"@context\":\"https:\/\/schema.org\",\"@graph\":[{\"@type\":\"WebPage\",\"@id\":\"https:\/\/vaic.hr\/de\/nikola-vaic\/\",\"url\":\"https:\/\/vaic.hr\/de\/nikola-vaic\/\",\"name\":\"Nikola Vai\u0107 | Gr\u00fcnder und Rechtsanwalt\",\"isPartOf\":{\"@id\":\"https:\/\/vaic.hr\/de\/#website\"},\"datePublished\":\"2024-11-25T12:42:55+00:00\",\"dateModified\":\"2025-09-22T19:54:11+00:00\",\"description\":\"Nikola Vai\u0107, Gr\u00fcnder der Kanzlei Vaic & Dvornicic, verf\u00fcgt \u00fcber 60 Jahre Erfahrung in Seerecht, Schadensersatzrecht und mehr\",\"breadcrumb\":{\"@id\":\"https:\/\/vaic.hr\/de\/nikola-vaic\/#breadcrumb\"},\"inLanguage\":\"de\",\"potentialAction\":[{\"@type\":\"ReadAction\",\"target\":[\"https:\/\/vaic.hr\/de\/nikola-vaic\/\"]}]},{\"@type\":\"BreadcrumbList\",\"@id\":\"https:\/\/vaic.hr\/de\/nikola-vaic\/#breadcrumb\",\"itemListElement\":[{\"@type\":\"ListItem\",\"position\":1,\"name\":\"Po\u010detna stranica\",\"item\":\"https:\/\/vaic.hr\/de\/\"},{\"@type\":\"ListItem\",\"position\":2,\"name\":\"Nikola Vai\u0107\"}]},{\"@type\":\"WebSite\",\"@id\":\"https:\/\/vaic.hr\/de\/#website\",\"url\":\"https:\/\/vaic.hr\/de\/\",\"name\":\"Anwaltsgesellschaft Vai\u0107 &amp; Dvorni\u010di\u0107 G. m. b. H.\",\"description\":\"Pravno savjetovanje i zastupanje od 1938.g. u Republici Hrvatsko\",\"potentialAction\":[{\"@type\":\"SearchAction\",\"target\":{\"@type\":\"EntryPoint\",\"urlTemplate\":\"https:\/\/vaic.hr\/de\/?s={search_term_string}\"},\"query-input\":{\"@type\":\"PropertyValueSpecification\",\"valueRequired\":true,\"valueName\":\"search_term_string\"}}],\"inLanguage\":\"de\"}]}<\/script>\n<!-- \/ Yoast SEO plugin. -->","yoast_head_json":{"title":"Nikola Vai\u0107 | Gr\u00fcnder und Rechtsanwalt","description":"Nikola Vai\u0107, Gr\u00fcnder der Kanzlei Vaic & Dvornicic, verf\u00fcgt \u00fcber 60 Jahre Erfahrung in Seerecht, Schadensersatzrecht und mehr","robots":{"index":"index","follow":"follow","max-snippet":"max-snippet:-1","max-image-preview":"max-image-preview:large","max-video-preview":"max-video-preview:-1"},"canonical":"https:\/\/vaic.hr\/de\/nikola-vaic\/","og_locale":"de_DE","og_type":"article","og_title":"Nikola Vai\u0107 | Gr\u00fcnder und Rechtsanwalt","og_description":"Nikola Vai\u0107, Gr\u00fcnder der Kanzlei Vaic & Dvornicic, verf\u00fcgt \u00fcber 60 Jahre Erfahrung in Seerecht, Schadensersatzrecht und mehr","og_url":"https:\/\/vaic.hr\/de\/nikola-vaic\/","og_site_name":"Anwaltsgesellschaft Vai\u0107 &amp; Dvorni\u010di\u0107 G. m. b. H.","article_modified_time":"2025-09-22T19:54:11+00:00","twitter_card":"summary_large_image","twitter_misc":{"Gesch\u00e4tzte Lesezeit":"3\u00a0Minuten"},"schema":{"@context":"https:\/\/schema.org","@graph":[{"@type":"WebPage","@id":"https:\/\/vaic.hr\/de\/nikola-vaic\/","url":"https:\/\/vaic.hr\/de\/nikola-vaic\/","name":"Nikola Vai\u0107 | Gr\u00fcnder und Rechtsanwalt","isPartOf":{"@id":"https:\/\/vaic.hr\/de\/#website"},"datePublished":"2024-11-25T12:42:55+00:00","dateModified":"2025-09-22T19:54:11+00:00","description":"Nikola Vai\u0107, Gr\u00fcnder der Kanzlei Vaic & Dvornicic, verf\u00fcgt \u00fcber 60 Jahre Erfahrung in Seerecht, Schadensersatzrecht und mehr","breadcrumb":{"@id":"https:\/\/vaic.hr\/de\/nikola-vaic\/#breadcrumb"},"inLanguage":"de","potentialAction":[{"@type":"ReadAction","target":["https:\/\/vaic.hr\/de\/nikola-vaic\/"]}]},{"@type":"BreadcrumbList","@id":"https:\/\/vaic.hr\/de\/nikola-vaic\/#breadcrumb","itemListElement":[{"@type":"ListItem","position":1,"name":"Po\u010detna stranica","item":"https:\/\/vaic.hr\/de\/"},{"@type":"ListItem","position":2,"name":"Nikola Vai\u0107"}]},{"@type":"WebSite","@id":"https:\/\/vaic.hr\/de\/#website","url":"https:\/\/vaic.hr\/de\/","name":"Anwaltsgesellschaft Vai\u0107 &amp; Dvorni\u010di\u0107 G. m. b. H.","description":"Pravno savjetovanje i zastupanje od 1938.g. u Republici Hrvatsko","potentialAction":[{"@type":"SearchAction","target":{"@type":"EntryPoint","urlTemplate":"https:\/\/vaic.hr\/de\/?s={search_term_string}"},"query-input":{"@type":"PropertyValueSpecification","valueRequired":true,"valueName":"search_term_string"}}],"inLanguage":"de"}]}},"_links":{"self":[{"href":"https:\/\/vaic.hr\/de\/wp-json\/wp\/v2\/pages\/5562","targetHints":{"allow":["GET"]}}],"collection":[{"href":"https:\/\/vaic.hr\/de\/wp-json\/wp\/v2\/pages"}],"about":[{"href":"https:\/\/vaic.hr\/de\/wp-json\/wp\/v2\/types\/page"}],"author":[{"embeddable":true,"href":"https:\/\/vaic.hr\/de\/wp-json\/wp\/v2\/users\/1"}],"replies":[{"embeddable":true,"href":"https:\/\/vaic.hr\/de\/wp-json\/wp\/v2\/comments?post=5562"}],"version-history":[{"count":6,"href":"https:\/\/vaic.hr\/de\/wp-json\/wp\/v2\/pages\/5562\/revisions"}],"predecessor-version":[{"id":7096,"href":"https:\/\/vaic.hr\/de\/wp-json\/wp\/v2\/pages\/5562\/revisions\/7096"}],"wp:attachment":[{"href":"https:\/\/vaic.hr\/de\/wp-json\/wp\/v2\/media?parent=5562"}],"curies":[{"name":"wp","href":"https:\/\/api.w.org\/{rel}","templated":true}]}}