{"id":4528,"date":"2024-11-25T11:41:26","date_gmt":"2024-11-25T11:41:26","guid":{"rendered":"https:\/\/law.webdevbar.com\/?page_id=4528"},"modified":"2025-01-20T20:05:31","modified_gmt":"2025-01-20T20:05:31","slug":"bankruptcy-law","status":"publish","type":"page","link":"https:\/\/vaic.hr\/en\/bankruptcy-law\/","title":{"rendered":"Bankruptcy law"},"content":{"rendered":"<div class=\"wpb-content-wrapper\"><p>[vc_row content_width=&#8221;grid&#8221; triangle_shape=&#8221;no&#8221; css=&#8221;.vc_custom_1447677425868{padding-top: 70px !important;}&#8221;][vc_column offset=&#8221;vc_col-lg-9 vc_col-md-12&#8243;][vc_empty_space height=&#8221;33px&#8221;]\n<h2 class=\"mkd-custom-font-holder\" style=\"font-size: 20px;line-height: 20px;font-weight: 900;text-align: left;color: #000000\" data-font-size= 20 data-line-height= 20>\n\tIntroduction<\/h2>[vc_empty_space height=&#8221;15px&#8221;][vc_column_text]<\/p>\n<p style=\"font-size: 18px;\"><span style=\"font-weight: 400;\">Bankruptcy law in Croatia covers legal procedures related to the liquidity and insolvency of both individuals and legal entities, i.e., debtors. Our law firm provides comprehensive legal assistance in bankruptcy proceedings, including filing requests to initiate bankruptcy proceedings, submitting claims, and providing advice during pre-bankruptcy settlements. We support both debtors and creditors to ensure a fair outcome in accordance with applicable legislation, whether it&#8217;s consumer bankruptcy or corporate bankruptcy.<\/span><\/p>\n<p>[\/vc_column_text][vc_row_inner css=&#8221;.vc_custom_1447678838422{padding-top: 40px !important;padding-bottom: 10px !important;}&#8221;][vc_column_inner width=&#8221;1\/2&#8243;]\n<h2 class=\"mkd-custom-font-holder\" style=\"font-size: 16px;line-height: 20px;font-weight: 900;color: #000000\" data-font-size= 16 data-line-height= 20>\n\t<\/h2>[vc_empty_space height=&#8221;20px&#8221;]<div class=\"mkd-icon-list-item\">\n\t<div class=\"mkd-icon-list-icon-holder\">\n        <div class=\"mkd-icon-list-icon-holder-inner clearfix\" data-icon-size=18>\n\t\t\t<span aria-hidden=\"true\" class=\"mkd-icon-font-elegant icon_check \" style=\"color:#c18f59;font-size:18px\" ><\/span>\t\t<\/div>\n\t<\/div>\n\t<p class=\"mkd-icon-list-text\" style=\"color:#6a6a6a;font-size:18px;text-transform:none;font-weight:400\" data-title-size=18> Filing a request to initiate a bankruptcy proceeding<\/p>\n<\/div>[vc_empty_space height=&#8221;6px&#8221;]<div class=\"mkd-icon-list-item\">\n\t<div class=\"mkd-icon-list-icon-holder\">\n        <div class=\"mkd-icon-list-icon-holder-inner clearfix\" data-icon-size=18>\n\t\t\t<span aria-hidden=\"true\" class=\"mkd-icon-font-elegant icon_check \" style=\"color:#c18f59;font-size:18px\" ><\/span>\t\t<\/div>\n\t<\/div>\n\t<p class=\"mkd-icon-list-text\" style=\"color:#6a6a6a;font-size:18px;text-transform:none;font-weight:400\" data-title-size=18> Opening bankruptcy proceedings<\/p>\n<\/div>[vc_empty_space height=&#8221;6px&#8221;]<div class=\"mkd-icon-list-item\">\n\t<div class=\"mkd-icon-list-icon-holder\">\n        <div class=\"mkd-icon-list-icon-holder-inner clearfix\" data-icon-size=18>\n\t\t\t<span aria-hidden=\"true\" class=\"mkd-icon-font-elegant icon_check \" style=\"color:#c18f59;font-size:18px\" ><\/span>\t\t<\/div>\n\t<\/div>\n\t<p class=\"mkd-icon-list-text\" style=\"color:#6a6a6a;font-size:18px;text-transform:none;font-weight:400\" data-title-size=18> Pre-bankruptcy settlement<\/p>\n<\/div>[vc_empty_space height=&#8221;6px&#8221;]<div class=\"mkd-icon-list-item\">\n\t<div class=\"mkd-icon-list-icon-holder\">\n        <div class=\"mkd-icon-list-icon-holder-inner clearfix\" data-icon-size=18>\n\t\t\t<span aria-hidden=\"true\" class=\"mkd-icon-font-elegant icon_check \" style=\"color:#c18f59;font-size:18px\" ><\/span>\t\t<\/div>\n\t<\/div>\n\t<p class=\"mkd-icon-list-text\" style=\"color:#6a6a6a;font-size:18px;text-transform:none;font-weight:400\" data-title-size=18> Restructuring plan<\/p>\n<\/div>[vc_empty_space height=&#8221;6px&#8221;]<div class=\"mkd-icon-list-item\">\n\t<div class=\"mkd-icon-list-icon-holder\">\n        <div class=\"mkd-icon-list-icon-holder-inner clearfix\" data-icon-size=18>\n\t\t\t<span aria-hidden=\"true\" class=\"mkd-icon-font-elegant icon_check \" style=\"color:#c18f59;font-size:18px\" ><\/span>\t\t<\/div>\n\t<\/div>\n\t<p class=\"mkd-icon-list-text\" style=\"color:#6a6a6a;font-size:18px;text-transform:none;font-weight:400\" data-title-size=18> Bankruptcy plan<\/p>\n<\/div>[vc_empty_space height=&#8221;6px&#8221;][\/vc_column_inner][vc_column_inner width=&#8221;1\/2&#8243;]\n<h2 class=\"mkd-custom-font-holder\" style=\"font-size: 16px;line-height: 20px;font-weight: 900;color: #000000\" data-font-size= 16 data-line-height= 20>\n\t<\/h2>[vc_empty_space height=&#8221;20px&#8221;]<div class=\"mkd-icon-list-item\">\n\t<div class=\"mkd-icon-list-icon-holder\">\n        <div class=\"mkd-icon-list-icon-holder-inner clearfix\" data-icon-size=18>\n\t\t\t<span aria-hidden=\"true\" class=\"mkd-icon-font-elegant icon_check \" style=\"color:#c18f59;font-size:18px\" ><\/span>\t\t<\/div>\n\t<\/div>\n\t<p class=\"mkd-icon-list-text\" style=\"color:#6a6a6a;font-size:18px;text-transform:none;font-weight:400\" data-title-size=18> Filing claims<\/p>\n<\/div>[vc_empty_space height=&#8221;6px&#8221;]<div class=\"mkd-icon-list-item\">\n\t<div class=\"mkd-icon-list-icon-holder\">\n        <div class=\"mkd-icon-list-icon-holder-inner clearfix\" data-icon-size=18>\n\t\t\t<span aria-hidden=\"true\" class=\"mkd-icon-font-elegant icon_check \" style=\"color:#c18f59;font-size:18px\" ><\/span>\t\t<\/div>\n\t<\/div>\n\t<p class=\"mkd-icon-list-text\" style=\"color:#6a6a6a;font-size:18px;text-transform:none;font-weight:400\" data-title-size=18> Creditors&#039; assembly<\/p>\n<\/div>[vc_empty_space height=&#8221;6px&#8221;]<div class=\"mkd-icon-list-item\">\n\t<div class=\"mkd-icon-list-icon-holder\">\n        <div class=\"mkd-icon-list-icon-holder-inner clearfix\" data-icon-size=18>\n\t\t\t<span aria-hidden=\"true\" class=\"mkd-icon-font-elegant icon_check \" style=\"color:#c18f59;font-size:18px\" ><\/span>\t\t<\/div>\n\t<\/div>\n\t<p class=\"mkd-icon-list-text\" style=\"color:#6a6a6a;font-size:18px;text-transform:none;font-weight:400\" data-title-size=18> Seperate creditors and creditors with right of separation<\/p>\n<\/div>[vc_empty_space height=&#8221;6px&#8221;]<div class=\"mkd-icon-list-item\">\n\t<div class=\"mkd-icon-list-icon-holder\">\n        <div class=\"mkd-icon-list-icon-holder-inner clearfix\" data-icon-size=18>\n\t\t\t<span aria-hidden=\"true\" class=\"mkd-icon-font-elegant icon_check \" style=\"color:#c18f59;font-size:18px\" ><\/span>\t\t<\/div>\n\t<\/div>\n\t<p class=\"mkd-icon-list-text\" style=\"color:#6a6a6a;font-size:18px;text-transform:none;font-weight:400\" data-title-size=18> Bankruptcy administrator<\/p>\n<\/div>[vc_empty_space height=&#8221;6px&#8221;]<div class=\"mkd-icon-list-item\">\n\t<div class=\"mkd-icon-list-icon-holder\">\n        <div class=\"mkd-icon-list-icon-holder-inner clearfix\" data-icon-size=18>\n\t\t\t<span aria-hidden=\"true\" class=\"mkd-icon-font-elegant icon_check \" style=\"color:#c18f59;font-size:18px\" ><\/span>\t\t<\/div>\n\t<\/div>\n\t<p class=\"mkd-icon-list-text\" style=\"color:#6a6a6a;font-size:18px;text-transform:none;font-weight:400\" data-title-size=18> Consumer bankruptcy<\/p>\n<\/div>[vc_empty_space height=&#8221;6px&#8221;][\/vc_column_inner][\/vc_row_inner][vc_row_inner css=&#8221;.vc_custom_1447678838422{padding-top: 40px !important;padding-bottom: 10px !important;}&#8221;][vc_column_inner]\n<h2 class=\"mkd-custom-font-holder\" style=\"font-size: 16px;line-height: 20px;font-weight: 900;color: #000000\" data-font-size= 16 data-line-height= 20>\n\tBankruptcy Proceedings<\/h2>[vc_empty_space height=&#8221;20px&#8221;][vc_column_text]<\/p>\n<p style=\"font-size: 18px;\"><strong>Filing a request to initiate a bankruptcy proceeding:<\/strong> We assist in submitting requests to initiate bankruptcy proceedings, whether it concerns consumer bankruptcy or corporate bankruptcy, ensuring that all necessary documents are properly prepared and submitted to the competent court.<\/p>\n<p>[\/vc_column_text][vc_empty_space height=&#8221;10px&#8221;][vc_column_text]<\/p>\n<p style=\"font-size: 18px;\"><strong>Opening bankruptcy proceedings:<\/strong> We advise on the conditions and procedures for opening bankruptcy proceedings and represent clients throughout the process after the initiation of bankruptcy proceedings.<\/p>\n<p>[\/vc_column_text][vc_empty_space height=&#8221;20px&#8221;]\n<h2 class=\"mkd-custom-font-holder\" style=\"font-size: 16px;line-height: 20px;font-weight: 900;color: #000000\" data-font-size= 16 data-line-height= 20>\n\tPre-bankruptcy settlement and restructuring<\/h2>[vc_empty_space height=&#8221;20px&#8221;][vc_column_text]<\/p>\n<p style=\"font-size: 18px;\"><strong>Pre-bankruptcy settlement:<\/strong> We advise and represent clients in negotiations for a pre-bankruptcy settlement, aiming to reach an agreement between debtors and creditors to avoid bankruptcy and enable business recovery.<\/p>\n<p>[\/vc_column_text][vc_empty_space height=&#8221;10px&#8221;][vc_column_text]<\/p>\n<p style=\"font-size: 18px;\"><strong>Restructuring plan:<\/strong> We assist in the creation and implementation of restructuring plans for companies in financial distress, with the goal of maintaining business operations and avoiding bankruptcy.<\/p>\n<p>[\/vc_column_text][vc_empty_space height=&#8221;20px&#8221;]\n<h2 class=\"mkd-custom-font-holder\" style=\"font-size: 16px;line-height: 20px;font-weight: 900;color: #000000\" data-font-size= 16 data-line-height= 20>\n\tFiling claims and creditor rights<\/h2>[vc_empty_space height=&#8221;20px&#8221;][vc_column_text]<\/p>\n<p style=\"font-size: 18px;\"><strong>Filing claims:<\/strong> We provide legal assistance to creditors in filing their claims within the bankruptcy proceedings to ensure their claims are recognized and adequately addressed.<\/p>\n<p>[\/vc_column_text][vc_empty_space height=&#8221;10px&#8221;][vc_column_text]<\/p>\n<p style=\"font-size: 18px;\"><strong>Creditors&#8217; assembly:<\/strong> We represent creditors at creditors&#8217; assemblies, where key decisions regarding the next steps in the bankruptcy proceedings are made.<\/p>\n<p>[\/vc_column_text][vc_empty_space height=&#8221;10px&#8221;][vc_column_text]<\/p>\n<p style=\"font-size: 18px;\"><strong>Seperate creditors and creditors with right of separation:<\/strong> We ensure representation and legal support for seperate creditors and creditors with right of separation who have specific rights to collect from certain assets of the debtor or the right to exclude certain assets from the bankruptcy estate.<\/p>\n<p>[\/vc_column_text][vc_empty_space height=&#8221;20px&#8221;]\n<h2 class=\"mkd-custom-font-holder\" style=\"font-size: 16px;line-height: 20px;font-weight: 900;color: #000000\" data-font-size= 16 data-line-height= 20>\n\tBankruptcy administrator<\/h2>[vc_empty_space height=&#8221;20px&#8221;][vc_column_text]<\/p>\n<p style=\"font-size: 18px;\"><strong>Bankruptcy administrator:<\/strong> We assist in all phases of the process, including cooperation with the bankruptcy administrator, who is responsible for managing the process and distributing the bankruptcy estate.<\/p>\n<p>[\/vc_column_text][vc_empty_space height=&#8221;10px&#8221;][vc_column_text]<\/p>\n<p style=\"font-size: 18px;\"><strong>Bankruptcy plan:<\/strong> We advise debtors and creditors on the contents of the bankruptcy plan, which outlines how the bankruptcy estate will be distributed to satisfy the obligations to creditors.<\/p>\n<p>[\/vc_column_text][vc_empty_space height=&#8221;20px&#8221;]\n<h2 class=\"mkd-custom-font-holder\" style=\"font-size: 16px;line-height: 20px;font-weight: 900;color: #000000\" data-font-size= 16 data-line-height= 20>\n\tDischarge of remaining debts<\/h2>[vc_empty_space height=&#8221;20px&#8221;][vc_column_text]<\/p>\n<p style=\"font-size: 18px;\"><strong>Consumer bankruptcy:<\/strong> We provide advice on the possibilities and procedures for consumer bankruptcy, which may result in the debtor being discharged from remaining debts after the completion of the proceedings.<\/p>\n<p>[\/vc_column_text][vc_empty_space height=&#8221;20px&#8221;]\n<h2 class=\"mkd-custom-font-holder\" style=\"font-size: 16px;line-height: 20px;font-weight: 900;color: #000000\" data-font-size= 16 data-line-height= 20>\n\tConclusion<\/h2>[vc_empty_space height=&#8221;10px&#8221;][vc_column_text]<\/p>\n<p style=\"font-size: 18px;\">Bankruptcy law covers a broad range of procedures related to the insolvency and restructuring of debtors. Our law firm offers support to both debtors and creditors through all stages of the bankruptcy process, from filing petitions for bankruptcy to submitting claims and restructuring. We provide legal assistance to ensure a lawful outcome, whether it concerns consumer or corporate bankruptcy.<\/p>\n<p>[\/vc_column_text][vc_empty_space height=&#8221;20px&#8221;][\/vc_column_inner][\/vc_row_inner]<div class=\"mkd-separator-holder clearfix  mkd-separator-center\" style=\"height: 10px\">\n\t<div class=\"mkd-separator\" style=\"border-color: #c18f59;width: 100%;border-bottom-width: 10pxpx\"><\/div>\n<\/div>\n\n<h2 class=\"mkd-custom-font-holder\" style=\"font-size: 25px;font-weight: 400;text-align: left;color: #000000\" data-font-size= 25px>\n\tFrequently asked questions<\/h2>[vc_empty_space height=&#8221;25px&#8221;]<div class=\"mkd-accordion-holder clearfix mkd-accordion mkd-initial \">\n\t<h6 class=\"clearfix mkd-title-holder\">\n\t<span class=\"mkd-accordion-mark mkd-left-mark\">\n\t\t<span class=\"mkd-accordion-mark-icon\">\n\t\t\t<i class=\"icon-arrow-down-circle\"><\/i>\n\t\t<\/span>\n\t<\/span>\n\t<span class=\"mkd-tab-title\" style=\"padding: 13px 0\">\n\t\t<span class=\"mkd-tab-title-inner\">\n\t\t\tWhat is a pre-bankruptcy settlement?\t\t<\/span>\n\t<\/span>\n<\/h6><div class=\"mkd-accordion-content\">\n\t<div class=\"mkd-accordion-content-inner\" style=\"padding: 11px 15px 20px 15px\">\n\t\t[vc_column_text]A pre-bankruptcy settlement is an enforceable document, by law, for all creditors whose claims are established within it.[\/vc_column_text]\t<\/div>\n<\/div>\n<h6 class=\"clearfix mkd-title-holder\">\n\t<span class=\"mkd-accordion-mark mkd-left-mark\">\n\t\t<span class=\"mkd-accordion-mark-icon\">\n\t\t\t<i class=\"icon-arrow-down-circle\"><\/i>\n\t\t<\/span>\n\t<\/span>\n\t<span class=\"mkd-tab-title\" style=\"padding: 13px 0\">\n\t\t<span class=\"mkd-tab-title-inner\">\n\t\t\tWhat is the bankruptcy estate?\t\t<\/span>\n\t<\/span>\n<\/h6><div class=\"mkd-accordion-content\">\n\t<div class=\"mkd-accordion-content-inner\" style=\"padding: 11px 15px 20px 15px\">\n\t\t[vc_column_text]The bankruptcy estate includes all of the debtor&#8217;s assets at the time of the opening of the bankruptcy proceedings, as well as any assets acquired during the bankruptcy proceedings.[\/vc_column_text]\t<\/div>\n<\/div>\n<h6 class=\"clearfix mkd-title-holder\">\n\t<span class=\"mkd-accordion-mark mkd-left-mark\">\n\t\t<span class=\"mkd-accordion-mark-icon\">\n\t\t\t<i class=\"icon-arrow-down-circle\"><\/i>\n\t\t<\/span>\n\t<\/span>\n\t<span class=\"mkd-tab-title\" style=\"padding: 13px 0\">\n\t\t<span class=\"mkd-tab-title-inner\">\n\t\t\tWho can file a request to initiate bankruptcy proceedings?\t\t<\/span>\n\t<\/span>\n<\/h6><div class=\"mkd-accordion-content\">\n\t<div class=\"mkd-accordion-content-inner\" style=\"padding: 11px 15px 20px 15px\">\n\t\t[vc_column_text]A request to initiate bankruptcy proceedings can be filed by a creditor who can substantiate the likelihood of their claim and the existence of a bankruptcy reason, or by the debtor. A secured creditor is entitled to file a request for the initiation of bankruptcy proceedings if they can make it probable that their claim will not be fully satisfied from the object related to their secured right.<br \/>\n[\/vc_column_text]\t<\/div>\n<\/div>\n<h6 class=\"clearfix mkd-title-holder\">\n\t<span class=\"mkd-accordion-mark mkd-left-mark\">\n\t\t<span class=\"mkd-accordion-mark-icon\">\n\t\t\t<i class=\"icon-arrow-down-circle\"><\/i>\n\t\t<\/span>\n\t<\/span>\n\t<span class=\"mkd-tab-title\" style=\"padding: 13px 0\">\n\t\t<span class=\"mkd-tab-title-inner\">\n\t\t\tWhat is consumer bankruptcy?\t\t<\/span>\n\t<\/span>\n<\/h6><div class=\"mkd-accordion-content\">\n\t<div class=\"mkd-accordion-content-inner\" style=\"padding: 11px 15px 20px 15px\">\n\t\t[vc_column_text]A consumer, in the context of the Consumer bankruptcy Act, is any natural person who enters into a legal transaction or acts in the market outside of their commercial, business, craft, or professional activities. Consumer bankruptcy is initiated when a consumer becomes unable to pay.<br \/>\n[\/vc_column_text]\t<\/div>\n<\/div>\n<\/div>[vc_empty_space height=&#8221;70px&#8221;]\n\n\t<div class=\"mkd-call-to-action with-icon\" style=\"background-color: #f2f2f2;border: 1px solid #d8d8d8;\">\n\n\t\t\t\t\t<div class=\"mkd-call-to-action-row-66-33 clearfix\" style=\"padding: 2%;\">\n\t\t\n\t\t\t\t<div class=\"mkd-text-wrapper mkd-call-to-action-column1 mkd-call-to-action-cell\">\n\n\t\t\t\t\t\t\t\t\t<div class=\"mkd-call-to-action-icon-holder\">\n\t\t\t\t\t\t<div class=\"mkd-call-to-action-icon\">\n\t\t\t\t\t\t\t<div class=\"mkd-call-to-action-icon-inner\">\n\t\t\t\t\t\t\t\t<i class=\"mkd-icon-simple-line-icon icon-globe \" style=\"font-size: 33px; ;color: #c18f59; \" ><\/i>\t\t\t\t\t\t\t<\/div>\n\t\t\t\t\t\t<\/div>\n\t\t\t\t\t<\/div>\n\t\t\t\t\n\t\t\t\t\t<div class=\"mkd-call-to-action-text\" >\n\t\t\t\t\t\t<h3><span style=\"color: #222222;\">Need help with any kind of legal issues? Contact us now.<\/span><\/h3>\n\t\t\t\t\t<\/div>\n\n\t\t\t\t<\/div>\n\n\t\t\t\t\n\t\t\t\t\t<div class=\"mkd-button-wrapper mkd-call-to-action-column2 mkd-call-to-action-cell\" style =\"text-align: right ;\">\n\n\t\t\t\t\t\t<a href=\"\/en\/contact\/\" target=\"_self\" style=\"background-color: #3e475d\" class=\"mkd-btn mkd-btn-medium mkd-btn-solid mkd-btn-icon\"  >    <span class=\"mkd-btn-text\"  >Contact us now<\/span><span class=\"mkd-btn-icon-holder\">            <span aria-hidden=\"true\" class=\"mkd-icon-font-elegant arrow_carrot-right mkd-btn-icon-elem\" ><\/span>            <span aria-hidden=\"true\" class=\"mkd-icon-font-elegant arrow_carrot-right mkd-btn-icon-elem\" ><\/span>        <\/span>    <\/a>\n\t\t\t\t\t<\/div>\n\n\t\t\t\t\n\t\t\t<\/div>\n\n\t\t\n\t<\/div>\n\n[vc_empty_space height=&#8221;70px&#8221;][\/vc_column][vc_column width=&#8221;1\/2&#8243; offset=&#8221;vc_col-lg-offset-0 vc_col-lg-3 vc_col-md-offset-3 vc_col-md-6 vc_col-sm-offset-3&#8243; css=&#8221;.vc_custom_1448019881202{padding-right: 0px !important;padding-left: 0px !important;}&#8221;]<div class=\"mkd-elements-holder mkd-responsive-mode-768\" ><div class=\"mkd-elements-holder-item mkd-horizontal-alignment-left\" >\n\t<div class=\"mkd-elements-holder-item-inner\">\n\t\t<div class=\"mkd-elements-holder-item-content mkd-elements-holder-custom-265735\" style=\"padding: 0px 15px\">\n\t\t\t\t\t\t[vc_widget_sidebar sidebar_id=&#8221;practice-areas&#8221;]\t\t<\/div>\n\t<\/div>\n<\/div><\/div>[vc_empty_space height=&#8221;70px&#8221;][\/vc_column][\/vc_row][vc_row triangle_shape=&#8221;no&#8221;][vc_column][vc_row_inner][vc_column_inner][\/vc_column_inner][\/vc_row_inner][\/vc_column][\/vc_row]<\/p>\n<\/div>","protected":false},"excerpt":{"rendered":"<p>[vc_row content_width=&#8221;grid&#8221; triangle_shape=&#8221;no&#8221; css=&#8221;.vc_custom_1447677425868{padding-top: 70px !important;}&#8221;][vc_column offset=&#8221;vc_col-lg-9 vc_col-md-12&#8243;][vc_empty_space height=&#8221;33px&#8221;][vc_empty_space height=&#8221;15px&#8221;][vc_column_text] Bankruptcy law in Croatia covers legal procedures related to the liquidity and insolvency of both individuals and legal entities, i.e., debtors. Our law firm provides comprehensive legal assistance in bankruptcy proceedings, including filing requests to initiate bankruptcy proceedings, submitting claims, and providing advice during pre-bankruptcy settlements. We support both debtors and creditors to ensure a fair outcome in accordance with applicable legislation, whether it&#8217;s consumer bankruptcy or corporate bankruptcy. [\/vc_column_text][vc_row_inner css=&#8221;.vc_custom_1447678838422{padding-top: 40px !important;padding-bottom: 10px !important;}&#8221;][vc_column_inner width=&#8221;1\/2&#8243;][vc_empty_space height=&#8221;20px&#8221;][vc_empty_space height=&#8221;6px&#8221;][vc_empty_space height=&#8221;6px&#8221;][vc_empty_space height=&#8221;6px&#8221;][vc_empty_space height=&#8221;6px&#8221;][vc_empty_space height=&#8221;6px&#8221;][\/vc_column_inner][vc_column_inner width=&#8221;1\/2&#8243;][vc_empty_space height=&#8221;20px&#8221;][vc_empty_space height=&#8221;6px&#8221;][vc_empty_space height=&#8221;6px&#8221;][vc_empty_space height=&#8221;6px&#8221;][vc_empty_space height=&#8221;6px&#8221;][vc_empty_space height=&#8221;6px&#8221;][\/vc_column_inner][\/vc_row_inner][vc_row_inner css=&#8221;.vc_custom_1447678838422{padding-top:&#8230;<\/p>\n","protected":false},"author":1,"featured_media":0,"parent":0,"menu_order":0,"comment_status":"closed","ping_status":"closed","template":"full-width.php","meta":{"footnotes":""},"class_list":["post-4528","page","type-page","status-publish","hentry"],"yoast_head":"<!-- This site is optimized with the Yoast SEO plugin v26.6 - https:\/\/yoast.com\/wordpress\/plugins\/seo\/ -->\n<title>Bankruptcy Law | Rijeka, Croatia | Vaic &amp; Dvornicic<\/title>\n<meta name=\"description\" content=\"Professional support in bankruptcy law in Croatia. Your law firm for bankruptcy proceedings, creditor rights, and debt restructuring.\" \/>\n<meta name=\"robots\" content=\"index, follow, max-snippet:-1, max-image-preview:large, max-video-preview:-1\" \/>\n<link rel=\"canonical\" href=\"https:\/\/vaic.hr\/en\/bankruptcy-law\/\" \/>\n<meta property=\"og:locale\" content=\"en_US\" \/>\n<meta property=\"og:type\" content=\"article\" \/>\n<meta property=\"og:title\" content=\"Bankruptcy Law | Rijeka, Croatia | Vaic &amp; Dvornicic\" \/>\n<meta property=\"og:description\" content=\"Professional support in bankruptcy law in Croatia. Your law firm for bankruptcy proceedings, creditor rights, and debt restructuring.\" \/>\n<meta property=\"og:url\" content=\"https:\/\/vaic.hr\/en\/bankruptcy-law\/\" \/>\n<meta property=\"og:site_name\" content=\"Law firm Vai\u0107 &amp; Dvorni\u010di\u0107 Ltd.\" \/>\n<meta property=\"article:modified_time\" content=\"2025-01-20T20:05:31+00:00\" \/>\n<meta name=\"twitter:card\" content=\"summary_large_image\" \/>\n<meta name=\"twitter:label1\" content=\"Est. reading time\" \/>\n\t<meta name=\"twitter:data1\" content=\"6 minutes\" \/>\n<script type=\"application\/ld+json\" class=\"yoast-schema-graph\">{\"@context\":\"https:\/\/schema.org\",\"@graph\":[{\"@type\":\"WebPage\",\"@id\":\"https:\/\/vaic.hr\/en\/bankruptcy-law\/\",\"url\":\"https:\/\/vaic.hr\/en\/bankruptcy-law\/\",\"name\":\"Bankruptcy Law | Rijeka, Croatia | Vaic & Dvornicic\",\"isPartOf\":{\"@id\":\"https:\/\/vaic.hr\/en\/#website\"},\"datePublished\":\"2024-11-25T11:41:26+00:00\",\"dateModified\":\"2025-01-20T20:05:31+00:00\",\"description\":\"Professional support in bankruptcy law in Croatia. Your law firm for bankruptcy proceedings, creditor rights, and debt restructuring.\",\"breadcrumb\":{\"@id\":\"https:\/\/vaic.hr\/en\/bankruptcy-law\/#breadcrumb\"},\"inLanguage\":\"en-US\",\"potentialAction\":[{\"@type\":\"ReadAction\",\"target\":[\"https:\/\/vaic.hr\/en\/bankruptcy-law\/\"]}]},{\"@type\":\"BreadcrumbList\",\"@id\":\"https:\/\/vaic.hr\/en\/bankruptcy-law\/#breadcrumb\",\"itemListElement\":[{\"@type\":\"ListItem\",\"position\":1,\"name\":\"Po\u010detna stranica\",\"item\":\"https:\/\/vaic.hr\/en\/\"},{\"@type\":\"ListItem\",\"position\":2,\"name\":\"Bankruptcy law\"}]},{\"@type\":\"WebSite\",\"@id\":\"https:\/\/vaic.hr\/en\/#website\",\"url\":\"https:\/\/vaic.hr\/en\/\",\"name\":\"Law firm Vai\u0107 &amp; Dvorni\u010di\u0107 Ltd.\",\"description\":\"Pravno savjetovanje i zastupanje od 1938.g. u Republici Hrvatsko\",\"potentialAction\":[{\"@type\":\"SearchAction\",\"target\":{\"@type\":\"EntryPoint\",\"urlTemplate\":\"https:\/\/vaic.hr\/en\/?s={search_term_string}\"},\"query-input\":{\"@type\":\"PropertyValueSpecification\",\"valueRequired\":true,\"valueName\":\"search_term_string\"}}],\"inLanguage\":\"en-US\"}]}<\/script>\n<!-- \/ Yoast SEO plugin. -->","yoast_head_json":{"title":"Bankruptcy Law | Rijeka, Croatia | Vaic & Dvornicic","description":"Professional support in bankruptcy law in Croatia. Your law firm for bankruptcy proceedings, creditor rights, and debt restructuring.","robots":{"index":"index","follow":"follow","max-snippet":"max-snippet:-1","max-image-preview":"max-image-preview:large","max-video-preview":"max-video-preview:-1"},"canonical":"https:\/\/vaic.hr\/en\/bankruptcy-law\/","og_locale":"en_US","og_type":"article","og_title":"Bankruptcy Law | Rijeka, Croatia | Vaic & Dvornicic","og_description":"Professional support in bankruptcy law in Croatia. Your law firm for bankruptcy proceedings, creditor rights, and debt restructuring.","og_url":"https:\/\/vaic.hr\/en\/bankruptcy-law\/","og_site_name":"Law firm Vai\u0107 &amp; Dvorni\u010di\u0107 Ltd.","article_modified_time":"2025-01-20T20:05:31+00:00","twitter_card":"summary_large_image","twitter_misc":{"Est. reading time":"6 minutes"},"schema":{"@context":"https:\/\/schema.org","@graph":[{"@type":"WebPage","@id":"https:\/\/vaic.hr\/en\/bankruptcy-law\/","url":"https:\/\/vaic.hr\/en\/bankruptcy-law\/","name":"Bankruptcy Law | Rijeka, Croatia | Vaic & Dvornicic","isPartOf":{"@id":"https:\/\/vaic.hr\/en\/#website"},"datePublished":"2024-11-25T11:41:26+00:00","dateModified":"2025-01-20T20:05:31+00:00","description":"Professional support in bankruptcy law in Croatia. Your law firm for bankruptcy proceedings, creditor rights, and debt restructuring.","breadcrumb":{"@id":"https:\/\/vaic.hr\/en\/bankruptcy-law\/#breadcrumb"},"inLanguage":"en-US","potentialAction":[{"@type":"ReadAction","target":["https:\/\/vaic.hr\/en\/bankruptcy-law\/"]}]},{"@type":"BreadcrumbList","@id":"https:\/\/vaic.hr\/en\/bankruptcy-law\/#breadcrumb","itemListElement":[{"@type":"ListItem","position":1,"name":"Po\u010detna stranica","item":"https:\/\/vaic.hr\/en\/"},{"@type":"ListItem","position":2,"name":"Bankruptcy law"}]},{"@type":"WebSite","@id":"https:\/\/vaic.hr\/en\/#website","url":"https:\/\/vaic.hr\/en\/","name":"Law firm Vai\u0107 &amp; Dvorni\u010di\u0107 Ltd.","description":"Pravno savjetovanje i zastupanje od 1938.g. u Republici Hrvatsko","potentialAction":[{"@type":"SearchAction","target":{"@type":"EntryPoint","urlTemplate":"https:\/\/vaic.hr\/en\/?s={search_term_string}"},"query-input":{"@type":"PropertyValueSpecification","valueRequired":true,"valueName":"search_term_string"}}],"inLanguage":"en-US"}]}},"_links":{"self":[{"href":"https:\/\/vaic.hr\/en\/wp-json\/wp\/v2\/pages\/4528","targetHints":{"allow":["GET"]}}],"collection":[{"href":"https:\/\/vaic.hr\/en\/wp-json\/wp\/v2\/pages"}],"about":[{"href":"https:\/\/vaic.hr\/en\/wp-json\/wp\/v2\/types\/page"}],"author":[{"embeddable":true,"href":"https:\/\/vaic.hr\/en\/wp-json\/wp\/v2\/users\/1"}],"replies":[{"embeddable":true,"href":"https:\/\/vaic.hr\/en\/wp-json\/wp\/v2\/comments?post=4528"}],"version-history":[{"count":7,"href":"https:\/\/vaic.hr\/en\/wp-json\/wp\/v2\/pages\/4528\/revisions"}],"predecessor-version":[{"id":6250,"href":"https:\/\/vaic.hr\/en\/wp-json\/wp\/v2\/pages\/4528\/revisions\/6250"}],"wp:attachment":[{"href":"https:\/\/vaic.hr\/en\/wp-json\/wp\/v2\/media?parent=4528"}],"curies":[{"name":"wp","href":"https:\/\/api.w.org\/{rel}","templated":true}]}}