{"id":4530,"date":"2024-11-25T11:43:44","date_gmt":"2024-11-25T11:43:44","guid":{"rendered":"https:\/\/law.webdevbar.com\/?page_id=4530"},"modified":"2025-01-20T19:56:54","modified_gmt":"2025-01-20T19:56:54","slug":"compensation-law","status":"publish","type":"page","link":"https:\/\/vaic.hr\/en\/compensation-law\/","title":{"rendered":"Compensation law"},"content":{"rendered":"<div class=\"wpb-content-wrapper\"><p>[vc_row content_width=&#8221;grid&#8221; triangle_shape=&#8221;no&#8221; css=&#8221;.vc_custom_1447677425868{padding-top: 70px !important;}&#8221;][vc_column offset=&#8221;vc_col-lg-9 vc_col-md-12&#8243;][vc_empty_space height=&#8221;33px&#8221;]\n<h2 class=\"mkd-custom-font-holder\" style=\"font-size: 20px;line-height: 20px;font-weight: 900;text-align: left;color: #000000\" data-font-size= 20 data-line-height= 20>\n\tIntroduction<\/h2>[vc_empty_space height=&#8221;15px&#8221;][vc_column_text]<\/p>\n<p style=\"font-size: 18px;\">The right to compensation is crucial for protecting your interests in cases where damage is caused by various circumstances. Our law firm specializes in providing legal assistance in all aspects related to compensation, including workplace injuries, traffic accidents, contract breaches, and many other situations.<\/p>\n<p>[\/vc_column_text][vc_row_inner css=&#8221;.vc_custom_1447678838422{padding-top: 40px !important;padding-bottom: 10px !important;}&#8221;][vc_column_inner width=&#8221;1\/2&#8243;]\n<h2 class=\"mkd-custom-font-holder\" style=\"font-size: 16px;line-height: 20px;font-weight: 900;color: #000000\" data-font-size= 16 data-line-height= 20>\n\t<\/h2>[vc_empty_space height=&#8221;20px&#8221;]<div class=\"mkd-icon-list-item\">\n\t<div class=\"mkd-icon-list-icon-holder\">\n        <div class=\"mkd-icon-list-icon-holder-inner clearfix\" data-icon-size=18>\n\t\t\t<span aria-hidden=\"true\" class=\"mkd-icon-font-elegant icon_check \" style=\"color:#c18f59;font-size:18px\" ><\/span>\t\t<\/div>\n\t<\/div>\n\t<p class=\"mkd-icon-list-text\" style=\"color:#6a6a6a;font-size:18px;text-transform:none;font-weight:400\" data-title-size=18> Types of damages<\/p>\n<\/div>[vc_empty_space height=&#8221;6px&#8221;]<div class=\"mkd-icon-list-item\">\n\t<div class=\"mkd-icon-list-icon-holder\">\n        <div class=\"mkd-icon-list-icon-holder-inner clearfix\" data-icon-size=18>\n\t\t\t<span aria-hidden=\"true\" class=\"mkd-icon-font-elegant icon_check \" style=\"color:#c18f59;font-size:18px\" ><\/span>\t\t<\/div>\n\t<\/div>\n\t<p class=\"mkd-icon-list-text\" style=\"color:#6a6a6a;font-size:18px;text-transform:none;font-weight:400\" data-title-size=18> Damage insurance<\/p>\n<\/div>[vc_empty_space height=&#8221;6px&#8221;]<div class=\"mkd-icon-list-item\">\n\t<div class=\"mkd-icon-list-icon-holder\">\n        <div class=\"mkd-icon-list-icon-holder-inner clearfix\" data-icon-size=18>\n\t\t\t<span aria-hidden=\"true\" class=\"mkd-icon-font-elegant icon_check \" style=\"color:#c18f59;font-size:18px\" ><\/span>\t\t<\/div>\n\t<\/div>\n\t<p class=\"mkd-icon-list-text\" style=\"color:#6a6a6a;font-size:18px;text-transform:none;font-weight:400\" data-title-size=18> Medical liability<\/p>\n<\/div>[vc_empty_space height=&#8221;6px&#8221;]<div class=\"mkd-icon-list-item\">\n\t<div class=\"mkd-icon-list-icon-holder\">\n        <div class=\"mkd-icon-list-icon-holder-inner clearfix\" data-icon-size=18>\n\t\t\t<span aria-hidden=\"true\" class=\"mkd-icon-font-elegant icon_check \" style=\"color:#c18f59;font-size:18px\" ><\/span>\t\t<\/div>\n\t<\/div>\n\t<p class=\"mkd-icon-list-text\" style=\"color:#6a6a6a;font-size:18px;text-transform:none;font-weight:400\" data-title-size=18> Statute of limitations for liability claims<\/p>\n<\/div>[vc_empty_space height=&#8221;6px&#8221;][\/vc_column_inner][vc_column_inner width=&#8221;1\/2&#8243;]\n<h2 class=\"mkd-custom-font-holder\" style=\"font-size: 16px;line-height: 20px;font-weight: 900;color: #000000\" data-font-size= 16 data-line-height= 20>\n\t<\/h2>[vc_empty_space height=&#8221;20px&#8221;]<div class=\"mkd-icon-list-item\">\n\t<div class=\"mkd-icon-list-icon-holder\">\n        <div class=\"mkd-icon-list-icon-holder-inner clearfix\" data-icon-size=18>\n\t\t\t<span aria-hidden=\"true\" class=\"mkd-icon-font-elegant icon_check \" style=\"color:#c18f59;font-size:18px\" ><\/span>\t\t<\/div>\n\t<\/div>\n\t<p class=\"mkd-icon-list-text\" style=\"color:#6a6a6a;font-size:18px;text-transform:none;font-weight:400\" data-title-size=18> Non-contractual liability<\/p>\n<\/div>[vc_empty_space height=&#8221;6px&#8221;]<div class=\"mkd-icon-list-item\">\n\t<div class=\"mkd-icon-list-icon-holder\">\n        <div class=\"mkd-icon-list-icon-holder-inner clearfix\" data-icon-size=18>\n\t\t\t<span aria-hidden=\"true\" class=\"mkd-icon-font-elegant icon_check \" style=\"color:#c18f59;font-size:18px\" ><\/span>\t\t<\/div>\n\t<\/div>\n\t<p class=\"mkd-icon-list-text\" style=\"color:#6a6a6a;font-size:18px;text-transform:none;font-weight:400\" data-title-size=18> Product liability<\/p>\n<\/div>[vc_empty_space height=&#8221;6px&#8221;]<div class=\"mkd-icon-list-item\">\n\t<div class=\"mkd-icon-list-icon-holder\">\n        <div class=\"mkd-icon-list-icon-holder-inner clearfix\" data-icon-size=18>\n\t\t\t<span aria-hidden=\"true\" class=\"mkd-icon-font-elegant icon_check \" style=\"color:#c18f59;font-size:18px\" ><\/span>\t\t<\/div>\n\t<\/div>\n\t<p class=\"mkd-icon-list-text\" style=\"color:#6a6a6a;font-size:18px;text-transform:none;font-weight:400\" data-title-size=18> Environmental damage<\/p>\n<\/div>[vc_empty_space height=&#8221;6px&#8221;]<div class=\"mkd-icon-list-item\">\n\t<div class=\"mkd-icon-list-icon-holder\">\n        <div class=\"mkd-icon-list-icon-holder-inner clearfix\" data-icon-size=18>\n\t\t\t<span aria-hidden=\"true\" class=\"mkd-icon-font-elegant icon_check \" style=\"color:#c18f59;font-size:18px\" ><\/span>\t\t<\/div>\n\t<\/div>\n\t<p class=\"mkd-icon-list-text\" style=\"color:#6a6a6a;font-size:18px;text-transform:none;font-weight:400\" data-title-size=18> Liability Insurance<\/p>\n<\/div>[vc_empty_space height=&#8221;6px&#8221;][\/vc_column_inner][\/vc_row_inner][vc_row_inner css=&#8221;.vc_custom_1447678838422{padding-top: 40px !important;padding-bottom: 10px !important;}&#8221;][vc_column_inner][vc_empty_space height=&#8221;20px&#8221;][vc_column_text]<\/p>\n<p style=\"font-size: 18px;\"><strong>Types of damages:<\/strong> We advise and represent you in all disputes regarding claims for compensation, whether the damage occurred at work, as a result of a traffic accident, or due to breach of contractual obligations.<\/p>\n<p>[\/vc_column_text][vc_empty_space height=&#8221;10px&#8221;][vc_column_text]<\/p>\n<p style=\"font-size: 18px;\"><strong>Non-contractual liability:<\/strong> When damage occurs outside the scope of a contractual relationship, we can help you exercise your right to compensation based on non-contractual liability, including damage caused by negligence or omission.<\/p>\n<p>[\/vc_column_text][vc_empty_space height=&#8221;10px&#8221;][vc_column_text]<\/p>\n<p style=\"font-size: 18px;\"><strong>Damage insurance:<\/strong> We advise you on your rights and obligations related to damage insurance, including reviewing insurance policies to ensure your adequate protection.<\/p>\n<p>[\/vc_column_text][vc_empty_space height=&#8221;10px&#8221;][vc_column_text]<\/p>\n<p style=\"font-size: 18px;\"><strong>Product liability:<\/strong> If you have suffered damage due to defective products, our team helps you in exercising your right to compensation based on product liability.<\/p>\n<p>[\/vc_column_text][vc_empty_space height=&#8221;10px&#8221;][vc_column_text]<\/p>\n<p style=\"font-size: 18px;\"><strong>Medical liability:<\/strong> In the case of medical malpractice leading to harm, we provide legal assistance in pursuing compensation for medical liability.<\/p>\n<p>[\/vc_column_text][vc_empty_space height=&#8221;10px&#8221;][vc_column_text]<\/p>\n<p style=\"font-size: 18px;\"><strong>Environmental damage:<\/strong> In cases where environmental damage has occurred, we provide legal assistance in conducting procedures for compensation and ensuring environmental protection.<\/p>\n<p>[\/vc_column_text][vc_empty_space height=&#8221;10px&#8221;][vc_column_text]<\/p>\n<p style=\"font-size: 18px;\"><strong>Statute of limitations for liability claims:<\/strong> We help you understand the limitation periods and legal strategies for preserving your rights to compensation, ensuring that your claims are timely and successfully realized.<\/p>\n<p>[\/vc_column_text][vc_empty_space height=&#8221;10px&#8221;][vc_column_text]<\/p>\n<p style=\"font-size: 18px;\"><strong>Liability Insurance:<\/strong> We provide advice on liability insurance to ensure adequate protection in the event that damage occurs.<\/p>\n<p>[\/vc_column_text][vc_empty_space height=&#8221;10px&#8221;][\/vc_column_inner][\/vc_row_inner]\n<h2 class=\"mkd-custom-font-holder\" style=\"font-size: 20px;line-height: 20px;font-weight: 900;color: #000000\" data-font-size= 20 data-line-height= 20>\n\tConclusion<\/h2>[vc_empty_space height=&#8221;15px&#8221;][vc_column_text]<\/p>\n<p style=\"font-size: 18px;\">Our law firm is dedicated to protecting your rights to compensation in all relevant situations. Whether the damage arises from workplace injury, traffic accident, contract breach, or any other circumstance, our team provides expert and effective legal assistance.<\/p>\n<p>[\/vc_column_text][vc_empty_space height=&#8221;15px&#8221;]<div class=\"mkd-separator-holder clearfix  mkd-separator-center\" style=\"height: 10px\">\n\t<div class=\"mkd-separator\" style=\"border-color: #c18f59;width: 100%;border-bottom-width: 10pxpx\"><\/div>\n<\/div>\n\n<h2 class=\"mkd-custom-font-holder\" style=\"font-size: 25px;font-weight: 400;text-align: left;color: #000000\" data-font-size= 25px>\n\tFrequently asked questions<\/h2>[vc_empty_space height=&#8221;25px&#8221;]<div class=\"mkd-accordion-holder clearfix mkd-accordion mkd-initial \">\n\t<h6 class=\"clearfix mkd-title-holder\">\n\t<span class=\"mkd-accordion-mark mkd-left-mark\">\n\t\t<span class=\"mkd-accordion-mark-icon\">\n\t\t\t<i class=\"icon-arrow-down-circle\"><\/i>\n\t\t<\/span>\n\t<\/span>\n\t<span class=\"mkd-tab-title\" style=\"padding: 13px 0\">\n\t\t<span class=\"mkd-tab-title-inner\">\n\t\t\tHow is monetary compensation for damage calculated?\t\t<\/span>\n\t<\/span>\n<\/h6><div class=\"mkd-accordion-content\">\n\t<div class=\"mkd-accordion-content-inner\" style=\"padding: 11px 15px 20px 15px\">\n\t\t[vc_column_text]Monetary compensation for damage includes the amount that covers physical, material, and emotional harm, and may include medical expenses, lost earnings, and compensation for pain and suffering.[\/vc_column_text]\t<\/div>\n<\/div>\n<h6 class=\"clearfix mkd-title-holder\">\n\t<span class=\"mkd-accordion-mark mkd-left-mark\">\n\t\t<span class=\"mkd-accordion-mark-icon\">\n\t\t\t<i class=\"icon-arrow-down-circle\"><\/i>\n\t\t<\/span>\n\t<\/span>\n\t<span class=\"mkd-tab-title\" style=\"padding: 13px 0\">\n\t\t<span class=\"mkd-tab-title-inner\">\n\t\t\tWhat is liability insurance?\t\t<\/span>\n\t<\/span>\n<\/h6><div class=\"mkd-accordion-content\">\n\t<div class=\"mkd-accordion-content-inner\" style=\"padding: 11px 15px 20px 15px\">\n\t\t[vc_column_text]Liability insurance covers the risk of the obligation to compensate a third party for damage resulting from an event for which the insured person is responsible.[\/vc_column_text]\t<\/div>\n<\/div>\n<h6 class=\"clearfix mkd-title-holder\">\n\t<span class=\"mkd-accordion-mark mkd-left-mark\">\n\t\t<span class=\"mkd-accordion-mark-icon\">\n\t\t\t<i class=\"icon-arrow-down-circle\"><\/i>\n\t\t<\/span>\n\t<\/span>\n\t<span class=\"mkd-tab-title\" style=\"padding: 13px 0\">\n\t\t<span class=\"mkd-tab-title-inner\">\n\t\t\tHow long is statute of limitations for claiming compensation?\t\t<\/span>\n\t<\/span>\n<\/h6><div class=\"mkd-accordion-content\">\n\t<div class=\"mkd-accordion-content-inner\" style=\"padding: 11px 15px 20px 15px\">\n\t\t[vc_column_text]The Civil obligations Act egulates two types of limitation periods for compensation. The first, a subjective period, is 3 years from the moment the injured party becomes aware of the damage and the person who caused it. The second, an objective period, is set at 5 years from the occurrence of the damage. It is important to note that there are exceptions to this rule, where the limitation period may be shorter or longer than prescribed (e.g., for damage caused by a criminal offense, a one-year limitation period in certain cases, limitation periods in insurance contracts, limitation periods when a claim is established before a court or other competent authority).[\/vc_column_text]\t<\/div>\n<\/div>\n<\/div>[vc_empty_space height=&#8221;70px&#8221;]\n\n\t<div class=\"mkd-call-to-action with-icon\" style=\"background-color: #f2f2f2;border: 1px solid #d8d8d8;\">\n\n\t\t\t\t\t<div class=\"mkd-call-to-action-row-66-33 clearfix\" style=\"padding: 2%;\">\n\t\t\n\t\t\t\t<div class=\"mkd-text-wrapper mkd-call-to-action-column1 mkd-call-to-action-cell\">\n\n\t\t\t\t\t\t\t\t\t<div class=\"mkd-call-to-action-icon-holder\">\n\t\t\t\t\t\t<div class=\"mkd-call-to-action-icon\">\n\t\t\t\t\t\t\t<div class=\"mkd-call-to-action-icon-inner\">\n\t\t\t\t\t\t\t\t<i class=\"mkd-icon-simple-line-icon icon-globe \" style=\"font-size: 33px; ;color: #c18f59; \" ><\/i>\t\t\t\t\t\t\t<\/div>\n\t\t\t\t\t\t<\/div>\n\t\t\t\t\t<\/div>\n\t\t\t\t\n\t\t\t\t\t<div class=\"mkd-call-to-action-text\" >\n\t\t\t\t\t\t<h3><span style=\"color: #222222;\">Need help with any kind of legal issues? Contact us now.<\/span><\/h3>\n\t\t\t\t\t<\/div>\n\n\t\t\t\t<\/div>\n\n\t\t\t\t\n\t\t\t\t\t<div class=\"mkd-button-wrapper mkd-call-to-action-column2 mkd-call-to-action-cell\" style =\"text-align: right ;\">\n\n\t\t\t\t\t\t<a href=\"\/en\/contact\/\" target=\"_self\" style=\"background-color: #3e475d\" class=\"mkd-btn mkd-btn-medium mkd-btn-solid mkd-btn-icon\"  >    <span class=\"mkd-btn-text\"  >Contact us now<\/span><span class=\"mkd-btn-icon-holder\">            <span aria-hidden=\"true\" class=\"mkd-icon-font-elegant arrow_carrot-right mkd-btn-icon-elem\" ><\/span>            <span aria-hidden=\"true\" class=\"mkd-icon-font-elegant arrow_carrot-right mkd-btn-icon-elem\" ><\/span>        <\/span>    <\/a>\n\t\t\t\t\t<\/div>\n\n\t\t\t\t\n\t\t\t<\/div>\n\n\t\t\n\t<\/div>\n\n[vc_empty_space height=&#8221;70px&#8221;][\/vc_column][vc_column width=&#8221;1\/2&#8243; offset=&#8221;vc_col-lg-offset-0 vc_col-lg-3 vc_col-md-offset-3 vc_col-md-6 vc_col-sm-offset-3&#8243; css=&#8221;.vc_custom_1448019881202{padding-right: 0px !important;padding-left: 0px !important;}&#8221;]<div class=\"mkd-elements-holder mkd-responsive-mode-768\" ><div class=\"mkd-elements-holder-item mkd-horizontal-alignment-left\" >\n\t<div class=\"mkd-elements-holder-item-inner\">\n\t\t<div class=\"mkd-elements-holder-item-content mkd-elements-holder-custom-312984\" style=\"padding: 0px 15px\">\n\t\t\t\t\t\t[vc_widget_sidebar sidebar_id=&#8221;practice-areas&#8221;]\t\t<\/div>\n\t<\/div>\n<\/div><\/div>[vc_empty_space height=&#8221;70px&#8221;][\/vc_column][\/vc_row][vc_row triangle_shape=&#8221;no&#8221;][vc_column][vc_row_inner][vc_column_inner][\/vc_column_inner][\/vc_row_inner][\/vc_column][\/vc_row]<\/p>\n<\/div>","protected":false},"excerpt":{"rendered":"<p>[vc_row content_width=&#8221;grid&#8221; triangle_shape=&#8221;no&#8221; css=&#8221;.vc_custom_1447677425868{padding-top: 70px !important;}&#8221;][vc_column offset=&#8221;vc_col-lg-9 vc_col-md-12&#8243;][vc_empty_space height=&#8221;33px&#8221;][vc_empty_space height=&#8221;15px&#8221;][vc_column_text] The right to compensation is crucial for protecting your interests in cases where damage is caused by various circumstances. Our law firm specializes in providing legal assistance in all aspects related to compensation, including workplace injuries, traffic accidents, contract breaches, and many other situations. [\/vc_column_text][vc_row_inner css=&#8221;.vc_custom_1447678838422{padding-top: 40px !important;padding-bottom: 10px !important;}&#8221;][vc_column_inner width=&#8221;1\/2&#8243;][vc_empty_space height=&#8221;20px&#8221;][vc_empty_space height=&#8221;6px&#8221;][vc_empty_space height=&#8221;6px&#8221;][vc_empty_space height=&#8221;6px&#8221;][vc_empty_space height=&#8221;6px&#8221;][\/vc_column_inner][vc_column_inner width=&#8221;1\/2&#8243;][vc_empty_space height=&#8221;20px&#8221;][vc_empty_space height=&#8221;6px&#8221;][vc_empty_space height=&#8221;6px&#8221;][vc_empty_space height=&#8221;6px&#8221;][vc_empty_space height=&#8221;6px&#8221;][\/vc_column_inner][\/vc_row_inner][vc_row_inner css=&#8221;.vc_custom_1447678838422{padding-top: 40px !important;padding-bottom: 10px !important;}&#8221;][vc_column_inner][vc_empty_space height=&#8221;20px&#8221;][vc_column_text] Types of damages: We advise and represent you in all disputes regarding claims for compensation, whether the damage occurred at work, as&#8230;<\/p>\n","protected":false},"author":1,"featured_media":0,"parent":0,"menu_order":0,"comment_status":"closed","ping_status":"closed","template":"full-width.php","meta":{"footnotes":""},"class_list":["post-4530","page","type-page","status-publish","hentry"],"yoast_head":"<!-- This site is optimized with the Yoast SEO plugin v26.6 - https:\/\/yoast.com\/wordpress\/plugins\/seo\/ -->\n<title>Compensation Law | Rijeka, Croatia | Vaic &amp; Dvornicic<\/title>\n<meta name=\"description\" content=\"Lawyers for compensation law in Croatia. Enforcement of compensation claims for personal injury and property damage.\" \/>\n<meta name=\"robots\" content=\"index, follow, max-snippet:-1, max-image-preview:large, max-video-preview:-1\" \/>\n<link rel=\"canonical\" href=\"https:\/\/vaic.hr\/en\/compensation-law\/\" \/>\n<meta property=\"og:locale\" content=\"en_US\" \/>\n<meta property=\"og:type\" content=\"article\" \/>\n<meta property=\"og:title\" content=\"Compensation Law | Rijeka, Croatia | Vaic &amp; Dvornicic\" \/>\n<meta property=\"og:description\" content=\"Lawyers for compensation law in Croatia. Enforcement of compensation claims for personal injury and property damage.\" \/>\n<meta property=\"og:url\" content=\"https:\/\/vaic.hr\/en\/compensation-law\/\" \/>\n<meta property=\"og:site_name\" content=\"Law firm Vai\u0107 &amp; Dvorni\u010di\u0107 Ltd.\" \/>\n<meta property=\"article:modified_time\" content=\"2025-01-20T19:56:54+00:00\" \/>\n<meta name=\"twitter:card\" content=\"summary_large_image\" \/>\n<meta name=\"twitter:label1\" content=\"Est. reading time\" \/>\n\t<meta name=\"twitter:data1\" content=\"4 minutes\" \/>\n<script type=\"application\/ld+json\" class=\"yoast-schema-graph\">{\"@context\":\"https:\/\/schema.org\",\"@graph\":[{\"@type\":\"WebPage\",\"@id\":\"https:\/\/vaic.hr\/en\/compensation-law\/\",\"url\":\"https:\/\/vaic.hr\/en\/compensation-law\/\",\"name\":\"Compensation Law | Rijeka, Croatia | Vaic & Dvornicic\",\"isPartOf\":{\"@id\":\"https:\/\/vaic.hr\/en\/#website\"},\"datePublished\":\"2024-11-25T11:43:44+00:00\",\"dateModified\":\"2025-01-20T19:56:54+00:00\",\"description\":\"Lawyers for compensation law in Croatia. Enforcement of compensation claims for personal injury and property damage.\",\"breadcrumb\":{\"@id\":\"https:\/\/vaic.hr\/en\/compensation-law\/#breadcrumb\"},\"inLanguage\":\"en-US\",\"potentialAction\":[{\"@type\":\"ReadAction\",\"target\":[\"https:\/\/vaic.hr\/en\/compensation-law\/\"]}]},{\"@type\":\"BreadcrumbList\",\"@id\":\"https:\/\/vaic.hr\/en\/compensation-law\/#breadcrumb\",\"itemListElement\":[{\"@type\":\"ListItem\",\"position\":1,\"name\":\"Po\u010detna stranica\",\"item\":\"https:\/\/vaic.hr\/en\/\"},{\"@type\":\"ListItem\",\"position\":2,\"name\":\"Compensation law\"}]},{\"@type\":\"WebSite\",\"@id\":\"https:\/\/vaic.hr\/en\/#website\",\"url\":\"https:\/\/vaic.hr\/en\/\",\"name\":\"Law firm Vai\u0107 &amp; Dvorni\u010di\u0107 Ltd.\",\"description\":\"Pravno savjetovanje i zastupanje od 1938.g. u Republici Hrvatsko\",\"potentialAction\":[{\"@type\":\"SearchAction\",\"target\":{\"@type\":\"EntryPoint\",\"urlTemplate\":\"https:\/\/vaic.hr\/en\/?s={search_term_string}\"},\"query-input\":{\"@type\":\"PropertyValueSpecification\",\"valueRequired\":true,\"valueName\":\"search_term_string\"}}],\"inLanguage\":\"en-US\"}]}<\/script>\n<!-- \/ Yoast SEO plugin. -->","yoast_head_json":{"title":"Compensation Law | Rijeka, Croatia | Vaic & Dvornicic","description":"Lawyers for compensation law in Croatia. Enforcement of compensation claims for personal injury and property damage.","robots":{"index":"index","follow":"follow","max-snippet":"max-snippet:-1","max-image-preview":"max-image-preview:large","max-video-preview":"max-video-preview:-1"},"canonical":"https:\/\/vaic.hr\/en\/compensation-law\/","og_locale":"en_US","og_type":"article","og_title":"Compensation Law | Rijeka, Croatia | Vaic & Dvornicic","og_description":"Lawyers for compensation law in Croatia. Enforcement of compensation claims for personal injury and property damage.","og_url":"https:\/\/vaic.hr\/en\/compensation-law\/","og_site_name":"Law firm Vai\u0107 &amp; Dvorni\u010di\u0107 Ltd.","article_modified_time":"2025-01-20T19:56:54+00:00","twitter_card":"summary_large_image","twitter_misc":{"Est. reading time":"4 minutes"},"schema":{"@context":"https:\/\/schema.org","@graph":[{"@type":"WebPage","@id":"https:\/\/vaic.hr\/en\/compensation-law\/","url":"https:\/\/vaic.hr\/en\/compensation-law\/","name":"Compensation Law | Rijeka, Croatia | Vaic & Dvornicic","isPartOf":{"@id":"https:\/\/vaic.hr\/en\/#website"},"datePublished":"2024-11-25T11:43:44+00:00","dateModified":"2025-01-20T19:56:54+00:00","description":"Lawyers for compensation law in Croatia. Enforcement of compensation claims for personal injury and property damage.","breadcrumb":{"@id":"https:\/\/vaic.hr\/en\/compensation-law\/#breadcrumb"},"inLanguage":"en-US","potentialAction":[{"@type":"ReadAction","target":["https:\/\/vaic.hr\/en\/compensation-law\/"]}]},{"@type":"BreadcrumbList","@id":"https:\/\/vaic.hr\/en\/compensation-law\/#breadcrumb","itemListElement":[{"@type":"ListItem","position":1,"name":"Po\u010detna stranica","item":"https:\/\/vaic.hr\/en\/"},{"@type":"ListItem","position":2,"name":"Compensation law"}]},{"@type":"WebSite","@id":"https:\/\/vaic.hr\/en\/#website","url":"https:\/\/vaic.hr\/en\/","name":"Law firm Vai\u0107 &amp; Dvorni\u010di\u0107 Ltd.","description":"Pravno savjetovanje i zastupanje od 1938.g. u Republici Hrvatsko","potentialAction":[{"@type":"SearchAction","target":{"@type":"EntryPoint","urlTemplate":"https:\/\/vaic.hr\/en\/?s={search_term_string}"},"query-input":{"@type":"PropertyValueSpecification","valueRequired":true,"valueName":"search_term_string"}}],"inLanguage":"en-US"}]}},"_links":{"self":[{"href":"https:\/\/vaic.hr\/en\/wp-json\/wp\/v2\/pages\/4530","targetHints":{"allow":["GET"]}}],"collection":[{"href":"https:\/\/vaic.hr\/en\/wp-json\/wp\/v2\/pages"}],"about":[{"href":"https:\/\/vaic.hr\/en\/wp-json\/wp\/v2\/types\/page"}],"author":[{"embeddable":true,"href":"https:\/\/vaic.hr\/en\/wp-json\/wp\/v2\/users\/1"}],"replies":[{"embeddable":true,"href":"https:\/\/vaic.hr\/en\/wp-json\/wp\/v2\/comments?post=4530"}],"version-history":[{"count":6,"href":"https:\/\/vaic.hr\/en\/wp-json\/wp\/v2\/pages\/4530\/revisions"}],"predecessor-version":[{"id":4873,"href":"https:\/\/vaic.hr\/en\/wp-json\/wp\/v2\/pages\/4530\/revisions\/4873"}],"wp:attachment":[{"href":"https:\/\/vaic.hr\/en\/wp-json\/wp\/v2\/media?parent=4530"}],"curies":[{"name":"wp","href":"https:\/\/api.w.org\/{rel}","templated":true}]}}