{"id":4593,"date":"2024-11-25T12:43:17","date_gmt":"2024-11-25T12:43:17","guid":{"rendered":"https:\/\/law.webdevbar.com\/?page_id=4593"},"modified":"2025-01-20T20:15:36","modified_gmt":"2025-01-20T20:15:36","slug":"petra-protega","status":"publish","type":"page","link":"https:\/\/vaic.hr\/en\/petra-protega\/","title":{"rendered":"Petra Protega"},"content":{"rendered":"<div class=\"wpb-content-wrapper\"><p>[vc_row content_width=&#8221;grid&#8221; triangle_shape=&#8221;no&#8221; css=&#8221;.vc_custom_1447677425868{padding-top: 70px !important;}&#8221;][vc_column offset=&#8221;vc_col-lg-9 vc_col-md-12&#8243;]<div class=\"mkd-elements-holder mkd-responsive-mode-768\" ><div class=\"mkd-elements-holder-item mkd-horizontal-alignment-center\" style=\"background-color: #353c4e\">\n\t<div class=\"mkd-elements-holder-item-inner\">\n\t\t<div class=\"mkd-elements-holder-item-content mkd-elements-holder-custom-468607\" style=\"padding: 3% 16%\">\n\t\t\t\t\t\t\n<h2 class=\"mkd-custom-font-holder\" style=\"font-size: 60px;font-weight: 500;color: #ffffff\" data-font-size= 60px>\n\tPetra Protega<\/h2>\n<h2 class=\"mkd-custom-font-holder\" style=\"font-size: 25px;font-weight: 400;color: #ffffff\" data-font-size= 25px>\n\tLawyer<\/h2>\t\t<\/div>\n\t<\/div>\n<\/div><\/div>[vc_row_inner css=&#8221;.vc_custom_1447678838422{padding-top: 40px !important;padding-bottom: 10px !important;}&#8221;][vc_column_inner width=&#8221;1\/2&#8243;]\n<h2 class=\"mkd-custom-font-holder\" style=\"font-size: 16px;line-height: 20px;font-weight: 900;color: #000000\" data-font-size= 16 data-line-height= 20>\n\tEducation<\/h2>[vc_empty_space height=&#8221;20px&#8221;]<div class=\"mkd-icon-list-item\">\n\t<div class=\"mkd-icon-list-icon-holder\">\n        <div class=\"mkd-icon-list-icon-holder-inner clearfix\" data-icon-size=18>\n\t\t\t<span aria-hidden=\"true\" class=\"mkd-icon-font-elegant icon_check \" style=\"color:#c18f59;font-size:18px\" ><\/span>\t\t<\/div>\n\t<\/div>\n\t<p class=\"mkd-icon-list-text\" style=\"color:#6a6a6a;font-size:18px;text-transform:none;font-weight:400\" data-title-size=18> Faculty of Law Rijeka<\/p>\n<\/div>[vc_empty_space height=&#8221;6px&#8221;]<div class=\"mkd-icon-list-item\">\n\t<div class=\"mkd-icon-list-icon-holder\">\n        <div class=\"mkd-icon-list-icon-holder-inner clearfix\" data-icon-size=18>\n\t\t\t<span aria-hidden=\"true\" class=\"mkd-icon-font-elegant icon_check \" style=\"color:#c18f59;font-size:18px\" ><\/span>\t\t<\/div>\n\t<\/div>\n\t<p class=\"mkd-icon-list-text\" style=\"color:#6a6a6a;font-size:18px;text-transform:none;font-weight:400\" data-title-size=18> University of Erlangen \u2013 Germany<\/p>\n<\/div>[vc_empty_space height=&#8221;6px&#8221;]<div class=\"mkd-icon-list-item\">\n\t<div class=\"mkd-icon-list-icon-holder\">\n        <div class=\"mkd-icon-list-icon-holder-inner clearfix\" data-icon-size=18>\n\t\t\t<span aria-hidden=\"true\" class=\"mkd-icon-font-elegant icon_check \" style=\"color:#c18f59;font-size:18px\" ><\/span>\t\t<\/div>\n\t<\/div>\n\t<p class=\"mkd-icon-list-text\" style=\"color:#6a6a6a;font-size:18px;text-transform:none;font-weight:400\" data-title-size=18> Legum Magister \u2013 Banking Law<\/p>\n<\/div>[\/vc_column_inner][vc_column_inner width=&#8221;1\/2&#8243;]\n<h2 class=\"mkd-custom-font-holder\" style=\"font-size: 16px;line-height: 20px;font-weight: 900;color: #000000\" data-font-size= 16 data-line-height= 20>\n\tLanguages<\/h2>[vc_empty_space height=&#8221;20px&#8221;]<div class=\"mkd-icon-list-item\">\n\t<div class=\"mkd-icon-list-icon-holder\">\n        <div class=\"mkd-icon-list-icon-holder-inner clearfix\" data-icon-size=18>\n\t\t\t<span aria-hidden=\"true\" class=\"mkd-icon-font-elegant icon_check \" style=\"color:#c18f59;font-size:18px\" ><\/span>\t\t<\/div>\n\t<\/div>\n\t<p class=\"mkd-icon-list-text\" style=\"color:#6a6a6a;font-size:18px;text-transform:none;font-weight:400\" data-title-size=18> Croatian \u2013 Native language<\/p>\n<\/div>[vc_empty_space height=&#8221;6px&#8221;]<div class=\"mkd-icon-list-item\">\n\t<div class=\"mkd-icon-list-icon-holder\">\n        <div class=\"mkd-icon-list-icon-holder-inner clearfix\" data-icon-size=18>\n\t\t\t<span aria-hidden=\"true\" class=\"mkd-icon-font-elegant icon_check \" style=\"color:#c18f59;font-size:18px\" ><\/span>\t\t<\/div>\n\t<\/div>\n\t<p class=\"mkd-icon-list-text\" style=\"color:#6a6a6a;font-size:18px;text-transform:none;font-weight:400\" data-title-size=18> German \u2013 Official court interpreter<\/p>\n<\/div>[vc_empty_space height=&#8221;6px&#8221;]<div class=\"mkd-icon-list-item\">\n\t<div class=\"mkd-icon-list-icon-holder\">\n        <div class=\"mkd-icon-list-icon-holder-inner clearfix\" data-icon-size=18>\n\t\t\t<span aria-hidden=\"true\" class=\"mkd-icon-font-elegant icon_check \" style=\"color:#c18f59;font-size:18px\" ><\/span>\t\t<\/div>\n\t<\/div>\n\t<p class=\"mkd-icon-list-text\" style=\"color:#6a6a6a;font-size:18px;text-transform:none;font-weight:400\" data-title-size=18> English<\/p>\n<\/div>[\/vc_column_inner][\/vc_row_inner][vc_row_inner css=&#8221;.vc_custom_1447678838422{padding-top: 40px !important;padding-bottom: 10px !important;}&#8221;][vc_column_inner width=&#8221;1\/2&#8243;]\n<h2 class=\"mkd-custom-font-holder\" style=\"font-size: 16px;line-height: 20px;font-weight: 900;color: #000000\" data-font-size= 16 data-line-height= 20>\n\tFields of expertise<\/h2>[vc_empty_space height=&#8221;20px&#8221;]<div class=\"mkd-icon-list-item\">\n\t<div class=\"mkd-icon-list-icon-holder\">\n        <div class=\"mkd-icon-list-icon-holder-inner clearfix\" data-icon-size=18>\n\t\t\t<span aria-hidden=\"true\" class=\"mkd-icon-font-elegant icon_check \" style=\"color:#c18f59;font-size:18px\" ><\/span>\t\t<\/div>\n\t<\/div>\n\t<p class=\"mkd-icon-list-text\" style=\"color:#6a6a6a;font-size:18px;text-transform:none;font-weight:400\" data-title-size=18> Civil law<\/p>\n<\/div>[vc_empty_space height=&#8221;6px&#8221;]<div class=\"mkd-icon-list-item\">\n\t<div class=\"mkd-icon-list-icon-holder\">\n        <div class=\"mkd-icon-list-icon-holder-inner clearfix\" data-icon-size=18>\n\t\t\t<span aria-hidden=\"true\" class=\"mkd-icon-font-elegant icon_check \" style=\"color:#c18f59;font-size:18px\" ><\/span>\t\t<\/div>\n\t<\/div>\n\t<p class=\"mkd-icon-list-text\" style=\"color:#6a6a6a;font-size:18px;text-transform:none;font-weight:400\" data-title-size=18> Real estate law<\/p>\n<\/div>[vc_empty_space height=&#8221;6px&#8221;]<div class=\"mkd-icon-list-item\">\n\t<div class=\"mkd-icon-list-icon-holder\">\n        <div class=\"mkd-icon-list-icon-holder-inner clearfix\" data-icon-size=18>\n\t\t\t<span aria-hidden=\"true\" class=\"mkd-icon-font-elegant icon_check \" style=\"color:#c18f59;font-size:18px\" ><\/span>\t\t<\/div>\n\t<\/div>\n\t<p class=\"mkd-icon-list-text\" style=\"color:#6a6a6a;font-size:18px;text-transform:none;font-weight:400\" data-title-size=18> Civil Procedure Law<\/p>\n<\/div>[vc_empty_space height=&#8221;6px&#8221;]<div class=\"mkd-icon-list-item\">\n\t<div class=\"mkd-icon-list-icon-holder\">\n        <div class=\"mkd-icon-list-icon-holder-inner clearfix\" data-icon-size=18>\n\t\t\t<span aria-hidden=\"true\" class=\"mkd-icon-font-elegant icon_check \" style=\"color:#c18f59;font-size:18px\" ><\/span>\t\t<\/div>\n\t<\/div>\n\t<p class=\"mkd-icon-list-text\" style=\"color:#6a6a6a;font-size:18px;text-transform:none;font-weight:400\" data-title-size=18> Enforcement law<\/p>\n<\/div>[vc_empty_space height=&#8221;6px&#8221;]<div class=\"mkd-icon-list-item\">\n\t<div class=\"mkd-icon-list-icon-holder\">\n        <div class=\"mkd-icon-list-icon-holder-inner clearfix\" data-icon-size=18>\n\t\t\t<span aria-hidden=\"true\" class=\"mkd-icon-font-elegant icon_check \" style=\"color:#c18f59;font-size:18px\" ><\/span>\t\t<\/div>\n\t<\/div>\n\t<p class=\"mkd-icon-list-text\" style=\"color:#6a6a6a;font-size:18px;text-transform:none;font-weight:400\" data-title-size=18> Inheritance law<\/p>\n<\/div>[vc_empty_space height=&#8221;40px&#8221;][\/vc_column_inner][vc_column_inner width=&#8221;1\/2&#8243;]\n<h2 class=\"mkd-custom-font-holder\" style=\"font-size: 16px;line-height: 20px;font-weight: 900;color: #000000\" data-font-size= 16 data-line-height= 20>\n\tMemberships<\/h2>[vc_empty_space height=&#8221;20px&#8221;]<div class=\"mkd-icon-list-item\">\n\t<div class=\"mkd-icon-list-icon-holder\">\n        <div class=\"mkd-icon-list-icon-holder-inner clearfix\" data-icon-size=18>\n\t\t\t<span aria-hidden=\"true\" class=\"mkd-icon-font-elegant icon_check \" style=\"color:#c18f59;font-size:18px\" ><\/span>\t\t<\/div>\n\t<\/div>\n\t<p class=\"mkd-icon-list-text\" style=\"color:#6a6a6a;font-size:18px;text-transform:none;font-weight:400\" data-title-size=18> Croatian Bar Association<\/p>\n<\/div>[vc_empty_space height=&#8221;40px&#8221;][\/vc_column_inner][\/vc_row_inner]\n<h2 class=\"mkd-custom-font-holder\" style=\"font-size: 16px;line-height: 20px;font-weight: 900;color: #000000\" data-font-size= 16 data-line-height= 20>\n\tBiography<\/h2>[vc_empty_space height=&#8221;15px&#8221;][vc_column_text]Petra Protega was born on February 27, 1996 in Rijeka. In September 2019, she graduated from the Faculty of Law at the University of Rijeka, at the Department of Commercial and Corporate Law with the topic of her thesis \u201cEstablishment of a limited liability company\u201d \u2013 a comparison of Croatian and Austrian law.<br \/>\nPetra completed her last year of studies at the Faculty of Law at the University of Salzburg. In the same year, she had the opportunity to participate in the 26th Moot Court in Vienna \u2013 International Commercial Arbitration. This experience influenced her in choosing a career in law.<br \/>\nShe joined Law firm Vai\u0107 &amp; Dvorni\u010di\u0107 in December 2019 and passed the bar exam in September 2022. She has been a member of the Croatian Bar Association since April 18, 2024.[\/vc_column_text][vc_empty_space height=&#8221;15px&#8221;]\n\n\t<div class=\"mkd-call-to-action with-icon\" style=\"background-color: #f2f2f2;border: 1px solid #d8d8d8;\">\n\n\t\t\t\t\t<div class=\"mkd-call-to-action-row-66-33 clearfix\" style=\"padding: 2%;\">\n\t\t\n\t\t\t\t<div class=\"mkd-text-wrapper mkd-call-to-action-column1 mkd-call-to-action-cell\">\n\n\t\t\t\t\t\t\t\t\t<div class=\"mkd-call-to-action-icon-holder\">\n\t\t\t\t\t\t<div class=\"mkd-call-to-action-icon\">\n\t\t\t\t\t\t\t<div class=\"mkd-call-to-action-icon-inner\">\n\t\t\t\t\t\t\t\t<i class=\"mkd-icon-simple-line-icon icon-globe \" style=\"font-size: 33px; ;color: #c18f59; \" ><\/i>\t\t\t\t\t\t\t<\/div>\n\t\t\t\t\t\t<\/div>\n\t\t\t\t\t<\/div>\n\t\t\t\t\n\t\t\t\t\t<div class=\"mkd-call-to-action-text\" >\n\t\t\t\t\t\t<h3><span style=\"color: #222222;\">Need help with any kind of legal issues? Contact us now.<\/span><\/h3>\n\t\t\t\t\t<\/div>\n\n\t\t\t\t<\/div>\n\n\t\t\t\t\n\t\t\t\t\t<div class=\"mkd-button-wrapper mkd-call-to-action-column2 mkd-call-to-action-cell\" style =\"text-align: right ;\">\n\n\t\t\t\t\t\t<a href=\"\/en\/contact\/\" target=\"_self\" style=\"background-color: #3e475d\" class=\"mkd-btn mkd-btn-medium mkd-btn-solid mkd-btn-icon\"  >    <span class=\"mkd-btn-text\"  >Contact us now<\/span><span class=\"mkd-btn-icon-holder\">            <span aria-hidden=\"true\" class=\"mkd-icon-font-elegant arrow_carrot-right mkd-btn-icon-elem\" ><\/span>            <span aria-hidden=\"true\" class=\"mkd-icon-font-elegant arrow_carrot-right mkd-btn-icon-elem\" ><\/span>        <\/span>    <\/a>\n\t\t\t\t\t<\/div>\n\n\t\t\t\t\n\t\t\t<\/div>\n\n\t\t\n\t<\/div>\n\n[vc_empty_space height=&#8221;70px&#8221;][\/vc_column][vc_column width=&#8221;1\/2&#8243; offset=&#8221;vc_col-lg-offset-0 vc_col-lg-3 vc_col-md-offset-3 vc_col-md-6 vc_col-sm-offset-3&#8243; css=&#8221;.vc_custom_1448019881202{padding-right: 0px !important;padding-left: 0px !important;}&#8221;][vc_row_inner][vc_column_inner]\n<div class=\"mkd-team linked more-info-shown\">\n\t<div class=\"mkd-team-inner\">\n\t\t\t\t\t<div class=\"mkd-team-image\">\n                <img loading=\"lazy\" decoding=\"async\" width=\"303\" height=\"303\" src=\"https:\/\/vaic.hr\/wp-content\/uploads\/2024\/11\/team_01.jpg\" class=\"attachment-full size-full\" alt=\"\" srcset=\"https:\/\/vaic.hr\/wp-content\/uploads\/2024\/11\/team_01.jpg 303w, https:\/\/vaic.hr\/wp-content\/uploads\/2024\/11\/team_01-300x300.jpg 300w, https:\/\/vaic.hr\/wp-content\/uploads\/2024\/11\/team_01-150x150.jpg 150w, https:\/\/vaic.hr\/wp-content\/uploads\/2024\/11\/team_01-100x100.jpg 100w\" sizes=\"auto, (max-width: 303px) 100vw, 303px\" \/>\t\t\t<\/div>\n\t\t\n\t\t\t\t<div class=\"mkd-team-info\">\n\t\t\t\t\t\t\t<div class=\"mkd-team-title-holder\">\n\t\t\t\t\t\t\t\t\t\t\t<h4 class=\"mkd-team-name\" >\n\t\t\t\t\t\t\tPetra Protega\t\t\t\t\t\t<\/h4>\n\t\t\t\t\t\t\t\t\t\t\t\t\t\t\t\t<h5 class=\"mkd-team-position\" style=\"color: #ffffff\">Lawyer<\/h5>\n\t\t\t\t\t\t\t\t\t<\/div>\n\t\t\t\t\t\t\t\t<div class=\"mkd-team-read-more\">\n\t\t\t\t\t\t\t\t<a href=\"https:\/\/vaic.hr\/our-team\/\">\n\t\t\t\t\t<span class=\"mkd-team-read-more-inner\">\n\t\t\t\t\t\t<span class=\"mkd-team-read-more-text\">See Success Rates<\/span>\n\t\t\t\t\t\t<span aria-hidden=\"true\" class=\"arrow_carrot-right_alt2 mkd-team-read-more-icon\"><\/span>\n\t\t\t\t\t<\/span>\n\t\t\t\t<\/a>\n\t\t\t\t\t\t\t<\/div>\n\t\t<\/div>\n\t<\/div>\n\t\t<div class=\"mkd-team-social-holder\">\n\t\t<div class=\"mkd-team-social\">\n\t\t\t<div class=\"mkd-team-social-inner\">\n\t\t\t\t<div class=\"mkd-team-social-wrapp clearfix\">\n\n\t\t\t\t\t\n\t\t\t\t<\/div>\n\t\t\t<\/div>\n\t\t<\/div>\n\t<\/div>\n\t<span class=\"mkd-team-triangle\"><\/span>\n<\/div>[\/vc_column_inner][\/vc_row_inner][vc_empty_space height=&#8221;70px&#8221;]<div class=\"mkd-elements-holder mkd-responsive-mode-768\" ><div class=\"mkd-elements-holder-item mkd-horizontal-alignment-center\" >\n\t<div class=\"mkd-elements-holder-item-inner\">\n\t\t<div class=\"mkd-elements-holder-item-content mkd-elements-holder-custom-326826\" style=\"padding: 0px 15px\">\n\t\t\t\t\t\t[vc_widget_sidebar sidebar_id=&#8221;team-member-sidebar&#8221;]\t\t<\/div>\n\t<\/div>\n<\/div><\/div>[vc_empty_space height=&#8221;70px&#8221;][\/vc_column][\/vc_row]<\/p>\n<\/div>","protected":false},"excerpt":{"rendered":"<p>[vc_row content_width=&#8221;grid&#8221; triangle_shape=&#8221;no&#8221; css=&#8221;.vc_custom_1447677425868{padding-top: 70px !important;}&#8221;][vc_column offset=&#8221;vc_col-lg-9 vc_col-md-12&#8243;][vc_row_inner css=&#8221;.vc_custom_1447678838422{padding-top: 40px !important;padding-bottom: 10px !important;}&#8221;][vc_column_inner width=&#8221;1\/2&#8243;][vc_empty_space height=&#8221;20px&#8221;][vc_empty_space height=&#8221;6px&#8221;][vc_empty_space height=&#8221;6px&#8221;][\/vc_column_inner][vc_column_inner width=&#8221;1\/2&#8243;][vc_empty_space height=&#8221;20px&#8221;][vc_empty_space height=&#8221;6px&#8221;][vc_empty_space height=&#8221;6px&#8221;][\/vc_column_inner][\/vc_row_inner][vc_row_inner css=&#8221;.vc_custom_1447678838422{padding-top: 40px !important;padding-bottom: 10px !important;}&#8221;][vc_column_inner width=&#8221;1\/2&#8243;][vc_empty_space height=&#8221;20px&#8221;][vc_empty_space height=&#8221;6px&#8221;][vc_empty_space height=&#8221;6px&#8221;][vc_empty_space height=&#8221;6px&#8221;][vc_empty_space height=&#8221;6px&#8221;][vc_empty_space height=&#8221;40px&#8221;][\/vc_column_inner][vc_column_inner width=&#8221;1\/2&#8243;][vc_empty_space height=&#8221;20px&#8221;][vc_empty_space height=&#8221;40px&#8221;][\/vc_column_inner][\/vc_row_inner][vc_empty_space height=&#8221;15px&#8221;][vc_column_text]Petra Protega was born on February 27, 1996 in Rijeka. In September 2019, she graduated from the Faculty of Law at the University of Rijeka, at the Department of Commercial and Corporate Law with the topic of her thesis \u201cEstablishment of a limited liability company\u201d \u2013 a comparison of Croatian and Austrian law. Petra completed her last year of studies at the Faculty of&#8230;<\/p>\n","protected":false},"author":1,"featured_media":0,"parent":0,"menu_order":0,"comment_status":"closed","ping_status":"closed","template":"full-width.php","meta":{"footnotes":""},"class_list":["post-4593","page","type-page","status-publish","hentry"],"yoast_head":"<!-- This site is optimized with the Yoast SEO plugin v26.6 - https:\/\/yoast.com\/wordpress\/plugins\/seo\/ -->\n<title>Petra Protega | Lawyer at Vaic &amp; Dvornicic<\/title>\n<meta name=\"description\" content=\"Specialized in civil, property, and inheritance law. Graduate of the universities of Rijeka and Salzburg. Member of the Croatian Bar Association.\" \/>\n<meta name=\"robots\" content=\"index, follow, max-snippet:-1, max-image-preview:large, max-video-preview:-1\" \/>\n<link rel=\"canonical\" href=\"https:\/\/vaic.hr\/en\/petra-protega\/\" \/>\n<meta property=\"og:locale\" content=\"en_US\" \/>\n<meta property=\"og:type\" content=\"article\" \/>\n<meta property=\"og:title\" content=\"Petra Protega | Lawyer at Vaic &amp; Dvornicic\" \/>\n<meta property=\"og:description\" content=\"Specialized in civil, property, and inheritance law. Graduate of the universities of Rijeka and Salzburg. Member of the Croatian Bar Association.\" \/>\n<meta property=\"og:url\" content=\"https:\/\/vaic.hr\/en\/petra-protega\/\" \/>\n<meta property=\"og:site_name\" content=\"Law firm Vai\u0107 &amp; Dvorni\u010di\u0107 Ltd.\" \/>\n<meta property=\"article:modified_time\" content=\"2025-01-20T20:15:36+00:00\" \/>\n<meta name=\"twitter:card\" content=\"summary_large_image\" \/>\n<meta name=\"twitter:label1\" content=\"Est. reading time\" \/>\n\t<meta name=\"twitter:data1\" content=\"3 minutes\" \/>\n<script type=\"application\/ld+json\" class=\"yoast-schema-graph\">{\"@context\":\"https:\/\/schema.org\",\"@graph\":[{\"@type\":\"WebPage\",\"@id\":\"https:\/\/vaic.hr\/en\/petra-protega\/\",\"url\":\"https:\/\/vaic.hr\/en\/petra-protega\/\",\"name\":\"Petra Protega | Lawyer at Vaic & Dvornicic\",\"isPartOf\":{\"@id\":\"https:\/\/vaic.hr\/en\/#website\"},\"datePublished\":\"2024-11-25T12:43:17+00:00\",\"dateModified\":\"2025-01-20T20:15:36+00:00\",\"description\":\"Specialized in civil, property, and inheritance law. Graduate of the universities of Rijeka and Salzburg. Member of the Croatian Bar Association.\",\"breadcrumb\":{\"@id\":\"https:\/\/vaic.hr\/en\/petra-protega\/#breadcrumb\"},\"inLanguage\":\"en-US\",\"potentialAction\":[{\"@type\":\"ReadAction\",\"target\":[\"https:\/\/vaic.hr\/en\/petra-protega\/\"]}]},{\"@type\":\"BreadcrumbList\",\"@id\":\"https:\/\/vaic.hr\/en\/petra-protega\/#breadcrumb\",\"itemListElement\":[{\"@type\":\"ListItem\",\"position\":1,\"name\":\"Po\u010detna stranica\",\"item\":\"https:\/\/vaic.hr\/en\/\"},{\"@type\":\"ListItem\",\"position\":2,\"name\":\"Petra Protega\"}]},{\"@type\":\"WebSite\",\"@id\":\"https:\/\/vaic.hr\/en\/#website\",\"url\":\"https:\/\/vaic.hr\/en\/\",\"name\":\"Law firm Vai\u0107 &amp; Dvorni\u010di\u0107 Ltd.\",\"description\":\"Pravno savjetovanje i zastupanje od 1938.g. u Republici Hrvatsko\",\"potentialAction\":[{\"@type\":\"SearchAction\",\"target\":{\"@type\":\"EntryPoint\",\"urlTemplate\":\"https:\/\/vaic.hr\/en\/?s={search_term_string}\"},\"query-input\":{\"@type\":\"PropertyValueSpecification\",\"valueRequired\":true,\"valueName\":\"search_term_string\"}}],\"inLanguage\":\"en-US\"}]}<\/script>\n<!-- \/ Yoast SEO plugin. -->","yoast_head_json":{"title":"Petra Protega | Lawyer at Vaic & Dvornicic","description":"Specialized in civil, property, and inheritance law. Graduate of the universities of Rijeka and Salzburg. Member of the Croatian Bar Association.","robots":{"index":"index","follow":"follow","max-snippet":"max-snippet:-1","max-image-preview":"max-image-preview:large","max-video-preview":"max-video-preview:-1"},"canonical":"https:\/\/vaic.hr\/en\/petra-protega\/","og_locale":"en_US","og_type":"article","og_title":"Petra Protega | Lawyer at Vaic & Dvornicic","og_description":"Specialized in civil, property, and inheritance law. Graduate of the universities of Rijeka and Salzburg. Member of the Croatian Bar Association.","og_url":"https:\/\/vaic.hr\/en\/petra-protega\/","og_site_name":"Law firm Vai\u0107 &amp; Dvorni\u010di\u0107 Ltd.","article_modified_time":"2025-01-20T20:15:36+00:00","twitter_card":"summary_large_image","twitter_misc":{"Est. reading time":"3 minutes"},"schema":{"@context":"https:\/\/schema.org","@graph":[{"@type":"WebPage","@id":"https:\/\/vaic.hr\/en\/petra-protega\/","url":"https:\/\/vaic.hr\/en\/petra-protega\/","name":"Petra Protega | Lawyer at Vaic & Dvornicic","isPartOf":{"@id":"https:\/\/vaic.hr\/en\/#website"},"datePublished":"2024-11-25T12:43:17+00:00","dateModified":"2025-01-20T20:15:36+00:00","description":"Specialized in civil, property, and inheritance law. Graduate of the universities of Rijeka and Salzburg. Member of the Croatian Bar Association.","breadcrumb":{"@id":"https:\/\/vaic.hr\/en\/petra-protega\/#breadcrumb"},"inLanguage":"en-US","potentialAction":[{"@type":"ReadAction","target":["https:\/\/vaic.hr\/en\/petra-protega\/"]}]},{"@type":"BreadcrumbList","@id":"https:\/\/vaic.hr\/en\/petra-protega\/#breadcrumb","itemListElement":[{"@type":"ListItem","position":1,"name":"Po\u010detna stranica","item":"https:\/\/vaic.hr\/en\/"},{"@type":"ListItem","position":2,"name":"Petra Protega"}]},{"@type":"WebSite","@id":"https:\/\/vaic.hr\/en\/#website","url":"https:\/\/vaic.hr\/en\/","name":"Law firm Vai\u0107 &amp; Dvorni\u010di\u0107 Ltd.","description":"Pravno savjetovanje i zastupanje od 1938.g. u Republici Hrvatsko","potentialAction":[{"@type":"SearchAction","target":{"@type":"EntryPoint","urlTemplate":"https:\/\/vaic.hr\/en\/?s={search_term_string}"},"query-input":{"@type":"PropertyValueSpecification","valueRequired":true,"valueName":"search_term_string"}}],"inLanguage":"en-US"}]}},"_links":{"self":[{"href":"https:\/\/vaic.hr\/en\/wp-json\/wp\/v2\/pages\/4593","targetHints":{"allow":["GET"]}}],"collection":[{"href":"https:\/\/vaic.hr\/en\/wp-json\/wp\/v2\/pages"}],"about":[{"href":"https:\/\/vaic.hr\/en\/wp-json\/wp\/v2\/types\/page"}],"author":[{"embeddable":true,"href":"https:\/\/vaic.hr\/en\/wp-json\/wp\/v2\/users\/1"}],"replies":[{"embeddable":true,"href":"https:\/\/vaic.hr\/en\/wp-json\/wp\/v2\/comments?post=4593"}],"version-history":[{"count":7,"href":"https:\/\/vaic.hr\/en\/wp-json\/wp\/v2\/pages\/4593\/revisions"}],"predecessor-version":[{"id":6418,"href":"https:\/\/vaic.hr\/en\/wp-json\/wp\/v2\/pages\/4593\/revisions\/6418"}],"wp:attachment":[{"href":"https:\/\/vaic.hr\/en\/wp-json\/wp\/v2\/media?parent=4593"}],"curies":[{"name":"wp","href":"https:\/\/api.w.org\/{rel}","templated":true}]}}