{"id":748,"date":"2015-11-16T12:31:25","date_gmt":"2015-11-16T12:31:25","guid":{"rendered":"https:\/\/libero.qodeinteractive.com\/?page_id=748"},"modified":"2025-01-20T20:17:03","modified_gmt":"2025-01-20T20:17:03","slug":"savin-vaic","status":"publish","type":"page","link":"https:\/\/vaic.hr\/en\/savin-vaic\/","title":{"rendered":"Savin Vai\u0107"},"content":{"rendered":"<div class=\"wpb-content-wrapper\"><p>[vc_row content_width=&#8221;grid&#8221; triangle_shape=&#8221;no&#8221; css=&#8221;.vc_custom_1447677425868{padding-top: 70px !important;}&#8221;][vc_column offset=&#8221;vc_col-lg-9 vc_col-md-12&#8243;]<div class=\"mkd-elements-holder mkd-responsive-mode-768\" ><div class=\"mkd-elements-holder-item mkd-horizontal-alignment-center\" style=\"background-color: #353c4e\">\n\t<div class=\"mkd-elements-holder-item-inner\">\n\t\t<div class=\"mkd-elements-holder-item-content mkd-elements-holder-custom-727565\" style=\"padding: 3% 16%\">\n\t\t\t\t\t\t\n<h2 class=\"mkd-custom-font-holder\" style=\"font-size: 60px;font-weight: 500;color: #ffffff\" data-font-size= 60px>\n\tSavin Vai\u0107<\/h2>\n<h2 class=\"mkd-custom-font-holder\" style=\"font-size: 25px;font-weight: 400;color: #ffffff\" data-font-size= 25px>\n\tPartner \/ Lawyer<\/h2>\t\t<\/div>\n\t<\/div>\n<\/div><\/div>[vc_row_inner css=&#8221;.vc_custom_1447678838422{padding-top: 40px !important;padding-bottom: 10px !important;}&#8221;][vc_column_inner width=&#8221;1\/2&#8243;]\n<h2 class=\"mkd-custom-font-holder\" style=\"font-size: 16px;line-height: 20px;font-weight: 900;color: #000000\" data-font-size= 16 data-line-height= 20>\n\tEducation<\/h2>[vc_empty_space height=&#8221;20px&#8221;]<div class=\"mkd-icon-list-item\">\n\t<div class=\"mkd-icon-list-icon-holder\">\n        <div class=\"mkd-icon-list-icon-holder-inner clearfix\" data-icon-size=18>\n\t\t\t<span aria-hidden=\"true\" class=\"mkd-icon-font-elegant icon_check \" style=\"color:#c18f59;font-size:18px\" ><\/span>\t\t<\/div>\n\t<\/div>\n\t<p class=\"mkd-icon-list-text\" style=\"color:#6a6a6a;font-size:18px;text-transform:none;font-weight:400\" data-title-size=18> Faculty of Law Rijeka<\/p>\n<\/div>[vc_empty_space height=&#8221;6px&#8221;]<div class=\"mkd-icon-list-item\">\n\t<div class=\"mkd-icon-list-icon-holder\">\n        <div class=\"mkd-icon-list-icon-holder-inner clearfix\" data-icon-size=18>\n\t\t\t<span aria-hidden=\"true\" class=\"mkd-icon-font-elegant icon_check \" style=\"color:#c18f59;font-size:18px\" ><\/span>\t\t<\/div>\n\t<\/div>\n\t<p class=\"mkd-icon-list-text\" style=\"color:#6a6a6a;font-size:18px;text-transform:none;font-weight:400\" data-title-size=18> University of Erlangen \u2013 Germany<\/p>\n<\/div>[vc_empty_space height=&#8221;6px&#8221;]<div class=\"mkd-icon-list-item\">\n\t<div class=\"mkd-icon-list-icon-holder\">\n        <div class=\"mkd-icon-list-icon-holder-inner clearfix\" data-icon-size=18>\n\t\t\t<span aria-hidden=\"true\" class=\"mkd-icon-font-elegant icon_check \" style=\"color:#c18f59;font-size:18px\" ><\/span>\t\t<\/div>\n\t<\/div>\n\t<p class=\"mkd-icon-list-text\" style=\"color:#6a6a6a;font-size:18px;text-transform:none;font-weight:400\" data-title-size=18> Legum Magister \u2013 Banking Law<\/p>\n<\/div>[\/vc_column_inner][vc_column_inner width=&#8221;1\/2&#8243;]\n<h2 class=\"mkd-custom-font-holder\" style=\"font-size: 16px;line-height: 20px;font-weight: 900;color: #000000\" data-font-size= 16 data-line-height= 20>\n\tLanguages<\/h2>[vc_empty_space height=&#8221;20px&#8221;]<div class=\"mkd-icon-list-item\">\n\t<div class=\"mkd-icon-list-icon-holder\">\n        <div class=\"mkd-icon-list-icon-holder-inner clearfix\" data-icon-size=18>\n\t\t\t<span aria-hidden=\"true\" class=\"mkd-icon-font-elegant icon_check \" style=\"color:#c18f59;font-size:18px\" ><\/span>\t\t<\/div>\n\t<\/div>\n\t<p class=\"mkd-icon-list-text\" style=\"color:#6a6a6a;font-size:18px;text-transform:none;font-weight:400\" data-title-size=18> Croatian \u2013 Native language<\/p>\n<\/div>[vc_empty_space height=&#8221;6px&#8221;]<div class=\"mkd-icon-list-item\">\n\t<div class=\"mkd-icon-list-icon-holder\">\n        <div class=\"mkd-icon-list-icon-holder-inner clearfix\" data-icon-size=18>\n\t\t\t<span aria-hidden=\"true\" class=\"mkd-icon-font-elegant icon_check \" style=\"color:#c18f59;font-size:18px\" ><\/span>\t\t<\/div>\n\t<\/div>\n\t<p class=\"mkd-icon-list-text\" style=\"color:#6a6a6a;font-size:18px;text-transform:none;font-weight:400\" data-title-size=18> German \u2013 Official court interpreter<\/p>\n<\/div>[vc_empty_space height=&#8221;6px&#8221;]<div class=\"mkd-icon-list-item\">\n\t<div class=\"mkd-icon-list-icon-holder\">\n        <div class=\"mkd-icon-list-icon-holder-inner clearfix\" data-icon-size=18>\n\t\t\t<span aria-hidden=\"true\" class=\"mkd-icon-font-elegant icon_check \" style=\"color:#c18f59;font-size:18px\" ><\/span>\t\t<\/div>\n\t<\/div>\n\t<p class=\"mkd-icon-list-text\" style=\"color:#6a6a6a;font-size:18px;text-transform:none;font-weight:400\" data-title-size=18> English<\/p>\n<\/div>[\/vc_column_inner][\/vc_row_inner][vc_row_inner css=&#8221;.vc_custom_1447678838422{padding-top: 40px !important;padding-bottom: 10px !important;}&#8221;][vc_column_inner width=&#8221;1\/2&#8243;]\n<h2 class=\"mkd-custom-font-holder\" style=\"font-size: 16px;line-height: 20px;font-weight: 900;color: #000000\" data-font-size= 16 data-line-height= 20>\n\tFields of expertise<\/h2>[vc_empty_space height=&#8221;20px&#8221;]<div class=\"mkd-icon-list-item\">\n\t<div class=\"mkd-icon-list-icon-holder\">\n        <div class=\"mkd-icon-list-icon-holder-inner clearfix\" data-icon-size=18>\n\t\t\t<span aria-hidden=\"true\" class=\"mkd-icon-font-elegant icon_check \" style=\"color:#c18f59;font-size:18px\" ><\/span>\t\t<\/div>\n\t<\/div>\n\t<p class=\"mkd-icon-list-text\" style=\"color:#6a6a6a;font-size:18px;text-transform:none;font-weight:400\" data-title-size=18> Real estate law<\/p>\n<\/div>[vc_empty_space height=&#8221;6px&#8221;]<div class=\"mkd-icon-list-item\">\n\t<div class=\"mkd-icon-list-icon-holder\">\n        <div class=\"mkd-icon-list-icon-holder-inner clearfix\" data-icon-size=18>\n\t\t\t<span aria-hidden=\"true\" class=\"mkd-icon-font-elegant icon_check \" style=\"color:#c18f59;font-size:18px\" ><\/span>\t\t<\/div>\n\t<\/div>\n\t<p class=\"mkd-icon-list-text\" style=\"color:#6a6a6a;font-size:18px;text-transform:none;font-weight:400\" data-title-size=18> Commercial law, foreign investments<\/p>\n<\/div>[vc_empty_space height=&#8221;6px&#8221;]<div class=\"mkd-icon-list-item\">\n\t<div class=\"mkd-icon-list-icon-holder\">\n        <div class=\"mkd-icon-list-icon-holder-inner clearfix\" data-icon-size=18>\n\t\t\t<span aria-hidden=\"true\" class=\"mkd-icon-font-elegant icon_check \" style=\"color:#c18f59;font-size:18px\" ><\/span>\t\t<\/div>\n\t<\/div>\n\t<p class=\"mkd-icon-list-text\" style=\"color:#6a6a6a;font-size:18px;text-transform:none;font-weight:400\" data-title-size=18> Business Law<\/p>\n<\/div>[vc_empty_space height=&#8221;6px&#8221;]<div class=\"mkd-icon-list-item\">\n\t<div class=\"mkd-icon-list-icon-holder\">\n        <div class=\"mkd-icon-list-icon-holder-inner clearfix\" data-icon-size=18>\n\t\t\t<span aria-hidden=\"true\" class=\"mkd-icon-font-elegant icon_check \" style=\"color:#c18f59;font-size:18px\" ><\/span>\t\t<\/div>\n\t<\/div>\n\t<p class=\"mkd-icon-list-text\" style=\"color:#6a6a6a;font-size:18px;text-transform:none;font-weight:400\" data-title-size=18> Company law<\/p>\n<\/div>[vc_empty_space height=&#8221;6px&#8221;]<div class=\"mkd-icon-list-item\">\n\t<div class=\"mkd-icon-list-icon-holder\">\n        <div class=\"mkd-icon-list-icon-holder-inner clearfix\" data-icon-size=18>\n\t\t\t<span aria-hidden=\"true\" class=\"mkd-icon-font-elegant icon_check \" style=\"color:#c18f59;font-size:18px\" ><\/span>\t\t<\/div>\n\t<\/div>\n\t<p class=\"mkd-icon-list-text\" style=\"color:#6a6a6a;font-size:18px;text-transform:none;font-weight:400\" data-title-size=18> Contract law<\/p>\n<\/div>[vc_empty_space height=&#8221;6px&#8221;]<div class=\"mkd-icon-list-item\">\n\t<div class=\"mkd-icon-list-icon-holder\">\n        <div class=\"mkd-icon-list-icon-holder-inner clearfix\" data-icon-size=18>\n\t\t\t<span aria-hidden=\"true\" class=\"mkd-icon-font-elegant icon_check \" style=\"color:#c18f59;font-size:18px\" ><\/span>\t\t<\/div>\n\t<\/div>\n\t<p class=\"mkd-icon-list-text\" style=\"color:#6a6a6a;font-size:18px;text-transform:none;font-weight:400\" data-title-size=18> Tax law<\/p>\n<\/div>[vc_empty_space height=&#8221;6px&#8221;]<div class=\"mkd-icon-list-item\">\n\t<div class=\"mkd-icon-list-icon-holder\">\n        <div class=\"mkd-icon-list-icon-holder-inner clearfix\" data-icon-size=18>\n\t\t\t<span aria-hidden=\"true\" class=\"mkd-icon-font-elegant icon_check \" style=\"color:#c18f59;font-size:18px\" ><\/span>\t\t<\/div>\n\t<\/div>\n\t<p class=\"mkd-icon-list-text\" style=\"color:#6a6a6a;font-size:18px;text-transform:none;font-weight:400\" data-title-size=18> Property law<\/p>\n<\/div>[vc_empty_space height=&#8221;6px&#8221;]<div class=\"mkd-icon-list-item\">\n\t<div class=\"mkd-icon-list-icon-holder\">\n        <div class=\"mkd-icon-list-icon-holder-inner clearfix\" data-icon-size=18>\n\t\t\t<span aria-hidden=\"true\" class=\"mkd-icon-font-elegant icon_check \" style=\"color:#c18f59;font-size:18px\" ><\/span>\t\t<\/div>\n\t<\/div>\n\t<p class=\"mkd-icon-list-text\" style=\"color:#6a6a6a;font-size:18px;text-transform:none;font-weight:400\" data-title-size=18> Building law<\/p>\n<\/div>[vc_empty_space height=&#8221;6px&#8221;]<div class=\"mkd-icon-list-item\">\n\t<div class=\"mkd-icon-list-icon-holder\">\n        <div class=\"mkd-icon-list-icon-holder-inner clearfix\" data-icon-size=18>\n\t\t\t<span aria-hidden=\"true\" class=\"mkd-icon-font-elegant icon_check \" style=\"color:#c18f59;font-size:18px\" ><\/span>\t\t<\/div>\n\t<\/div>\n\t<p class=\"mkd-icon-list-text\" style=\"color:#6a6a6a;font-size:18px;text-transform:none;font-weight:400\" data-title-size=18> Banking law<\/p>\n<\/div>[vc_empty_space height=&#8221;6px&#8221;]<div class=\"mkd-icon-list-item\">\n\t<div class=\"mkd-icon-list-icon-holder\">\n        <div class=\"mkd-icon-list-icon-holder-inner clearfix\" data-icon-size=18>\n\t\t\t<span aria-hidden=\"true\" class=\"mkd-icon-font-elegant icon_check \" style=\"color:#c18f59;font-size:18px\" ><\/span>\t\t<\/div>\n\t<\/div>\n\t<p class=\"mkd-icon-list-text\" style=\"color:#6a6a6a;font-size:18px;text-transform:none;font-weight:400\" data-title-size=18> IT Law<\/p>\n<\/div>[vc_empty_space height=&#8221;40px&#8221;][\/vc_column_inner][vc_column_inner width=&#8221;1\/2&#8243;]\n<h2 class=\"mkd-custom-font-holder\" style=\"font-size: 16px;line-height: 20px;font-weight: 900;color: #000000\" data-font-size= 16 data-line-height= 20>\n\tMemberships<\/h2>[vc_empty_space height=&#8221;20px&#8221;]<div class=\"mkd-icon-list-item\">\n\t<div class=\"mkd-icon-list-icon-holder\">\n        <div class=\"mkd-icon-list-icon-holder-inner clearfix\" data-icon-size=18>\n\t\t\t<span aria-hidden=\"true\" class=\"mkd-icon-font-elegant icon_check \" style=\"color:#c18f59;font-size:18px\" ><\/span>\t\t<\/div>\n\t<\/div>\n\t<p class=\"mkd-icon-list-text\" style=\"color:#6a6a6a;font-size:18px;text-transform:none;font-weight:400\" data-title-size=18> Croatian Bar Association<\/p>\n<\/div>[vc_empty_space height=&#8221;6px&#8221;]<div class=\"mkd-icon-list-item\">\n\t<div class=\"mkd-icon-list-icon-holder\">\n        <div class=\"mkd-icon-list-icon-holder-inner clearfix\" data-icon-size=18>\n\t\t\t<span aria-hidden=\"true\" class=\"mkd-icon-font-elegant icon_check \" style=\"color:#c18f59;font-size:18px\" ><\/span>\t\t<\/div>\n\t<\/div>\n\t<p class=\"mkd-icon-list-text\" style=\"color:#6a6a6a;font-size:18px;text-transform:none;font-weight:400\" data-title-size=18> President of the German - Croatian Lawyers \u2019 Association<\/p>\n<\/div>[vc_empty_space height=&#8221;6px&#8221;]<div class=\"mkd-icon-list-item\">\n\t<div class=\"mkd-icon-list-icon-holder\">\n        <div class=\"mkd-icon-list-icon-holder-inner clearfix\" data-icon-size=18>\n\t\t\t<span aria-hidden=\"true\" class=\"mkd-icon-font-elegant icon_check \" style=\"color:#c18f59;font-size:18px\" ><\/span>\t\t<\/div>\n\t<\/div>\n\t<p class=\"mkd-icon-list-text\" style=\"color:#6a6a6a;font-size:18px;text-transform:none;font-weight:400\" data-title-size=18> German Federal Economic Chamber<\/p>\n<\/div>[vc_empty_space height=&#8221;6px&#8221;]<div class=\"mkd-icon-list-item\">\n\t<div class=\"mkd-icon-list-icon-holder\">\n        <div class=\"mkd-icon-list-icon-holder-inner clearfix\" data-icon-size=18>\n\t\t\t<span aria-hidden=\"true\" class=\"mkd-icon-font-elegant icon_check \" style=\"color:#c18f59;font-size:18px\" ><\/span>\t\t<\/div>\n\t<\/div>\n\t<p class=\"mkd-icon-list-text\" style=\"color:#6a6a6a;font-size:18px;text-transform:none;font-weight:400\" data-title-size=18> Rotary Club Sv. Vid Rijeka<\/p>\n<\/div>[vc_empty_space height=&#8221;6px&#8221;]<div class=\"mkd-icon-list-item\">\n\t<div class=\"mkd-icon-list-icon-holder\">\n        <div class=\"mkd-icon-list-icon-holder-inner clearfix\" data-icon-size=18>\n\t\t\t<span aria-hidden=\"true\" class=\"mkd-icon-font-elegant icon_check \" style=\"color:#c18f59;font-size:18px\" ><\/span>\t\t<\/div>\n\t<\/div>\n\t<p class=\"mkd-icon-list-text\" style=\"color:#6a6a6a;font-size:18px;text-transform:none;font-weight:400\" data-title-size=18> DAC - Deutsche Anwalts Cooperation e.V.<\/p>\n<\/div>[vc_empty_space height=&#8221;40px&#8221;][\/vc_column_inner][\/vc_row_inner]\n<h2 class=\"mkd-custom-font-holder\" style=\"font-size: 16px;line-height: 20px;font-weight: 900;color: #000000\" data-font-size= 16 data-line-height= 20>\n\tBiography<\/h2>[vc_empty_space height=&#8221;15px&#8221;][vc_column_text]Lawyer Savin Vai\u0107 was born on 31.10.1978. He graduated from the Faculty of Law in Rijeka in 2002 and has been registered with the Croatian Bar Association since January 2003. In September 2004, he completed his Master\u2019s degree at the Friedrich-Alexander University of Nuremberg-Erlangen with a Master\u2019s thesis on &#8220;Trust assets in Croatian lawa nd the functionally equivalent instruments in German law\u201d. In April 2005, he passed his second state examination and began working as a lawyer. In February 2006, he became a court interpreter for the German language at the District Court of Rijeka. In June 2009, he founded Law firm Vai\u0107, based in Rijeka. In 2010, the law firm expanded its activities to the island of Krk when lawyer Marija Dvorni\u010di\u0107 Vai\u0107 joined the firm.[\/vc_column_text][vc_empty_space height=&#8221;15px&#8221;]\n\n\t<div class=\"mkd-call-to-action with-icon\" style=\"background-color: #f2f2f2;border: 1px solid #d8d8d8;\">\n\n\t\t\t\t\t<div class=\"mkd-call-to-action-row-66-33 clearfix\" style=\"padding: 2%;\">\n\t\t\n\t\t\t\t<div class=\"mkd-text-wrapper mkd-call-to-action-column1 mkd-call-to-action-cell\">\n\n\t\t\t\t\t\t\t\t\t<div class=\"mkd-call-to-action-icon-holder\">\n\t\t\t\t\t\t<div class=\"mkd-call-to-action-icon\">\n\t\t\t\t\t\t\t<div class=\"mkd-call-to-action-icon-inner\">\n\t\t\t\t\t\t\t\t<i class=\"mkd-icon-simple-line-icon icon-globe \" style=\"font-size: 33px; ;color: #c18f59; \" ><\/i>\t\t\t\t\t\t\t<\/div>\n\t\t\t\t\t\t<\/div>\n\t\t\t\t\t<\/div>\n\t\t\t\t\n\t\t\t\t\t<div class=\"mkd-call-to-action-text\" >\n\t\t\t\t\t\t<h3><span style=\"color: #222222;\">Need help with any kind of legal issues? Contact us now.<\/span><\/h3>\n\t\t\t\t\t<\/div>\n\n\t\t\t\t<\/div>\n\n\t\t\t\t\n\t\t\t\t\t<div class=\"mkd-button-wrapper mkd-call-to-action-column2 mkd-call-to-action-cell\" style =\"text-align: right ;\">\n\n\t\t\t\t\t\t<a href=\"\/en\/contact\/\" target=\"_self\" style=\"background-color: #3e475d\" class=\"mkd-btn mkd-btn-medium mkd-btn-solid mkd-btn-icon\"  >    <span class=\"mkd-btn-text\"  >Contact us now<\/span><span class=\"mkd-btn-icon-holder\">            <span aria-hidden=\"true\" class=\"mkd-icon-font-elegant arrow_carrot-right mkd-btn-icon-elem\" ><\/span>            <span aria-hidden=\"true\" class=\"mkd-icon-font-elegant arrow_carrot-right mkd-btn-icon-elem\" ><\/span>        <\/span>    <\/a>\n\t\t\t\t\t<\/div>\n\n\t\t\t\t\n\t\t\t<\/div>\n\n\t\t\n\t<\/div>\n\n[vc_empty_space height=&#8221;70px&#8221;][\/vc_column][vc_column width=&#8221;1\/2&#8243; offset=&#8221;vc_col-lg-offset-0 vc_col-lg-3 vc_col-md-offset-3 vc_col-md-6 vc_col-sm-offset-3&#8243; css=&#8221;.vc_custom_1448019881202{padding-right: 0px !important;padding-left: 0px !important;}&#8221;][vc_row_inner][vc_column_inner]\n<div class=\"mkd-team linked more-info-shown\">\n\t<div class=\"mkd-team-inner\">\n\t\t\t\t\t<div class=\"mkd-team-image\">\n                <img loading=\"lazy\" decoding=\"async\" width=\"303\" height=\"303\" src=\"https:\/\/vaic.hr\/wp-content\/uploads\/2024\/11\/team_02.jpg\" class=\"attachment-full size-full\" alt=\"\" srcset=\"https:\/\/vaic.hr\/wp-content\/uploads\/2024\/11\/team_02.jpg 303w, https:\/\/vaic.hr\/wp-content\/uploads\/2024\/11\/team_02-300x300.jpg 300w, https:\/\/vaic.hr\/wp-content\/uploads\/2024\/11\/team_02-150x150.jpg 150w, https:\/\/vaic.hr\/wp-content\/uploads\/2024\/11\/team_02-100x100.jpg 100w\" sizes=\"auto, (max-width: 303px) 100vw, 303px\" \/>\t\t\t<\/div>\n\t\t\n\t\t\t\t<div class=\"mkd-team-info\">\n\t\t\t\t\t\t\t<div class=\"mkd-team-title-holder\">\n\t\t\t\t\t\t\t\t\t\t\t<h4 class=\"mkd-team-name\" >\n\t\t\t\t\t\t\tSavin Vai\u0107\t\t\t\t\t\t<\/h4>\n\t\t\t\t\t\t\t\t\t\t\t\t\t\t\t\t<h5 class=\"mkd-team-position\" style=\"color: #ffffff\">Partner \/ Lawyer<\/h5>\n\t\t\t\t\t\t\t\t\t<\/div>\n\t\t\t\t\t\t\t\t<div class=\"mkd-team-read-more\">\n\t\t\t\t\t\t\t\t<a href=\"https:\/\/vaic.hr\/our-team\/\">\n\t\t\t\t\t<span class=\"mkd-team-read-more-inner\">\n\t\t\t\t\t\t<span class=\"mkd-team-read-more-text\">See Success Rates<\/span>\n\t\t\t\t\t\t<span aria-hidden=\"true\" class=\"arrow_carrot-right_alt2 mkd-team-read-more-icon\"><\/span>\n\t\t\t\t\t<\/span>\n\t\t\t\t<\/a>\n\t\t\t\t\t\t\t<\/div>\n\t\t<\/div>\n\t<\/div>\n\t\t<div class=\"mkd-team-social-holder\">\n\t\t<div class=\"mkd-team-social\">\n\t\t\t<div class=\"mkd-team-social-inner\">\n\t\t\t\t<div class=\"mkd-team-social-wrapp clearfix\">\n\n\t\t\t\t\t\n\t\t\t\t<\/div>\n\t\t\t<\/div>\n\t\t<\/div>\n\t<\/div>\n\t<span class=\"mkd-team-triangle\"><\/span>\n<\/div>[\/vc_column_inner][\/vc_row_inner][vc_empty_space height=&#8221;70px&#8221;]<div class=\"mkd-elements-holder mkd-responsive-mode-768\" ><div class=\"mkd-elements-holder-item mkd-horizontal-alignment-center\" >\n\t<div class=\"mkd-elements-holder-item-inner\">\n\t\t<div class=\"mkd-elements-holder-item-content mkd-elements-holder-custom-366005\" style=\"padding: 0px 15px\">\n\t\t\t\t\t\t[vc_widget_sidebar sidebar_id=&#8221;team-member-sidebar&#8221;]\t\t<\/div>\n\t<\/div>\n<\/div><\/div>[vc_empty_space height=&#8221;70px&#8221;][\/vc_column][\/vc_row]<\/p>\n<\/div>","protected":false},"excerpt":{"rendered":"<p>[vc_row content_width=&#8221;grid&#8221; triangle_shape=&#8221;no&#8221; css=&#8221;.vc_custom_1447677425868{padding-top: 70px !important;}&#8221;][vc_column offset=&#8221;vc_col-lg-9 vc_col-md-12&#8243;][vc_row_inner css=&#8221;.vc_custom_1447678838422{padding-top: 40px !important;padding-bottom: 10px !important;}&#8221;][vc_column_inner width=&#8221;1\/2&#8243;][vc_empty_space height=&#8221;20px&#8221;][vc_empty_space height=&#8221;6px&#8221;][vc_empty_space height=&#8221;6px&#8221;][\/vc_column_inner][vc_column_inner width=&#8221;1\/2&#8243;][vc_empty_space height=&#8221;20px&#8221;][vc_empty_space height=&#8221;6px&#8221;][vc_empty_space height=&#8221;6px&#8221;][\/vc_column_inner][\/vc_row_inner][vc_row_inner css=&#8221;.vc_custom_1447678838422{padding-top: 40px !important;padding-bottom: 10px !important;}&#8221;][vc_column_inner width=&#8221;1\/2&#8243;][vc_empty_space height=&#8221;20px&#8221;][vc_empty_space height=&#8221;6px&#8221;][vc_empty_space height=&#8221;6px&#8221;][vc_empty_space height=&#8221;6px&#8221;][vc_empty_space height=&#8221;6px&#8221;][vc_empty_space height=&#8221;6px&#8221;][vc_empty_space height=&#8221;6px&#8221;][vc_empty_space height=&#8221;6px&#8221;][vc_empty_space height=&#8221;6px&#8221;][vc_empty_space height=&#8221;6px&#8221;][vc_empty_space height=&#8221;40px&#8221;][\/vc_column_inner][vc_column_inner width=&#8221;1\/2&#8243;][vc_empty_space height=&#8221;20px&#8221;][vc_empty_space height=&#8221;6px&#8221;][vc_empty_space height=&#8221;6px&#8221;][vc_empty_space height=&#8221;6px&#8221;][vc_empty_space height=&#8221;6px&#8221;][vc_empty_space height=&#8221;40px&#8221;][\/vc_column_inner][\/vc_row_inner][vc_empty_space height=&#8221;15px&#8221;][vc_column_text]Lawyer Savin Vai\u0107 was born on 31.10.1978. He graduated from the Faculty of Law in Rijeka in 2002 and has been registered with the Croatian Bar Association since January 2003. In September 2004, he completed his Master\u2019s degree at the Friedrich-Alexander University of Nuremberg-Erlangen with a Master\u2019s thesis on &#8220;Trust assets in Croatian lawa nd&#8230;<\/p>\n","protected":false},"author":1,"featured_media":0,"parent":0,"menu_order":0,"comment_status":"closed","ping_status":"closed","template":"full-width.php","meta":{"footnotes":""},"class_list":["post-748","page","type-page","status-publish","hentry"],"yoast_head":"<!-- This site is optimized with the Yoast SEO plugin v26.6 - https:\/\/yoast.com\/wordpress\/plugins\/seo\/ -->\n<title>Lawyer Savin Vai\u0107 | Attorney in Croatia<\/title>\n<meta name=\"description\" content=\"Lawyer Savin Vai\u0107 in Croatia. Your law firm for real estate law, commercial law, family law, inheritance law, and other areas of law.\" \/>\n<meta name=\"robots\" content=\"index, follow, max-snippet:-1, max-image-preview:large, max-video-preview:-1\" \/>\n<link rel=\"canonical\" href=\"https:\/\/vaic.hr\/en\/savin-vaic\/\" \/>\n<meta property=\"og:locale\" content=\"en_US\" \/>\n<meta property=\"og:type\" content=\"article\" \/>\n<meta property=\"og:title\" content=\"Lawyer Savin Vai\u0107 | Attorney in Croatia\" \/>\n<meta property=\"og:description\" content=\"Lawyer Savin Vai\u0107 in Croatia. Your law firm for real estate law, commercial law, family law, inheritance law, and other areas of law.\" \/>\n<meta property=\"og:url\" content=\"https:\/\/vaic.hr\/en\/savin-vaic\/\" \/>\n<meta property=\"og:site_name\" content=\"Law firm Vai\u0107 &amp; Dvorni\u010di\u0107 Ltd.\" \/>\n<meta property=\"article:modified_time\" content=\"2025-01-20T20:17:03+00:00\" \/>\n<meta name=\"twitter:card\" content=\"summary_large_image\" \/>\n<meta name=\"twitter:label1\" content=\"Est. reading time\" \/>\n\t<meta name=\"twitter:data1\" content=\"3 minutes\" \/>\n<script type=\"application\/ld+json\" class=\"yoast-schema-graph\">{\"@context\":\"https:\/\/schema.org\",\"@graph\":[{\"@type\":\"WebPage\",\"@id\":\"https:\/\/vaic.hr\/en\/savin-vaic\/\",\"url\":\"https:\/\/vaic.hr\/en\/savin-vaic\/\",\"name\":\"Lawyer Savin Vai\u0107 | Attorney in Croatia\",\"isPartOf\":{\"@id\":\"https:\/\/vaic.hr\/en\/#website\"},\"datePublished\":\"2015-11-16T12:31:25+00:00\",\"dateModified\":\"2025-01-20T20:17:03+00:00\",\"description\":\"Lawyer Savin Vai\u0107 in Croatia. Your law firm for real estate law, commercial law, family law, inheritance law, and other areas of law.\",\"breadcrumb\":{\"@id\":\"https:\/\/vaic.hr\/en\/savin-vaic\/#breadcrumb\"},\"inLanguage\":\"en-US\",\"potentialAction\":[{\"@type\":\"ReadAction\",\"target\":[\"https:\/\/vaic.hr\/en\/savin-vaic\/\"]}]},{\"@type\":\"BreadcrumbList\",\"@id\":\"https:\/\/vaic.hr\/en\/savin-vaic\/#breadcrumb\",\"itemListElement\":[{\"@type\":\"ListItem\",\"position\":1,\"name\":\"Po\u010detna stranica\",\"item\":\"https:\/\/vaic.hr\/en\/\"},{\"@type\":\"ListItem\",\"position\":2,\"name\":\"Savin Vai\u0107\"}]},{\"@type\":\"WebSite\",\"@id\":\"https:\/\/vaic.hr\/en\/#website\",\"url\":\"https:\/\/vaic.hr\/en\/\",\"name\":\"Law firm Vai\u0107 &amp; Dvorni\u010di\u0107 Ltd.\",\"description\":\"Pravno savjetovanje i zastupanje od 1938.g. u Republici Hrvatsko\",\"potentialAction\":[{\"@type\":\"SearchAction\",\"target\":{\"@type\":\"EntryPoint\",\"urlTemplate\":\"https:\/\/vaic.hr\/en\/?s={search_term_string}\"},\"query-input\":{\"@type\":\"PropertyValueSpecification\",\"valueRequired\":true,\"valueName\":\"search_term_string\"}}],\"inLanguage\":\"en-US\"}]}<\/script>\n<!-- \/ Yoast SEO plugin. -->","yoast_head_json":{"title":"Lawyer Savin Vai\u0107 | Attorney in Croatia","description":"Lawyer Savin Vai\u0107 in Croatia. Your law firm for real estate law, commercial law, family law, inheritance law, and other areas of law.","robots":{"index":"index","follow":"follow","max-snippet":"max-snippet:-1","max-image-preview":"max-image-preview:large","max-video-preview":"max-video-preview:-1"},"canonical":"https:\/\/vaic.hr\/en\/savin-vaic\/","og_locale":"en_US","og_type":"article","og_title":"Lawyer Savin Vai\u0107 | Attorney in Croatia","og_description":"Lawyer Savin Vai\u0107 in Croatia. Your law firm for real estate law, commercial law, family law, inheritance law, and other areas of law.","og_url":"https:\/\/vaic.hr\/en\/savin-vaic\/","og_site_name":"Law firm Vai\u0107 &amp; Dvorni\u010di\u0107 Ltd.","article_modified_time":"2025-01-20T20:17:03+00:00","twitter_card":"summary_large_image","twitter_misc":{"Est. reading time":"3 minutes"},"schema":{"@context":"https:\/\/schema.org","@graph":[{"@type":"WebPage","@id":"https:\/\/vaic.hr\/en\/savin-vaic\/","url":"https:\/\/vaic.hr\/en\/savin-vaic\/","name":"Lawyer Savin Vai\u0107 | Attorney in Croatia","isPartOf":{"@id":"https:\/\/vaic.hr\/en\/#website"},"datePublished":"2015-11-16T12:31:25+00:00","dateModified":"2025-01-20T20:17:03+00:00","description":"Lawyer Savin Vai\u0107 in Croatia. Your law firm for real estate law, commercial law, family law, inheritance law, and other areas of law.","breadcrumb":{"@id":"https:\/\/vaic.hr\/en\/savin-vaic\/#breadcrumb"},"inLanguage":"en-US","potentialAction":[{"@type":"ReadAction","target":["https:\/\/vaic.hr\/en\/savin-vaic\/"]}]},{"@type":"BreadcrumbList","@id":"https:\/\/vaic.hr\/en\/savin-vaic\/#breadcrumb","itemListElement":[{"@type":"ListItem","position":1,"name":"Po\u010detna stranica","item":"https:\/\/vaic.hr\/en\/"},{"@type":"ListItem","position":2,"name":"Savin Vai\u0107"}]},{"@type":"WebSite","@id":"https:\/\/vaic.hr\/en\/#website","url":"https:\/\/vaic.hr\/en\/","name":"Law firm Vai\u0107 &amp; Dvorni\u010di\u0107 Ltd.","description":"Pravno savjetovanje i zastupanje od 1938.g. u Republici Hrvatsko","potentialAction":[{"@type":"SearchAction","target":{"@type":"EntryPoint","urlTemplate":"https:\/\/vaic.hr\/en\/?s={search_term_string}"},"query-input":{"@type":"PropertyValueSpecification","valueRequired":true,"valueName":"search_term_string"}}],"inLanguage":"en-US"}]}},"_links":{"self":[{"href":"https:\/\/vaic.hr\/en\/wp-json\/wp\/v2\/pages\/748","targetHints":{"allow":["GET"]}}],"collection":[{"href":"https:\/\/vaic.hr\/en\/wp-json\/wp\/v2\/pages"}],"about":[{"href":"https:\/\/vaic.hr\/en\/wp-json\/wp\/v2\/types\/page"}],"author":[{"embeddable":true,"href":"https:\/\/vaic.hr\/en\/wp-json\/wp\/v2\/users\/1"}],"replies":[{"embeddable":true,"href":"https:\/\/vaic.hr\/en\/wp-json\/wp\/v2\/comments?post=748"}],"version-history":[{"count":31,"href":"https:\/\/vaic.hr\/en\/wp-json\/wp\/v2\/pages\/748\/revisions"}],"predecessor-version":[{"id":6419,"href":"https:\/\/vaic.hr\/en\/wp-json\/wp\/v2\/pages\/748\/revisions\/6419"}],"wp:attachment":[{"href":"https:\/\/vaic.hr\/en\/wp-json\/wp\/v2\/media?parent=748"}],"curies":[{"name":"wp","href":"https:\/\/api.w.org\/{rel}","templated":true}]}}